{"id":7019,"date":"2019-12-13T10:35:17","date_gmt":"2019-12-13T09:35:17","guid":{"rendered":"https:\/\/quantum.com.pl\/?post_type=product&#038;p=7019"},"modified":"2020-08-25T23:23:10","modified_gmt":"2020-08-25T21:23:10","slug":"pcom-ba01","status":"publish","type":"product","link":"https:\/\/quantum.com.pl\/pl\/product\/pcom-ba01\/","title":{"rendered":"PCOM-BA01"},"content":{"rendered":"<h4>Mini modu\u0142 COM Express Type 10 oparty na procesorze Intel Atom E3900 z obs\u0142ug\u0105 rozszerzonej temperatury<\/h4>\n<p><strong>Dane techniczne<\/strong><\/p>\n<ul>\n<li>Procesor Intel\u00ae Atom\u00ae z serii E3900, procesor Intel\u00ae Pentium\u00ae N4200, procesor Intel\u00ae Celeron\u00ae N3350 (wcze\u015bniej Apollo Lake)<\/li>\n<li>Obs\u0142uguje wbudowan\u0105 pami\u0119\u0107 LPDDR4-2400 MT \/ s do 8 GB<\/li>\n<li>Obs\u0142uga interfejs\u00f3w wy\u015bwietlania DDI, LVDS \/ eDP<\/li>\n<li>Obs\u0142uga 8x USB 2.0 lub 4x USB 2.0 + 3x USB 3.0, 2x SATA III i 4x PCIe 2.0 x1<\/li>\n<li>Obs\u0142uga szerokiego napi\u0119cia wej\u015bciowego od 4,5 V do 20 V<\/li>\n<li>Obs\u0142uguje szeroki zakres temperatur od -40 \u00b0 C do 85 \u00b0 C (za pomoc\u0105 SKU E39XX)<\/li>\n<\/ul>\n<p>Modu\u0142 Portwell PCOM-BA01 COM Express Type 10 Mini (84 mm x 55 mm) zosta\u0142 zaprojektowany z procesorami Intel\u00ae Atom\u00ae E3900, Intel\u00ae Pentium\u00ae N4200 lub Intel\u00ae Celeron\u00ae N3350, obs\u0142uguj\u0105cymi LPDDR4-2400 MT\/s w g\u00f3r\u0119 pami\u0119ci do 8 GB, DDI \/ LVDS \/ eDP, USB 3.0, Gigabit Ethernet, obs\u0142uga szerokiego napi\u0119cia wej\u015bciowego od 4,5 V do 20 V oraz rozszerzone wsparcie temperaturowe dla -40\u00b0C ~ 85\u00b0C (przez SKU E39XX).<\/p>\n\n<table id=\"tablepress-337\" class=\"tablepress tablepress-id-337\">\n<thead>\n<tr class=\"row-1\">\n\t<th class=\"column-1\"><strong>Specyfikacje<\/strong><\/th><td class=\"column-2\"><\/td>\n<\/tr>\n<\/thead>\n<tbody class=\"row-striping row-hover\">\n<tr class=\"row-2\">\n\t<td class=\"column-1\">Sie\u0107<\/td><td class=\"column-2\">1x RJ45<br \/>\n<\/td>\n<\/tr>\n<tr class=\"row-3\">\n\t<td class=\"column-1\">Rozszerzenie<\/td><td class=\"column-2\">1x SD Socket<br \/>\n<\/td>\n<\/tr>\n<tr class=\"row-4\">\n\t<td class=\"column-1\">Interfejs magistrali<\/td><td class=\"column-2\">2x I2C, 1x klawiatura, 1x magistrala CAN, 1x MIPI-CSI do kamery, 1x SPDIF, 1x RJ45, 3x UART<br \/>\n<\/td>\n<\/tr>\n<tr class=\"row-5\">\n\t<td class=\"column-1\">Interfejs szeregowy<\/td><td class=\"column-2\">1x miniPCIe<br \/>\n<\/td>\n<\/tr>\n<tr class=\"row-6\">\n\t<td class=\"column-1\">USB<\/td><td class=\"column-2\">2x USB2.0, 1x MINI USB OTG<br \/>\n<\/td>\n<\/tr>\n<tr class=\"row-7\">\n\t<td class=\"column-1\">Audio<\/td><td class=\"column-2\">Mic in, Line out<br \/>\n<\/td>\n<\/tr>\n<tr class=\"row-8\">\n\t<td class=\"column-1\">Wymagania mocy<\/td><td class=\"column-2\">12V DC<br \/>\n<\/td>\n<\/tr>\n<tr class=\"row-9\">\n\t<td class=\"column-1\">Wymiary<\/td><td class=\"column-2\">170x170 mm<br \/>\n<\/td>\n<\/tr>\n<\/tbody>\n<\/table>\n<!-- #tablepress-337 from cache -->\n","protected":false},"excerpt":{"rendered":"<p>Modu\u0142 Portwell PCOM-BA01 COM Express Type 10 Mini (84 mm x 55 mm) zosta\u0142 zaprojektowany z procesorami Intel\u00ae Atom\u00ae E3900, Intel\u00ae Pentium\u00ae N4200 lub Intel\u00ae Celeron\u00ae N3350, obs\u0142uguj\u0105cymi LPDDR4-2400 MT\/s w g\u00f3r\u0119 pami\u0119ci do 8 GB, DDI \/ LVDS \/ eDP, USB 3.0, Gigabit Ethernet, obs\u0142uga szerokiego napi\u0119cia wej\u015bciowego od 4,5 V do 20 V oraz rozszerzone wsparcie temperaturowe dla -40\u00b0C ~ 85\u00b0C (przez SKU E39XX).<\/p>\n","protected":false},"featured_media":11212,"template":"","meta":{"_acf_changed":false,"inline_featured_image":false,"_monsterinsights_skip_tracking":false,"_monsterinsights_sitenote_active":false,"_monsterinsights_sitenote_note":"","_monsterinsights_sitenote_category":0},"product_brand":[],"product_cat":[1042,973,1584,972],"product_tag":[],"class_list":{"0":"post-7019","1":"product","2":"type-product","3":"status-publish","4":"has-post-thumbnail","6":"product_cat-com-express-modul-etx-pl","7":"product_cat-komputer-typu-com","8":"product_cat-komputery-jednoplytkowe-sbc-2","9":"product_cat-portwell-pl","11":"first","12":"instock","13":"shipping-taxable","14":"product-type-simple"},"acf":[],"_links":{"self":[{"href":"https:\/\/quantum.com.pl\/pl\/wp-json\/wp\/v2\/product\/7019","targetHints":{"allow":["GET"]}}],"collection":[{"href":"https:\/\/quantum.com.pl\/pl\/wp-json\/wp\/v2\/product"}],"about":[{"href":"https:\/\/quantum.com.pl\/pl\/wp-json\/wp\/v2\/types\/product"}],"wp:featuredmedia":[{"embeddable":true,"href":"https:\/\/quantum.com.pl\/pl\/wp-json\/wp\/v2\/media\/11212"}],"wp:attachment":[{"href":"https:\/\/quantum.com.pl\/pl\/wp-json\/wp\/v2\/media?parent=7019"}],"wp:term":[{"taxonomy":"product_brand","embeddable":true,"href":"https:\/\/quantum.com.pl\/pl\/wp-json\/wp\/v2\/product_brand?post=7019"},{"taxonomy":"product_cat","embeddable":true,"href":"https:\/\/quantum.com.pl\/pl\/wp-json\/wp\/v2\/product_cat?post=7019"},{"taxonomy":"product_tag","embeddable":true,"href":"https:\/\/quantum.com.pl\/pl\/wp-json\/wp\/v2\/product_tag?post=7019"}],"curies":[{"name":"wp","href":"https:\/\/api.w.org\/{rel}","templated":true}]}}