{"id":7030,"date":"2019-12-13T10:59:47","date_gmt":"2019-12-13T09:59:47","guid":{"rendered":"https:\/\/quantum.com.pl\/?post_type=product&#038;p=7030"},"modified":"2020-11-20T12:51:12","modified_gmt":"2020-11-20T11:51:12","slug":"medm-mba0","status":"publish","type":"product","link":"https:\/\/quantum.com.pl\/pl\/product\/medm-mba0\/","title":{"rendered":"MEDM-MBA0"},"content":{"rendered":"<h4>P\u0142ytka modu\u0142owa SoC COM Express Mini Type 10 AMD G-Series<\/h4>\n<p><strong>Dane techniczne<\/strong><\/p>\n<ul>\n<li>COM Express typ 10, podstawowa forma<\/li>\n<li>Rozwi\u0105zanie SoC z wydajnym procesorem i zaawansowanymi funkcjami multimedialnymi oraz wy\u015bwietlaj\u0105cymi<\/li>\n<li>Karta graficzna AMD Radeon&#x2122; HD 10000<\/li>\n<li>LPDDR3 SDRAM 4 GB pami\u0119ci na p\u0142ycie<\/li>\n<li>1x Gen3 PCIe x8, 3x Gen2 PCIe x1<\/li>\n<li>Obs\u0142uguje potr\u00f3jny wy\u015bwietlacz<\/li>\n<\/ul>\n<p>MEDM-MBA0 firmy Portwell zosta\u0142 zaprojektowany z czterordzeniowym rozwi\u0105zaniem AMD SoC z serii G i obudow\u0105 COM Express Mini Type 10. Obudowa zosta\u0142a zaprojektowana specjalnie dla klient\u00f3w, kt\u00f3rzy potrzebuj\u0105 wysokiej wydajno\u015bci przetwarzania i grafiki przy niskim zu\u017cyciu energii w rozwi\u0105zaniu o d\u0142ugim okresie eksploatacji.<\/p>\n\n<table id=\"tablepress-339\" class=\"tablepress tablepress-id-339\">\n<thead>\n<tr class=\"row-1\">\n\t<th class=\"column-1\">CPU<\/th><th class=\"column-2\">Intel Atom\u00ae x5-E3930 Processor (2 x 1.30 GHz, 2 MB L2, 6.5 W)<br \/>\nIntel Atom\u00ae x5-E3940 Processor (4 x 1.60 GHz, 2 MB L2, 9.5 W)<br \/>\nIntel Atom\u00ae x7-E3950 Processor (4 x 1.60 GHz, 2 MB L2, 12 W)<br \/>\nIntel\u00ae Celeron\u00ae Processor N3350 (2 x 1.10 GHz, 2 MB L2, 6 W)<br \/>\nIntel\u00ae Pentium\u00ae Processor N4200 (4 x 1.10 GHz, 2 MB L2, 6 W)<\/th>\n<\/tr>\n<\/thead>\n<tbody class=\"row-striping row-hover\">\n<tr class=\"row-2\">\n\t<td class=\"column-1\">Format<\/td><td class=\"column-2\">3.5\"<\/td>\n<\/tr>\n<tr class=\"row-3\">\n\t<td class=\"column-1\">Chipset<\/td><td class=\"column-2\">SoC (System-On-Chip)<br \/>\n<\/td>\n<\/tr>\n<tr class=\"row-4\">\n\t<td class=\"column-1\">DRAM<\/td><td class=\"column-2\">1x Up to 8GB DDR3L 1333\/1600\/1866 MHz SO-DIMM<br \/>\n<\/td>\n<\/tr>\n<tr class=\"row-5\">\n\t<td class=\"column-1\">Graphic Controller<\/td><td class=\"column-2\">Intel\u00ae HD Graphics 500\/505<br \/>\n<\/td>\n<\/tr>\n<tr class=\"row-6\">\n\t<td class=\"column-1\">Display Interface<\/td><td class=\"column-2\">DP (4096x216), HDMI (3840 \u00d7 2160), dual channel 24-bit LVDS (1920x1200)<br \/>\n<\/td>\n<\/tr>\n<tr class=\"row-7\">\n\t<td class=\"column-1\">Storage<\/td><td class=\"column-2\">1x SATA III (6.0 Gb\/s), -<br \/>\n<\/td>\n<\/tr>\n<tr class=\"row-8\">\n\t<td class=\"column-1\">Network<\/td><td class=\"column-2\">2x Gigabit Ethernet Intel\u00ae i210 IT<br \/>\n<\/td>\n<\/tr>\n<tr class=\"row-9\">\n\t<td class=\"column-1\">Expansion<\/td><td class=\"column-2\">Full-Size mini PCIe (w\/USB, PCle x1)<br \/>\n<\/td>\n<\/tr>\n<tr class=\"row-10\">\n\t<td class=\"column-1\">Bus Interface<\/td><td class=\"column-2\">LPC, SPI, SMBus<br \/>\n<\/td>\n<\/tr>\n<tr class=\"row-11\">\n\t<td class=\"column-1\">Serial Interface<\/td><td class=\"column-2\">5x RS232, 1 x RS232\/422\/485<br \/>\n<\/td>\n<\/tr>\n<tr class=\"row-12\">\n\t<td class=\"column-1\">USB<\/td><td class=\"column-2\">2x USB 3.0 ports on rear I\/O, 4x USB 3.0 ports on board with pitch 3.0 header<br \/>\n<\/td>\n<\/tr>\n<tr class=\"row-13\">\n\t<td class=\"column-1\">Audio<\/td><td class=\"column-2\">Realtek ALC892 HDA codec<br \/>\n<\/td>\n<\/tr>\n<tr class=\"row-14\">\n\t<td class=\"column-1\">Security<\/td><td class=\"column-2\">optional TPM 2.0 onboard<br \/>\n<\/td>\n<\/tr>\n<tr class=\"row-15\">\n\t<td class=\"column-1\">Miscellaneous<\/td><td class=\"column-2\">GPIO 8bit,Watchdog Timer,HW monitoring temperature &amp; voltage<br \/>\n<\/td>\n<\/tr>\n<tr class=\"row-16\">\n\t<td class=\"column-1\">Firmware<\/td><td class=\"column-2\">AMI UEFI BIOS<br \/>\n<\/td>\n<\/tr>\n<tr class=\"row-17\">\n\t<td class=\"column-1\">Power Requirement<\/td><td class=\"column-2\">DC 12-24V input<br \/>\n<\/td>\n<\/tr>\n<tr class=\"row-18\">\n\t<td class=\"column-1\">Power from W<\/td><td class=\"column-2\">depends on used CPU<br \/>\n<\/td>\n<\/tr>\n<tr class=\"row-19\">\n\t<td class=\"column-1\">Operating Temperature<\/td><td class=\"column-2\">-40\u00b0C to +85\u00b0C<br \/>\n<\/td>\n<\/tr>\n<tr class=\"row-20\">\n\t<td class=\"column-1\">Storage Temperature<\/td><td class=\"column-2\">-40\u00b0C to +85\u00b0C<br \/>\n<\/td>\n<\/tr>\n<tr class=\"row-21\">\n\t<td class=\"column-1\">Dimensions<\/td><td class=\"column-2\">146x102 mm<br \/>\n<\/td>\n<\/tr>\n<\/tbody>\n<\/table>\n<!-- #tablepress-339 from cache -->\n","protected":false},"excerpt":{"rendered":"<p>MEDM-MBA0 firmy Portwell zosta\u0142 zaprojektowany z czterordzeniowym rozwi\u0105zaniem AMD SoC z serii G i obudow\u0105 COM Express Mini Type 10. Obudowa zosta\u0142a zaprojektowana specjalnie dla klient\u00f3w, kt\u00f3rzy potrzebuj\u0105 wysokiej wydajno\u015bci przetwarzania i grafiki przy niskim zu\u017cyciu energii w rozwi\u0105zaniu o d\u0142ugim okresie eksploatacji.<\/p>\n","protected":false},"featured_media":11176,"template":"","meta":{"_acf_changed":false,"inline_featured_image":false,"_monsterinsights_skip_tracking":false,"_monsterinsights_sitenote_active":false,"_monsterinsights_sitenote_note":"","_monsterinsights_sitenote_category":0},"product_brand":[],"product_cat":[1042,973,1584,972],"product_tag":[],"class_list":{"0":"post-7030","1":"product","2":"type-product","3":"status-publish","4":"has-post-thumbnail","6":"product_cat-com-express-modul-etx-pl","7":"product_cat-komputer-typu-com","8":"product_cat-komputery-jednoplytkowe-sbc-2","9":"product_cat-portwell-pl","11":"first","12":"instock","13":"shipping-taxable","14":"product-type-simple"},"acf":[],"_links":{"self":[{"href":"https:\/\/quantum.com.pl\/pl\/wp-json\/wp\/v2\/product\/7030","targetHints":{"allow":["GET"]}}],"collection":[{"href":"https:\/\/quantum.com.pl\/pl\/wp-json\/wp\/v2\/product"}],"about":[{"href":"https:\/\/quantum.com.pl\/pl\/wp-json\/wp\/v2\/types\/product"}],"wp:featuredmedia":[{"embeddable":true,"href":"https:\/\/quantum.com.pl\/pl\/wp-json\/wp\/v2\/media\/11176"}],"wp:attachment":[{"href":"https:\/\/quantum.com.pl\/pl\/wp-json\/wp\/v2\/media?parent=7030"}],"wp:term":[{"taxonomy":"product_brand","embeddable":true,"href":"https:\/\/quantum.com.pl\/pl\/wp-json\/wp\/v2\/product_brand?post=7030"},{"taxonomy":"product_cat","embeddable":true,"href":"https:\/\/quantum.com.pl\/pl\/wp-json\/wp\/v2\/product_cat?post=7030"},{"taxonomy":"product_tag","embeddable":true,"href":"https:\/\/quantum.com.pl\/pl\/wp-json\/wp\/v2\/product_tag?post=7030"}],"curies":[{"name":"wp","href":"https:\/\/api.w.org\/{rel}","templated":true}]}}