{"id":7042,"date":"2019-12-13T11:32:29","date_gmt":"2019-12-13T10:32:29","guid":{"rendered":"https:\/\/quantum.com.pl\/?post_type=product&#038;p=7042"},"modified":"2020-08-25T23:23:11","modified_gmt":"2020-08-25T21:23:11","slug":"pq7-c100arm","status":"publish","type":"product","link":"https:\/\/quantum.com.pl\/pl\/product\/pq7-c100arm\/","title":{"rendered":"PQ7-C100ARM"},"content":{"rendered":"<h4>P\u0142yta monta\u017cowa Qseven Mini-ITX 12V DC HDMI<\/h4>\n<p><strong>Dane techniczne<\/strong><\/p>\n<ul>\n<li>P\u0142yta no\u015bna Qseven akceptuje modu\u0142y Portwell Qseven PQ7-M640F<\/li>\n<li>Mini-ITX form factor<\/li>\n<li>Wbudowany obw\u00f3d DC do DC dla DC w aplikacji<\/li>\n<li>Obs\u0142uga Mini-PCI<\/li>\n<li>Dual GbE<\/li>\n<\/ul>\n<p>P\u0142yta no\u015bna Mini-ITX Qseven do modu\u0142u Qseven PQ7-M640F z podw\u00f3jnym GbE, HDMI \/ LVDS<\/p>\n\n<table id=\"tablepress-341\" class=\"tablepress tablepress-id-341\">\n<thead>\n<tr class=\"row-1\">\n\t<th class=\"column-1\">CPU<\/th><th class=\"column-2\">Intel Atom\u00ae x5-E3930 Processor (2 x 1.30 GHz, 2 MB L2, 6.5 W)<br \/>\nIntel Atom\u00ae x5-E3940 Processor (4 x 1.60 GHz, 2 MB L2, 9.5 W)<br \/>\nIntel Atom\u00ae x7-E3950 Processor (4 x 1.60 GHz, 2 MB L2, 12 W)<br \/>\nIntel\u00ae Celeron\u00ae Processor N3350 (2 x 1.10 GHz, 2 MB L2, 6 W)<br \/>\nIntel\u00ae Pentium\u00ae Processor N4200 (4 x 1.10 GHz, 2 MB L2, 6 W)<\/th>\n<\/tr>\n<\/thead>\n<tbody class=\"row-striping row-hover\">\n<tr class=\"row-2\">\n\t<td class=\"column-1\">USB<\/td><td class=\"column-2\">2x USB 3.0 ports on rear I\/O, 2x USB 2.0 ports on board with pitch 2.0 header<br \/>\n<\/td>\n<\/tr>\n<tr class=\"row-3\">\n\t<td class=\"column-1\">Audio<\/td><td class=\"column-2\">High Definition Audio integrated in Intel SoC. Supports Line-out on board pin header<br \/>\n<\/td>\n<\/tr>\n<tr class=\"row-4\">\n\t<td class=\"column-1\">Miscellaneous<\/td><td class=\"column-2\">Programmable watchdog timer, time out period from 1 sec to 255 secs. GPIO 8-bit configurable controlled by embedded controller<br \/>\n<\/td>\n<\/tr>\n<tr class=\"row-5\">\n\t<td class=\"column-1\">Firmware<\/td><td class=\"column-2\">AMI UEFI BIOS<br \/>\n<\/td>\n<\/tr>\n<tr class=\"row-6\">\n\t<td class=\"column-1\">OS Support<\/td><td class=\"column-2\">Windows 10 IOT Enterprise, Windows 10 IOT Core, Linux<br \/>\n<\/td>\n<\/tr>\n<tr class=\"row-7\">\n\t<td class=\"column-1\">Power Requirement<\/td><td class=\"column-2\">DC 12V input<br \/>\n<\/td>\n<\/tr>\n<tr class=\"row-8\">\n\t<td class=\"column-1\">Operating Temperature<\/td><td class=\"column-2\">0\u00b0C to +60\u00b0C<br \/>\n<\/td>\n<\/tr>\n<tr class=\"row-9\">\n\t<td class=\"column-1\">Storage Temperature<\/td><td class=\"column-2\">-40\u00b0C to +85\u00b0C<br \/>\n<\/td>\n<\/tr>\n<tr class=\"row-10\">\n\t<td class=\"column-1\">Serial Interface<\/td><td class=\"column-2\">Dual Intel\u00ae I211AT GbE controller, 1x RJ45 connectors on rear I\/O<br \/>\n<\/td>\n<\/tr>\n<tr class=\"row-11\">\n\t<td class=\"column-1\">Bus Interface<\/td><td class=\"column-2\">1x RS-232\/422\/485 with on board pin header, 1x RS-232 with on board pin header<br \/>\n<\/td>\n<\/tr>\n<tr class=\"row-12\">\n\t<td class=\"column-1\">Chipset<\/td><td class=\"column-2\">SoC (System-On-Chip)<br \/>\n<\/td>\n<\/tr>\n<tr class=\"row-13\">\n\t<td class=\"column-1\">DRAM<\/td><td class=\"column-2\">Up to 8GB DDR3L 1333\/1600\/1866 MH\/z SDRAM on one 204, pin SODIMM socket<br \/>\n<\/td>\n<\/tr>\n<tr class=\"row-14\">\n\t<td class=\"column-1\">Graphic Controller<\/td><td class=\"column-2\">Intel\u00ae Gen 9 Graphics supports DirectX 12, OpenGL 4.2 \/ OpenCL 2.0, Video decode HW acceleration support for H.264, H.265, MPEG2, VC-1\/WMV9, JPEG, VP8, and VP9<br \/>\n<\/td>\n<\/tr>\n<tr class=\"row-15\">\n\t<td class=\"column-1\">Display Interface<\/td><td class=\"column-2\">LVDS dual channel 24bit LVDS on board connector, up to 1920x1200; HDMI on board connector, resolution up to 3840 x2160<br \/>\n<\/td>\n<\/tr>\n<tr class=\"row-16\">\n\t<td class=\"column-1\">Storage<\/td><td class=\"column-2\">One SATA III port<br \/>\n<\/td>\n<\/tr>\n<tr class=\"row-17\">\n\t<td class=\"column-1\">Network<\/td><td class=\"column-2\">Single Intel\u00ae I211AT GbE controller 1x RJ45 connectors on rear I\/O<br \/>\n<\/td>\n<\/tr>\n<tr class=\"row-18\">\n\t<td class=\"column-1\">Expansion<\/td><td class=\"column-2\">One mini-PCIe socket (support mSATA)<br \/>\n<\/td>\n<\/tr>\n<tr class=\"row-19\">\n\t<td class=\"column-1\">Dimensions<\/td><td class=\"column-2\">100x72 mm<br \/>\n<\/td>\n<\/tr>\n<\/tbody>\n<\/table>\n<!-- #tablepress-341 from cache -->\n","protected":false},"excerpt":{"rendered":"<p>P\u0142yta no\u015bna Mini-ITX Qseven do modu\u0142u Qseven PQ7-M640F z podw\u00f3jnym GbE, HDMI \/ LVDS<\/p>\n","protected":false},"featured_media":11234,"template":"","meta":{"_acf_changed":false,"inline_featured_image":false,"_monsterinsights_skip_tracking":false,"_monsterinsights_sitenote_active":false,"_monsterinsights_sitenote_note":"","_monsterinsights_sitenote_category":0},"product_brand":[],"product_cat":[973,1584,972,1138],"product_tag":[],"class_list":{"0":"post-7042","1":"product","2":"type-product","3":"status-publish","4":"has-post-thumbnail","6":"product_cat-komputer-typu-com","7":"product_cat-komputery-jednoplytkowe-sbc-2","8":"product_cat-portwell-pl","9":"product_cat-qseven-pl","11":"first","12":"instock","13":"shipping-taxable","14":"product-type-simple"},"acf":[],"_links":{"self":[{"href":"https:\/\/quantum.com.pl\/pl\/wp-json\/wp\/v2\/product\/7042","targetHints":{"allow":["GET"]}}],"collection":[{"href":"https:\/\/quantum.com.pl\/pl\/wp-json\/wp\/v2\/product"}],"about":[{"href":"https:\/\/quantum.com.pl\/pl\/wp-json\/wp\/v2\/types\/product"}],"wp:featuredmedia":[{"embeddable":true,"href":"https:\/\/quantum.com.pl\/pl\/wp-json\/wp\/v2\/media\/11234"}],"wp:attachment":[{"href":"https:\/\/quantum.com.pl\/pl\/wp-json\/wp\/v2\/media?parent=7042"}],"wp:term":[{"taxonomy":"product_brand","embeddable":true,"href":"https:\/\/quantum.com.pl\/pl\/wp-json\/wp\/v2\/product_brand?post=7042"},{"taxonomy":"product_cat","embeddable":true,"href":"https:\/\/quantum.com.pl\/pl\/wp-json\/wp\/v2\/product_cat?post=7042"},{"taxonomy":"product_tag","embeddable":true,"href":"https:\/\/quantum.com.pl\/pl\/wp-json\/wp\/v2\/product_tag?post=7042"}],"curies":[{"name":"wp","href":"https:\/\/api.w.org\/{rel}","templated":true}]}}