{"id":7066,"date":"2019-12-19T18:06:32","date_gmt":"2019-12-19T17:06:32","guid":{"rendered":"https:\/\/quantum.com.pl\/?post_type=product&#038;p=7066"},"modified":"2020-11-20T09:33:51","modified_gmt":"2020-11-20T08:33:51","slug":"peb-2772vga","status":"publish","type":"product","link":"https:\/\/quantum.com.pl\/pl\/product\/peb-2772vga\/","title":{"rendered":"PEB-2772VGA"},"content":{"rendered":"<h4>3,5-calowa p\u0142yta typu &#8222;embedded&#8221;: procesor Intel Atom Cedar Trail D2550\/N2600\/N2800 i chipset NM10<\/h4>\n<p>&nbsp;<\/p>\n<p>3,5-calowa p\u0142yta systemowa typu &#8222;embedded&#8221; z procesorem Intel\u00ae Atom&#x2122; D2550\/ N2600\/ N2800 Cedar Trail i chipsetem Intel\u00ae NM10: do 4 GB pami\u0119ci SO-DIMM DDR3, HDMI\/LVDS\/VGA, Gigabit Ethernet i dwa porty SATA.<\/p>\n<h4>Cechy szczeg\u00f3lne:<\/h4>\n<ul>\n<li>Procesor Cedar Trail Intel\u00aeAtom&#x2122; D2550\/N2600\/N2800 i chipset NM10<\/li>\n<li>Jeden 200-pinowy modu\u0142 SO-DIMM obs\u0142uguje pami\u0119\u0107 SDRAM DDR3 800\/1066 o pojemno\u015bci do 4 GB<\/li>\n<li>Dwa porty SATA<\/li>\n<li>Gigabit Ethernet<\/li>\n<li>Wej\u015bcie 12V DC<\/li>\n<\/ul>\n<h4>Specyfikacja:<\/h4>\n\n<table id=\"tablepress-344\" class=\"tablepress tablepress-id-344\">\n<thead>\n<tr class=\"row-1\">\n\t<th class=\"column-1\">CPU<\/th><th class=\"column-2\">\tIntel\u00ae Core\u2122 i7-4770S Processor (4 x 3.10 GHz \/ 3.90 GHz, 8 MB SmartCache, 65 W)<br \/>\nIntel\u00ae Celeron\u00ae Processor G1820TE (2 x 2.20 GHz, 2 MB SmartCache, 35 W)<br \/>\nIntel\u00ae Core\u2122 i3-4360 Processor (2 x 3.70 GHz, 4 MB SmartCache, 54 W)<br \/>\nIntel\u00ae Core\u2122 i3-4350T Processor (2 x 3.10 GHz, 4 MB SmartCache, 35 W)<br \/>\nIntel\u00ae Core\u2122 i3-4340TE Processor (2 x 2.60 GHz, 4 MB SmartCache, 35 W)<br \/>\nIntel\u00ae Core\u2122 i3-4330TE Processor (2 x 2.40 GHz, 4 MB SmartCache, 35 W)<br \/>\nIntel\u00ae Core\u2122 i3-4330 Processor (2 x 3.50 GHz, 4 MB SmartCache, 54 W)<br \/>\nIntel\u00ae Core\u2122 i5-4590T Processor (4 x 2.00 GHz \/ 3.00 GHz, 6 MB SmartCache, 35 W)<br \/>\nIntel\u00ae Core\u2122 i5-4590S Processor (4 x 3.00 GHz \/ 3.70 GHz, 6 MB SmartCache, 65 W)<br \/>\nIntel\u00ae Core\u2122 i5-4570TE Processor (2 x 2.70 GHz \/ 3.30 GHz, 4 MB SmartCache, 35 W)<br \/>\nIntel\u00ae Core\u2122 i5-4570S Processor (4 x 2.90 GHz \/ 3.60 GHz, 6 MB SmartCache, 65 W)<br \/>\nIntel\u00ae Core\u2122 i7-4790S Processor (4 x 3.20 GHz \/ 4.00 GHz, 8 MB SmartCache, 65 W)<br \/>\nIntel\u00ae Core\u2122 i7-4770TE Processor (4 x 2.30 GHz \/ 3.30 GHz, 8 MB SmartCache, 45 W)<br \/>\nIntel\u00ae Celeron\u00ae Processor G1820 (2 x 2.70 GHz, 2 MB SmartCache, 53 W)<\/th>\n<\/tr>\n<\/thead>\n<tbody class=\"row-striping row-hover\">\n<tr class=\"row-2\">\n\t<td class=\"column-1\">Format<\/td><td class=\"column-2\">ATX<\/td>\n<\/tr>\n<tr class=\"row-3\">\n\t<td class=\"column-1\">Chipset<\/td><td class=\"column-2\">Intel\u00ae Q170 \/ C236 PCH<br \/>\n<\/td>\n<\/tr>\n<tr class=\"row-4\">\n\t<td class=\"column-1\">DRAM<\/td><td class=\"column-2\">Up to 64 GB 4x DDR4 2133\/1866 ECC\/ Non-ECC DIMM<br \/>\n<\/td>\n<\/tr>\n<tr class=\"row-5\">\n\t<td class=\"column-1\">Display Interface<\/td><td class=\"column-2\">VGA\/DVI-D\/HDMI support triple display<br \/>\n<\/td>\n<\/tr>\n<tr class=\"row-6\">\n\t<td class=\"column-1\">Storage<\/td><td class=\"column-2\">6x SATA III ports (Q170 PCH) 8x SATA III ports (C236 PCH)<br \/>\n<\/td>\n<\/tr>\n<tr class=\"row-7\">\n\t<td class=\"column-1\">Network<\/td><td class=\"column-2\">Intel\u00ae I219LM and Intel\u00ae I210AT Ethernet controller 2x RJ45 connectors on rear I\/O<br \/>\n<\/td>\n<\/tr>\n<tr class=\"row-8\">\n\t<td class=\"column-1\">Expansion<\/td><td class=\"column-2\">1x PCIe x16 Gen3, 2x PCIe x4 Gen3, 4x PCI<br \/>\n<\/td>\n<\/tr>\n<tr class=\"row-9\">\n\t<td class=\"column-1\">Bus Interface<\/td><td class=\"column-2\">4x PCI slots, 1x PCIe x16 slot, 2x PCIe x4 slot<br \/>\n<\/td>\n<\/tr>\n<tr class=\"row-10\">\n\t<td class=\"column-1\">Serial Interface<\/td><td class=\"column-2\">5x RS232, 1x RS232\/422\/485<br \/>\n<\/td>\n<\/tr>\n<tr class=\"row-11\">\n\t<td class=\"column-1\">USB<\/td><td class=\"column-2\">4x USB 3.0 ports on rear I\/O, 2x USB 3.0 ports on pin header, 8x USB 2.0 ports on pin header<br \/>\n<\/td>\n<\/tr>\n<tr class=\"row-12\">\n\t<td class=\"column-1\">Audio<\/td><td class=\"column-2\">Realtek ALC886 HDAcodec, Audio jack on rear I\/O with Line-out\/ Line-in\/ Mic-in<br \/>\n<\/td>\n<\/tr>\n<tr class=\"row-13\">\n\t<td class=\"column-1\">Miscellaneous<\/td><td class=\"column-2\">Option TPM module with LPC pin header, PS\/2 Keyboard &amp; Mouse Pin Header<br \/>\n<\/td>\n<\/tr>\n<tr class=\"row-14\">\n\t<td class=\"column-1\">Firmware<\/td><td class=\"column-2\">AMI UEFI BIOS (SPI ROM)<br \/>\n<\/td>\n<\/tr>\n<tr class=\"row-15\">\n\t<td class=\"column-1\">Power Requirement<\/td><td class=\"column-2\">24 Pin ATX power input<br \/>\n<\/td>\n<\/tr>\n<tr class=\"row-16\">\n\t<td class=\"column-1\">Operating Temperature<\/td><td class=\"column-2\">0\u00b0C~60\u00b0C<br \/>\n<\/td>\n<\/tr>\n<tr class=\"row-17\">\n\t<td class=\"column-1\">Storage Temperature<\/td><td class=\"column-2\">-20\u00b0C~80\u00b0C<br \/>\n<\/td>\n<\/tr>\n<tr class=\"row-18\">\n\t<td class=\"column-1\">Dimensions<\/td><td class=\"column-2\">304.8x243.8 mm<br \/>\n<\/td>\n<\/tr>\n<tr class=\"row-19\">\n\t<td class=\"column-1\">MTBF<\/td><td class=\"column-2\">Over 120,000 hours at 40\u00b0C<br \/>\n<\/td>\n<\/tr>\n<\/tbody>\n<\/table>\n\n<p>&nbsp;<\/p>\n","protected":false},"excerpt":{"rendered":"<p>3,5-calowa p\u0142yta systemowa typu &#8222;embedded&#8221; z procesorem Intel\u00ae Atom&#x2122; D2550\/ N2600\/ N2800 Cedar Trail i chipsetem Intel\u00ae NM10: do 4 GB pami\u0119ci SO-DIMM DDR3, HDMI\/LVDS\/VGA, Gigabit Ethernet i dwa porty SATA<\/p>\n","protected":false},"featured_media":11424,"template":"","meta":{"_acf_changed":false,"inline_featured_image":false,"_monsterinsights_skip_tracking":false,"_monsterinsights_sitenote_active":false,"_monsterinsights_sitenote_note":"","_monsterinsights_sitenote_category":0},"product_brand":[],"product_cat":[990,972,981],"product_tag":[],"class_list":{"0":"post-7066","1":"product","2":"type-product","3":"status-publish","4":"has-post-thumbnail","6":"product_cat-3-5-ecx-pico-itx-pl","7":"product_cat-portwell-pl","8":"product_cat-plyty-typu-embedded-pl","10":"first","11":"instock","12":"shipping-taxable","13":"product-type-simple"},"acf":[],"_links":{"self":[{"href":"https:\/\/quantum.com.pl\/pl\/wp-json\/wp\/v2\/product\/7066","targetHints":{"allow":["GET"]}}],"collection":[{"href":"https:\/\/quantum.com.pl\/pl\/wp-json\/wp\/v2\/product"}],"about":[{"href":"https:\/\/quantum.com.pl\/pl\/wp-json\/wp\/v2\/types\/product"}],"wp:featuredmedia":[{"embeddable":true,"href":"https:\/\/quantum.com.pl\/pl\/wp-json\/wp\/v2\/media\/11424"}],"wp:attachment":[{"href":"https:\/\/quantum.com.pl\/pl\/wp-json\/wp\/v2\/media?parent=7066"}],"wp:term":[{"taxonomy":"product_brand","embeddable":true,"href":"https:\/\/quantum.com.pl\/pl\/wp-json\/wp\/v2\/product_brand?post=7066"},{"taxonomy":"product_cat","embeddable":true,"href":"https:\/\/quantum.com.pl\/pl\/wp-json\/wp\/v2\/product_cat?post=7066"},{"taxonomy":"product_tag","embeddable":true,"href":"https:\/\/quantum.com.pl\/pl\/wp-json\/wp\/v2\/product_tag?post=7066"}],"curies":[{"name":"wp","href":"https:\/\/api.w.org\/{rel}","templated":true}]}}