{"id":7076,"date":"2019-12-19T19:16:11","date_gmt":"2019-12-19T18:16:11","guid":{"rendered":"https:\/\/quantum.com.pl\/?post_type=product&#038;p=7076"},"modified":"2020-05-20T20:54:26","modified_gmt":"2020-05-20T18:54:26","slug":"pico-6260","status":"publish","type":"product","link":"https:\/\/quantum.com.pl\/pl\/product\/pico-6260\/","title":{"rendered":"PICO-6260"},"content":{"rendered":"<h4>P\u0142yta g\u0142\u00f3wna Pico-ITX oparta na procesorze Intel Atom E3900<\/h4>\n<p>&nbsp;<\/p>\n<p>Portwell PICO-6260 to p\u0142yta systemowa Pico-ITX typu &#8222;fanless&#8221; o wielko\u015bci d\u0142oni (3,9&#8243; x 2,8&#8243;) oparta na rodzinie produkt\u00f3w Intel\u00ae Atom\u00ae E3900 i procesoraze Intel\u00ae Celeron\u00ae N3350 (wcze\u015bniej Apollo Lake).<\/p>\n<p>PICO-6260 obs\u0142uguje dwa porty USB 3.0, zapewniaj\u0105ce szybk\u0105 transmisj\u0119 danych przy niskim zu\u017cyciu energii, a tak\u017ce dwa porty COM, umo\u017cliwiaj\u0105ce szybk\u0105 i elastyczn\u0105 rozbudow\u0119 systemu. Ponadto jest wyposa\u017cona w kontroler Intel\u00ae I210IT Gigabit Ethernet zapewniaj\u0105cy dost\u0119p do Gigabit Ethernet LAN przez port RJ45.<\/p>\n<p>PICO-6260 firmy Portwell to idealny element konstrukcyjny dla klient\u00f3w, kt\u00f3rzy chc\u0105 projektowa\u0107 w\u0142asne unikalne i elastyczne systemy dla komputer\u00f3w PC, kiosk\u00f3w i aplikacji digital signage.<\/p>\n<h4>Cechy szczeg\u00f3lne:<\/h4>\n<ul>\n<li>Procesor Intel\u00ae Atom\u00ae z serii E3900 i procesor Intel\u00ae Celeron\u00ae N3350 (o nazwie kodowej Apollo Lake)<\/li>\n<li>Obs\u0142uga DDR3L 1866\/1600 SODIMM do 8 GB<\/li>\n<li>Obs\u0142uga HDMI, dwukana\u0142owy 24-bitowy LVDS<\/li>\n<li>Obs\u0142uga jednego gniazda Mini PCIe\/mSATA (gniazdo Mini PCIe), gniazdo M.2 Typ E.<\/li>\n<li>Obs\u0142uga dw\u00f3ch port\u00f3w COM (COM1 obs\u0142uguje RS-232\/422\/485, COM2 obs\u0142uguje RS-232)<\/li>\n<li>Wymiary: 100 x 72 mm; 3,9&#8243; x 2,8&#8243;; Wsp\u00f3\u0142czynnik kszta\u0142tu Pico-ITX<\/li>\n<\/ul>\n<h4>Specyfikacja:<\/h4>\n<p>\n<table id=\"tablepress-345\" class=\"tablepress tablepress-id-345\">\n<thead>\n<tr class=\"row-1\">\n\t<th class=\"column-1\"><strong>Specyfikacje<\/strong><\/th><td class=\"column-2\"><\/td>\n<\/tr>\n<\/thead>\n<tbody class=\"row-striping row-hover\">\n<tr class=\"row-2\">\n\t<td class=\"column-1\">Format<\/td><td class=\"column-2\">3.5\" ESB<br \/>\n<\/td>\n<\/tr>\n<tr class=\"row-3\">\n\t<td class=\"column-1\">Interfejs wy\u015bwietlacza<\/td><td class=\"column-2\">VGA<\/td>\n<\/tr>\n<tr class=\"row-4\">\n\t<td class=\"column-1\">Magazynowanie pami\u0119ci<\/td><td class=\"column-2\">Gniazdo karty SD, jeden mini-PCIe, dwa porty SATA<br \/>\n<\/td>\n<\/tr>\n<tr class=\"row-5\">\n\t<td class=\"column-1\">Sie\u0107<\/td><td class=\"column-2\">Port GbE<br \/>\n<\/td>\n<\/tr>\n<tr class=\"row-6\">\n\t<td class=\"column-1\">USB<\/td><td class=\"column-2\">Cztery tylne porty USB, trzy z\u0142\u0105cza USB<br \/>\n<\/td>\n<\/tr>\n<tr class=\"row-7\">\n\t<td class=\"column-1\">Audio<\/td><td class=\"column-2\">jeden MIC-IN, jeden LINE-OUT<br \/>\n<\/td>\n<\/tr>\n<tr class=\"row-8\">\n\t<td class=\"column-1\">Wymagania mocy<\/td><td class=\"column-2\">DC 12V<br \/>\n<\/td>\n<\/tr>\n<tr class=\"row-9\">\n\t<td class=\"column-1\">Temperatura operacyjna<\/td><td class=\"column-2\">-40\u00b0C ~ 85\u00b0C<br \/>\n<\/td>\n<\/tr>\n<tr class=\"row-10\">\n\t<td class=\"column-1\">Rozszerzona temperatura<\/td><td class=\"column-2\">-40\u00b0C ~ 85\u00b0C<br \/>\n<\/td>\n<\/tr>\n<tr class=\"row-11\">\n\t<td class=\"column-1\">Wymiary<\/td><td class=\"column-2\">146mm x 102mm<br \/>\n<\/td>\n<\/tr>\n<\/tbody>\n<\/table>\n<!-- #tablepress-345 from cache -->3<\/p>\n","protected":false},"excerpt":{"rendered":"<p>P\u0142yta g\u0142\u00f3wna Pico-ITX\u00a0 typu &#8222;embedded&#8221; oparta na rodzinie procesor\u00f3w Intel\u00ae Atom\u00ae E3900, z DDR3L SDRAM, Gigabit Ethernet, HDMI, LVDS, Mini PCIe i wej\u015bciem sta\u0142ym 12V<\/p>\n<p>&nbsp;<\/p>\n","protected":false},"featured_media":11428,"template":"","meta":{"_acf_changed":false,"inline_featured_image":false,"_monsterinsights_skip_tracking":false,"_monsterinsights_sitenote_active":false,"_monsterinsights_sitenote_note":"","_monsterinsights_sitenote_category":0},"product_brand":[],"product_cat":[990,972,981],"product_tag":[],"class_list":{"0":"post-7076","1":"product","2":"type-product","3":"status-publish","4":"has-post-thumbnail","6":"product_cat-3-5-ecx-pico-itx-pl","7":"product_cat-portwell-pl","8":"product_cat-plyty-typu-embedded-pl","10":"first","11":"instock","12":"shipping-taxable","13":"product-type-simple"},"acf":[],"_links":{"self":[{"href":"https:\/\/quantum.com.pl\/pl\/wp-json\/wp\/v2\/product\/7076","targetHints":{"allow":["GET"]}}],"collection":[{"href":"https:\/\/quantum.com.pl\/pl\/wp-json\/wp\/v2\/product"}],"about":[{"href":"https:\/\/quantum.com.pl\/pl\/wp-json\/wp\/v2\/types\/product"}],"wp:featuredmedia":[{"embeddable":true,"href":"https:\/\/quantum.com.pl\/pl\/wp-json\/wp\/v2\/media\/11428"}],"wp:attachment":[{"href":"https:\/\/quantum.com.pl\/pl\/wp-json\/wp\/v2\/media?parent=7076"}],"wp:term":[{"taxonomy":"product_brand","embeddable":true,"href":"https:\/\/quantum.com.pl\/pl\/wp-json\/wp\/v2\/product_brand?post=7076"},{"taxonomy":"product_cat","embeddable":true,"href":"https:\/\/quantum.com.pl\/pl\/wp-json\/wp\/v2\/product_cat?post=7076"},{"taxonomy":"product_tag","embeddable":true,"href":"https:\/\/quantum.com.pl\/pl\/wp-json\/wp\/v2\/product_tag?post=7076"}],"curies":[{"name":"wp","href":"https:\/\/api.w.org\/{rel}","templated":true}]}}