{"id":7087,"date":"2019-12-19T19:57:29","date_gmt":"2019-12-19T18:57:29","guid":{"rendered":"https:\/\/quantum.com.pl\/?post_type=product&#038;p=7087"},"modified":"2020-05-20T21:00:10","modified_gmt":"2020-05-20T19:00:10","slug":"ruby-d811-q370","status":"publish","type":"product","link":"https:\/\/quantum.com.pl\/pl\/product\/ruby-d811-q370\/","title":{"rendered":"RUBY-D811-Q370"},"content":{"rendered":"<p>RUBY-D811-Q370: wiod\u0105cy procesor Intel\u00ae Core\u00ae \u00f3smej\/dziewi\u0105tej generacji ATX z DDR4 Long-DIMM do 64G, VGA, podw\u00f3jnymi portami DP, dwoma portami LAN GbE i dziesi\u0119cioma portami COM.<\/p>\n<p>RUBY-D811 jest oparta na chipsecie Intel\u00ae Q370 i procesorach desktopowych, w tym Intel\u00ae \u00f3smej\/dziewi\u0105tej generacji Core&#x2122; i3\/i5\/i7 SKU. P\u0142yta ta obs\u0142uguje DDR4, PCIe 3.0 i SATAIII.<\/p>\n<p>Wymienione funkcje pomog\u0105 Ci zbudowa\u0107 system o wysokiej wydajno\u015bci i stabilno\u015bci.<\/p>\n<h4>Cechy szczeg\u00f3lne:<\/h4>\n<ul>\n<li>Procesory Intel\u00ae 8.\/9. generacji Core&#x2122; obs\u0142uguj\u0105 128 GB<\/li>\n<li>Obs\u0142uga podw\u00f3jnego Ethernetu, dziesi\u0119ciu port\u00f3w COM, sze\u015bciu port\u00f3w USB 3.0, sze\u015bciu port\u00f3w SATA III i audio<\/li>\n<li>Obs\u0142uga dw\u00f3ch z\u0142\u0105cz PCIe x16 (1x sygna\u0142 PCIe x8), trzy gniazda PCIe x4, dwa gniazda PCIex1, jeden zapas M.2 Typ E dla sieci bezprzewodowej, jeden zapas M.2 Typ M dla dysku SSD i jedno gniazdo mini-PCIe<\/li>\n<\/ul>\n<h4>Specyfikacja:<\/h4>\n\n<table id=\"tablepress-346\" class=\"tablepress tablepress-id-346\">\n<thead>\n<tr class=\"row-1\">\n\t<th class=\"column-1\"><strong>Specification<\/strong><\/th><td class=\"column-2\"><\/td>\n<\/tr>\n<\/thead>\n<tbody class=\"row-striping row-hover\">\n<tr class=\"row-2\">\n\t<td class=\"column-1\">Format<\/td><td class=\"column-2\">3.5\" ESB<br \/>\n<\/td>\n<\/tr>\n<tr class=\"row-3\">\n\t<td class=\"column-1\">Display Interface<\/td><td class=\"column-2\">VGA<\/td>\n<\/tr>\n<tr class=\"row-4\">\n\t<td class=\"column-1\">Storage<\/td><td class=\"column-2\">SD Card slot, one mini-PCIe, two SATA ports<br \/>\n<br \/>\n<\/td>\n<\/tr>\n<tr class=\"row-5\">\n\t<td class=\"column-1\">Network<\/td><td class=\"column-2\">GbE port<br \/>\n<\/td>\n<\/tr>\n<tr class=\"row-6\">\n\t<td class=\"column-1\">USB<\/td><td class=\"column-2\">Four rear USB ports, Three USB header<br \/>\n<br \/>\n<\/td>\n<\/tr>\n<tr class=\"row-7\">\n\t<td class=\"column-1\">Audio<\/td><td class=\"column-2\">one MIC-IN, one LINE-OUT<br \/>\n<br \/>\n<\/td>\n<\/tr>\n<tr class=\"row-8\">\n\t<td class=\"column-1\">Power Requirement<\/td><td class=\"column-2\">DC 12V<br \/>\n<\/td>\n<\/tr>\n<tr class=\"row-9\">\n\t<td class=\"column-1\">Operating Temperature<\/td><td class=\"column-2\">-40\u00b0C ~ 85\u00b0C<br \/>\n<\/td>\n<\/tr>\n<tr class=\"row-10\">\n\t<td class=\"column-1\">Extended Temperature<\/td><td class=\"column-2\">-40\u00b0C ~ 85\u00b0C<br \/>\n<\/td>\n<\/tr>\n<tr class=\"row-11\">\n\t<td class=\"column-1\">Dimensions<\/td><td class=\"column-2\">146mm x 102mm<br \/>\n<\/td>\n<\/tr>\n<\/tbody>\n<\/table>\n<!-- #tablepress-346 from cache -->\n<p>&nbsp;<\/p>\n","protected":false},"excerpt":{"rendered":"<p>Przemys\u0142owa p\u0142yta g\u0142\u00f3wna ATX: wiod\u0105cy procesor Intel\u00ae Core\u00ae \u00f3smej\/dziewi\u0105tej generacji ATX z DDR4 Long-DIMM do 64G, VGA, podw\u00f3jnymi portami DP, dwoma portami LAN GbE i dziesi\u0119cioma portami COM.<\/p>\n","protected":false},"featured_media":11448,"template":"","meta":{"_acf_changed":false,"inline_featured_image":false,"_monsterinsights_skip_tracking":false,"_monsterinsights_sitenote_active":false,"_monsterinsights_sitenote_note":"","_monsterinsights_sitenote_category":0},"product_brand":[],"product_cat":[998,972,997,981],"product_tag":[],"class_list":{"0":"post-7087","1":"product","2":"type-product","3":"status-publish","4":"has-post-thumbnail","6":"product_cat-atx-pl","7":"product_cat-portwell-pl","8":"product_cat-plyty-przemyslowe-atx-micro-atx-pl","9":"product_cat-plyty-typu-embedded-pl","11":"first","12":"instock","13":"shipping-taxable","14":"product-type-simple"},"acf":[],"_links":{"self":[{"href":"https:\/\/quantum.com.pl\/pl\/wp-json\/wp\/v2\/product\/7087","targetHints":{"allow":["GET"]}}],"collection":[{"href":"https:\/\/quantum.com.pl\/pl\/wp-json\/wp\/v2\/product"}],"about":[{"href":"https:\/\/quantum.com.pl\/pl\/wp-json\/wp\/v2\/types\/product"}],"wp:featuredmedia":[{"embeddable":true,"href":"https:\/\/quantum.com.pl\/pl\/wp-json\/wp\/v2\/media\/11448"}],"wp:attachment":[{"href":"https:\/\/quantum.com.pl\/pl\/wp-json\/wp\/v2\/media?parent=7087"}],"wp:term":[{"taxonomy":"product_brand","embeddable":true,"href":"https:\/\/quantum.com.pl\/pl\/wp-json\/wp\/v2\/product_brand?post=7087"},{"taxonomy":"product_cat","embeddable":true,"href":"https:\/\/quantum.com.pl\/pl\/wp-json\/wp\/v2\/product_cat?post=7087"},{"taxonomy":"product_tag","embeddable":true,"href":"https:\/\/quantum.com.pl\/pl\/wp-json\/wp\/v2\/product_tag?post=7087"}],"curies":[{"name":"wp","href":"https:\/\/api.w.org\/{rel}","templated":true}]}}