{"id":7097,"date":"2019-12-19T20:12:33","date_gmt":"2019-12-19T19:12:33","guid":{"rendered":"https:\/\/quantum.com.pl\/?post_type=product&#038;p=7097"},"modified":"2020-05-20T20:59:44","modified_gmt":"2020-05-20T18:59:44","slug":"ruby-d810-h110","status":"publish","type":"product","link":"https:\/\/quantum.com.pl\/pl\/product\/ruby-d810-h110\/","title":{"rendered":"RUBY-D810-H110"},"content":{"rendered":"<h4>Przemys\u0142owa p\u0142yta g\u0142\u00f3wna ATX oparta na procesorach Intel Core 7. i 6. generacji<\/h4>\n<p>&nbsp;<\/p>\n<p>Przemys\u0142owa p\u0142yta ATX RUBY-D810-H110 jest oparta na procesorach desktopowych Intel\u00ae Core&#x2122; 7. i 6. generacji (wcze\u015bniej Kaby Lake i Skylake) oraz chipsecie Intel\u00ae H110. Zbudowany z rozszerzeniami PCI i PCIe, Portwell RUBY-D810-H110 nadaje si\u0119 do zastosowa\u0144 medycznych, automatyki przemys\u0142owej i digital signage.<\/p>\n<h4>Cechy szczeg\u00f3lne:<\/h4>\n<ul>\n<li>Seria procesor\u00f3w Intel\u00ae Core&#x2122; 7. i 6. generacji (wcze\u015bniej Kaby Lake i Skylake)<\/li>\n<li>Dwa d\u0142ugie modu\u0142y DIMM obs\u0142uguj\u0105 pami\u0119\u0107 DDR4 non-ECC SDRAM o pojemno\u015bci do 32 GB<\/li>\n<li>Cztery USB 3.0, sze\u015b\u0107 USB 2.0, podw\u00f3jny Gigabit Ethernet, sze\u015b\u0107 port\u00f3w COM (1x RS232\/422\/485)<\/li>\n<li>Cztery porty SATA III<\/li>\n<li>Dwa PCIe x16, jeden PCIe x1, cztery PCI<\/li>\n<li>Triple Display: VGA \/ DVI-D \/ HDMI<\/li>\n<\/ul>\n<h4>Specyfikacja:<\/h4>\n\n<table id=\"tablepress-347\" class=\"tablepress tablepress-id-347\">\n<thead>\n<tr class=\"row-1\">\n\t<th class=\"column-1\"><strong>Specyfikacje<\/strong><\/th><td class=\"column-2\"><\/td>\n<\/tr>\n<\/thead>\n<tbody class=\"row-striping row-hover\">\n<tr class=\"row-2\">\n\t<td class=\"column-1\">Modu\u0142 Qseven<br \/>\n<\/td><td class=\"column-2\">Modu\u0142 Portwell Qseven\u00ae seria PQ7-M10X<br \/>\n<\/td>\n<\/tr>\n<tr class=\"row-3\">\n\t<td class=\"column-1\">Format<\/td><td class=\"column-2\">Mini-ITX<br \/>\n<\/td>\n<\/tr>\n<tr class=\"row-4\">\n\t<td class=\"column-1\">Typ<\/td><td class=\"column-2\">Carrier (p\u0142yta no\u015bna)<br \/>\n<\/td>\n<\/tr>\n<tr class=\"row-5\">\n\t<td class=\"column-1\">Interfejs wy\u015bwietlacza<\/td><td class=\"column-2\">- 1x port wy\u015bwietlacza<br \/>\n- 1x port HDMI<br \/>\n- 1x port VGA<br \/>\n- G\u0142owica LVDS do obs\u0142ugi eDP \/ LVDS<\/td>\n<\/tr>\n<tr class=\"row-6\">\n\t<td class=\"column-1\">Magazynowanie pami\u0119ci<\/td><td class=\"column-2\">2x SATA<br \/>\n<\/td>\n<\/tr>\n<tr class=\"row-7\">\n\t<td class=\"column-1\">Sie\u0107<\/td><td class=\"column-2\">1x Gigabit RJ45<br \/>\n<\/td>\n<\/tr>\n<tr class=\"row-8\">\n\t<td class=\"column-1\">Interfejs rozszerze\u0144<br \/>\n<\/td><td class=\"column-2\">- 2x porty COM (1x g\u0142owica RS-232\/422\/485, z 1x portem RS-232)<br \/>\n- 1x gniazdo PCIE x4<br \/>\n- G\u0142owica SMBus<br \/>\n- G\u0142owica I2C<br \/>\n- G\u0142owica LPC<br \/>\n- G\u0142owica SPI<br \/>\n- G\u0142owica TPM<\/td>\n<\/tr>\n<tr class=\"row-9\">\n\t<td class=\"column-1\">Port szeregowy<\/td><td class=\"column-2\">1x szeregowy RX \/ TX obs\u0142ugiwany z pok\u0142adowego EC (kontroler wbudowany)<br \/>\n<\/td>\n<\/tr>\n<tr class=\"row-10\">\n\t<td class=\"column-1\">USB<\/td><td class=\"column-2\">- 1x USB 3.0,<br \/>\n- 2x USB 2.0 (tylne I \/ O)<br \/>\n- 3x USB 2.0 (g\u0142owica)<\/td>\n<\/tr>\n<tr class=\"row-11\">\n\t<td class=\"column-1\">Audio<\/td><td class=\"column-2\">Line in, Line out<br \/>\n<\/td>\n<\/tr>\n<tr class=\"row-12\">\n\t<td class=\"column-1\">Wymagania mocy<\/td><td class=\"column-2\">- Wej\u015bcie 12VDC<br \/>\n- Obs\u0142uguje tryb AT \/ ATX, 20-stykowe z\u0142\u0105cze zasilania ATX<\/td>\n<\/tr>\n<tr class=\"row-13\">\n\t<td class=\"column-1\">Temperatura operacyjna<\/td><td class=\"column-2\">0\u00b0C do 60\u00b0C<br \/>\n<\/td>\n<\/tr>\n<tr class=\"row-14\">\n\t<td class=\"column-1\">Wymiary<\/td><td class=\"column-2\">170(L) x 170(W) mm; 6.69\"(L) x 6.69\" (W)<br \/>\n<\/td>\n<\/tr>\n<\/tbody>\n<\/table>\n<!-- #tablepress-347 from cache -->\n","protected":false},"excerpt":{"rendered":"<p>Przemys\u0142owa p\u0142yta g\u0142\u00f3wna ATX: procesory Intel\u00ae Core&#x2122; 7. i 6. generacji (wcze\u015bniej Kaby Lake i Skylake), chipset Intel\u00ae H110, DDR4 SDRAM, Triple Displays, dwa porty LAN GbE i sze\u015b\u0107 port\u00f3w COM<\/p>\n","protected":false},"featured_media":11446,"template":"","meta":{"_acf_changed":false,"inline_featured_image":false,"_monsterinsights_skip_tracking":false,"_monsterinsights_sitenote_active":false,"_monsterinsights_sitenote_note":"","_monsterinsights_sitenote_category":0},"product_brand":[],"product_cat":[998,972,997,981],"product_tag":[],"class_list":{"0":"post-7097","1":"product","2":"type-product","3":"status-publish","4":"has-post-thumbnail","6":"product_cat-atx-pl","7":"product_cat-portwell-pl","8":"product_cat-plyty-przemyslowe-atx-micro-atx-pl","9":"product_cat-plyty-typu-embedded-pl","11":"first","12":"instock","13":"shipping-taxable","14":"product-type-simple"},"acf":[],"_links":{"self":[{"href":"https:\/\/quantum.com.pl\/pl\/wp-json\/wp\/v2\/product\/7097","targetHints":{"allow":["GET"]}}],"collection":[{"href":"https:\/\/quantum.com.pl\/pl\/wp-json\/wp\/v2\/product"}],"about":[{"href":"https:\/\/quantum.com.pl\/pl\/wp-json\/wp\/v2\/types\/product"}],"wp:featuredmedia":[{"embeddable":true,"href":"https:\/\/quantum.com.pl\/pl\/wp-json\/wp\/v2\/media\/11446"}],"wp:attachment":[{"href":"https:\/\/quantum.com.pl\/pl\/wp-json\/wp\/v2\/media?parent=7097"}],"wp:term":[{"taxonomy":"product_brand","embeddable":true,"href":"https:\/\/quantum.com.pl\/pl\/wp-json\/wp\/v2\/product_brand?post=7097"},{"taxonomy":"product_cat","embeddable":true,"href":"https:\/\/quantum.com.pl\/pl\/wp-json\/wp\/v2\/product_cat?post=7097"},{"taxonomy":"product_tag","embeddable":true,"href":"https:\/\/quantum.com.pl\/pl\/wp-json\/wp\/v2\/product_tag?post=7097"}],"curies":[{"name":"wp","href":"https:\/\/api.w.org\/{rel}","templated":true}]}}