{"id":7107,"date":"2019-12-19T20:28:45","date_gmt":"2019-12-19T19:28:45","guid":{"rendered":"https:\/\/quantum.com.pl\/?post_type=product&#038;p=7107"},"modified":"2020-05-20T20:58:40","modified_gmt":"2020-05-20T18:58:40","slug":"ruby-d718vg2ar-kbl","status":"publish","type":"product","link":"https:\/\/quantum.com.pl\/pl\/product\/ruby-d718vg2ar-kbl\/","title":{"rendered":"RUBY-D718VG2AR-KBL"},"content":{"rendered":"<h4>Przemys\u0142owa p\u0142yta g\u0142\u00f3wna ATX oparta na procesorach Intel Core 7. generacji<\/h4>\n<p>&nbsp;<\/p>\n<p>RUBY-D718VG2AR-KBL jest oparta na procesorach Intel\u00ae Core&#x2122; 7. generacji (wcze\u015bniej Kaby Lake) i chipsecie Intel C236, Q170 lub H110. Zbudowana z rozszerzeniami PCI i PCIe, Portwell RUBY-D718VG2AR-KBL nadaje si\u0119 do zastosowa\u0144 medycznych, automatyki przemys\u0142owej oraz digital signge.<\/p>\n<p>Ponadto, rodzina produkt\u00f3w Intel\u00ae Core&#x2122; 7. generacji i procesory Intel\u00ae Xeon\u00ae E3-1275 v6 (wcze\u015bniej Kaby Lake) s\u0105 produkowane w oparciu o zoptymalizowan\u0105 technologi\u0119 14 nm firmy Intel. W po\u0142\u0105czeniu z chipsetem Intel\u00ae serii 100 lub Intel\u00ae C236, procesory te oferuj\u0105 jeszcze wi\u0119ksz\u0105 wydajno\u015b\u0107 CPU i grafiki w por\u00f3wnaniu do poprzedniej generacji.<\/p>\n<p>Procesory z serii S zapewniaj\u0105 wi\u0119ksz\u0105 elastyczno\u015b\u0107 produkcji i mo\u017cliwo\u015b\u0107 wyboru odpowiedniej wydajno\u015bci, funkcji i ceny do aplikacji IoT. Oferuj\u0105 one opcje maksymalnej mocy cieplnej (TDP) 65W i 35W, aby dopasowa\u0107 je do konkretnych konfiguracji projektu z wymaganiami dotycz\u0105cymi wydajno\u015bci i niskiego poboru mocy. Procesory te idealnie nadaj\u0105 si\u0119 do transakcyjnych terminali detalicznych, przemys\u0142owych komputer\u00f3w stacjonarnych i og\u00f3lnych warunk\u00f3w u\u017cytkowania. (\u0179r\u00f3d\u0142o: Intel\u00ae)<\/p>\n<h4>Cechy szczeg\u00f3lne:<\/h4>\n<ul>\n<li>Rodzina procesor\u00f3w Intel\u00ae Core&#x2122; 7. generacji (wcze\u015bniej Kaby Lake)<\/li>\n<li>Cztery d\u0142ugie modu\u0142y DIMM obs\u0142uguj\u0105 pami\u0119\u0107 DDR4 ECC\/Non-ECC SDRAM o pojemno\u015bci do 64 GB<\/li>\n<li>Jeden PCIe x16 (Gen. 3), dwa PCIe x4 (Gen. 3), cztery PCI<\/li>\n<li>Dual Gigabit Ethernet<\/li>\n<li>Triple Display: VGA\/DVI-D\/HDMI<\/li>\n<li>Sze\u015b\u0107 port\u00f3w SATA III<\/li>\n<\/ul>\n","protected":false},"excerpt":{"rendered":"<p>Przemys\u0142owa p\u0142yta g\u0142\u00f3wna ATX, oparta na procesorach Intel\u00ae Core&#x2122; 7. generacji (wcze\u015bniej Kaby Lake), z DDR4 SDRAM, funkcj\u0105 Triple Display, dwoma portami LAN GbE i sze\u015bcioma portami COM.<\/p>\n","protected":false},"featured_media":11442,"template":"","meta":{"_acf_changed":false,"inline_featured_image":false,"_monsterinsights_skip_tracking":false,"_monsterinsights_sitenote_active":false,"_monsterinsights_sitenote_note":"","_monsterinsights_sitenote_category":0},"product_brand":[],"product_cat":[998,972,997,981],"product_tag":[],"class_list":{"0":"post-7107","1":"product","2":"type-product","3":"status-publish","4":"has-post-thumbnail","6":"product_cat-atx-pl","7":"product_cat-portwell-pl","8":"product_cat-plyty-przemyslowe-atx-micro-atx-pl","9":"product_cat-plyty-typu-embedded-pl","11":"first","12":"instock","13":"shipping-taxable","14":"product-type-simple"},"acf":[],"_links":{"self":[{"href":"https:\/\/quantum.com.pl\/pl\/wp-json\/wp\/v2\/product\/7107","targetHints":{"allow":["GET"]}}],"collection":[{"href":"https:\/\/quantum.com.pl\/pl\/wp-json\/wp\/v2\/product"}],"about":[{"href":"https:\/\/quantum.com.pl\/pl\/wp-json\/wp\/v2\/types\/product"}],"wp:featuredmedia":[{"embeddable":true,"href":"https:\/\/quantum.com.pl\/pl\/wp-json\/wp\/v2\/media\/11442"}],"wp:attachment":[{"href":"https:\/\/quantum.com.pl\/pl\/wp-json\/wp\/v2\/media?parent=7107"}],"wp:term":[{"taxonomy":"product_brand","embeddable":true,"href":"https:\/\/quantum.com.pl\/pl\/wp-json\/wp\/v2\/product_brand?post=7107"},{"taxonomy":"product_cat","embeddable":true,"href":"https:\/\/quantum.com.pl\/pl\/wp-json\/wp\/v2\/product_cat?post=7107"},{"taxonomy":"product_tag","embeddable":true,"href":"https:\/\/quantum.com.pl\/pl\/wp-json\/wp\/v2\/product_tag?post=7107"}],"curies":[{"name":"wp","href":"https:\/\/api.w.org\/{rel}","templated":true}]}}