{"id":7126,"date":"2019-12-20T19:34:49","date_gmt":"2019-12-20T18:34:49","guid":{"rendered":"https:\/\/quantum.com.pl\/?post_type=product&#038;p=7126"},"modified":"2020-08-25T23:23:12","modified_gmt":"2020-08-25T21:23:12","slug":"pq7-c100xl","status":"publish","type":"product","link":"https:\/\/quantum.com.pl\/pl\/product\/pq7-c100xl\/","title":{"rendered":"PQ7-C100XL"},"content":{"rendered":"<h4>P\u0142yta no\u015bna Qseven do procesora Intel Menlow-XL ATOM Z520PT<\/h4>\n<p><strong>Dane techniczne<\/strong><\/p>\n<ul>\n<li>P\u0142yta no\u015bna Qseven akceptuje modu\u0142y Portwell Qseven<\/li>\n<li>Intel\u00ae Atom&#x2122; Z5XXPT i SCH US15WPTIntel\u00ae Atom&#x2122; Z5XXPT i SCH US15WPT<\/li>\n<li>Format 3,5&#8243; ESB dla aplikacji wbudowanych<\/li>\n<li>Wbudowany obw\u00f3d DC do DC dla DC w aplikacji<\/li>\n<li>Obs\u0142uga Mini-PCIe<\/li>\n<li>Obs\u0142uga boot z SD (SDIO 1.1)<\/li>\n<\/ul>\n<p>3.5&#8243; p\u0142yta no\u015bna wsp\u00f3\u0142czynnika kszta\u0142tu ESB dla modu\u0142u Qseven<\/p>\n\n<table id=\"tablepress-349\" class=\"tablepress tablepress-id-349\">\n<thead>\n<tr class=\"row-1\">\n\t<th class=\"column-1\"><strong>Specyfikacje<\/strong><\/th><td class=\"column-2\"><\/td>\n<\/tr>\n<\/thead>\n<tbody class=\"row-striping row-hover\">\n<tr class=\"row-2\">\n\t<td class=\"column-1\">Technologia<\/td><td class=\"column-2\">ARM<\/td>\n<\/tr>\n<tr class=\"row-3\">\n\t<td class=\"column-1\">Format<\/td><td class=\"column-2\">Qseven<br \/>\n<\/td>\n<\/tr>\n<tr class=\"row-4\">\n\t<td class=\"column-1\">Typ<\/td><td class=\"column-2\">modu\u0142<br \/>\n<\/td>\n<\/tr>\n<tr class=\"row-5\">\n\t<td class=\"column-1\">Chipset<\/td><td class=\"column-2\">SoC (System-On-Chip)<br \/>\n<\/td>\n<\/tr>\n<tr class=\"row-6\">\n\t<td class=\"column-1\">DRAM<\/td><td class=\"column-2\">DDR3 Do 2 GB na p\u0142ycie<br \/>\n<\/td>\n<\/tr>\n<tr class=\"row-7\">\n\t<td class=\"column-1\">Kontroler graficzny<\/td><td class=\"column-2\">zintegrowany<br \/>\n<\/td>\n<\/tr>\n<tr class=\"row-8\">\n\t<td class=\"column-1\">Magazynowanie pami\u0119ci<\/td><td class=\"column-2\">na p\u0142ycie - eMMC 5.0 flash do 64 GB,  gniazdo mSD<br \/>\n<\/td>\n<\/tr>\n<tr class=\"row-9\">\n\t<td class=\"column-1\">Sie\u0107<\/td><td class=\"column-2\">1x 10\/100\/1000 GbE<br \/>\n<\/td>\n<\/tr>\n<tr class=\"row-10\">\n\t<td class=\"column-1\">Interfejs magistrali<\/td><td class=\"column-2\">1x SDIO, 2x SPI, 2x I\u00b2C, 1x I\u00b2S, 1x HDA (share w\/I\u00b2S), 2x CANBus, 4x UART, 2x GPIO<br \/>\n<\/td>\n<\/tr>\n<tr class=\"row-11\">\n\t<td class=\"column-1\">Interfejs szeregowy<\/td><td class=\"column-2\">1x SATA 2.0 (3 Gb\/s); 1x PCIe x1 Gen2<br \/>\n<\/td>\n<\/tr>\n<tr class=\"row-12\">\n\t<td class=\"column-1\">USB<\/td><td class=\"column-2\">5x USB2.0 HOST, 1x USB2.0 OTG<br \/>\n<\/td>\n<\/tr>\n<tr class=\"row-13\">\n\t<td class=\"column-1\">Oprogramowanie uk\u0142adowe<\/td><td class=\"column-2\">Kernel 3.14.28_Uboot 2014.04<br \/>\n<\/td>\n<\/tr>\n<tr class=\"row-14\">\n\t<td class=\"column-1\">Wsparcie systemu operacyjnego<br \/>\n<\/td><td class=\"column-2\">Linux, Yocto 1.7<br \/>\n<\/td>\n<\/tr>\n<tr class=\"row-15\">\n\t<td class=\"column-1\">Wymagania mocy<\/td><td class=\"column-2\">5V DC \u00b15%<br \/>\n<\/td>\n<\/tr>\n<tr class=\"row-16\">\n\t<td class=\"column-1\">Temperatura operacyjna<\/td><td class=\"column-2\">0\u00b0C do +60\u00b0C<br \/>\n<\/td>\n<\/tr>\n<tr class=\"row-17\">\n\t<td class=\"column-1\">Rozszerzona temperatura<\/td><td class=\"column-2\">-40\u00b0C do +85\u00b0C<br \/>\n<\/td>\n<\/tr>\n<tr class=\"row-18\">\n\t<td class=\"column-1\">Wymiary<\/td><td class=\"column-2\">70x70 mm<br \/>\n<\/td>\n<\/tr>\n<\/tbody>\n<\/table>\n<!-- #tablepress-349 from cache -->\n","protected":false},"excerpt":{"rendered":"<p>3.5&#8243; p\u0142yta no\u015bna wsp\u00f3\u0142czynnika kszta\u0142tu ESB dla modu\u0142u Qseven<\/p>\n","protected":false},"featured_media":11236,"template":"","meta":{"_acf_changed":false,"inline_featured_image":false,"_monsterinsights_skip_tracking":false,"_monsterinsights_sitenote_active":false,"_monsterinsights_sitenote_note":"","_monsterinsights_sitenote_category":0},"product_brand":[],"product_cat":[973,1584,972,1138],"product_tag":[],"class_list":{"0":"post-7126","1":"product","2":"type-product","3":"status-publish","4":"has-post-thumbnail","6":"product_cat-komputer-typu-com","7":"product_cat-komputery-jednoplytkowe-sbc-2","8":"product_cat-portwell-pl","9":"product_cat-qseven-pl","11":"first","12":"instock","13":"shipping-taxable","14":"product-type-simple"},"acf":[],"_links":{"self":[{"href":"https:\/\/quantum.com.pl\/pl\/wp-json\/wp\/v2\/product\/7126","targetHints":{"allow":["GET"]}}],"collection":[{"href":"https:\/\/quantum.com.pl\/pl\/wp-json\/wp\/v2\/product"}],"about":[{"href":"https:\/\/quantum.com.pl\/pl\/wp-json\/wp\/v2\/types\/product"}],"wp:featuredmedia":[{"embeddable":true,"href":"https:\/\/quantum.com.pl\/pl\/wp-json\/wp\/v2\/media\/11236"}],"wp:attachment":[{"href":"https:\/\/quantum.com.pl\/pl\/wp-json\/wp\/v2\/media?parent=7126"}],"wp:term":[{"taxonomy":"product_brand","embeddable":true,"href":"https:\/\/quantum.com.pl\/pl\/wp-json\/wp\/v2\/product_brand?post=7126"},{"taxonomy":"product_cat","embeddable":true,"href":"https:\/\/quantum.com.pl\/pl\/wp-json\/wp\/v2\/product_cat?post=7126"},{"taxonomy":"product_tag","embeddable":true,"href":"https:\/\/quantum.com.pl\/pl\/wp-json\/wp\/v2\/product_tag?post=7126"}],"curies":[{"name":"wp","href":"https:\/\/api.w.org\/{rel}","templated":true}]}}