{"id":7137,"date":"2019-12-20T19:45:41","date_gmt":"2019-12-20T18:45:41","guid":{"rendered":"https:\/\/quantum.com.pl\/?post_type=product&#038;p=7137"},"modified":"2020-08-25T23:23:12","modified_gmt":"2020-08-25T21:23:12","slug":"pq7-c200","status":"publish","type":"product","link":"https:\/\/quantum.com.pl\/pl\/product\/pq7-c200\/","title":{"rendered":"PQ7-C200"},"content":{"rendered":"<h4>Qseven P\u0142yta no\u015bna Mini-ITX<\/h4>\n<p><strong>Dane techniczne<\/strong><\/p>\n<ul>\n<li>P\u0142yta no\u015bna Qseven akceptuje modu\u0142y Portwell Qseven<\/li>\n<li>Intel\u00aeAtom&#x2122; Z5XX i SCH US15W<\/li>\n<li>Format Mini-ITX dla aplikacji wbudowanych<\/li>\n<li>Porty Gigabit Ethernet z podw\u00f3jnym interfejsem PCI<\/li>\n<li>Jeden kana\u0142 IDE i dwa porty SATA150<\/li>\n<li>Jedno gniazdo rozszerze\u0144 PCI i PCI-E x1 za po\u015brednictwem karty rozszerze\u0144<\/li>\n<\/ul>\n<p>P\u0142yta no\u015bna formatu Mini-ITX do modu\u0142u Qseven z podw\u00f3jnymi wy\u015bwietlaczami i 2 GbE<\/p>\n","protected":false},"excerpt":{"rendered":"<p>P\u0142yta no\u015bna formatu Mini-ITX do modu\u0142u Qseven z podw\u00f3jnymi wy\u015bwietlaczami i 2 GbE<\/p>\n","protected":false},"featured_media":11238,"template":"","meta":{"_acf_changed":false,"inline_featured_image":false,"_monsterinsights_skip_tracking":false,"_monsterinsights_sitenote_active":false,"_monsterinsights_sitenote_note":"","_monsterinsights_sitenote_category":0},"product_brand":[],"product_cat":[973,1584,972,1138],"product_tag":[],"class_list":{"0":"post-7137","1":"product","2":"type-product","3":"status-publish","4":"has-post-thumbnail","6":"product_cat-komputer-typu-com","7":"product_cat-komputery-jednoplytkowe-sbc-2","8":"product_cat-portwell-pl","9":"product_cat-qseven-pl","11":"first","12":"instock","13":"shipping-taxable","14":"product-type-simple"},"acf":[],"_links":{"self":[{"href":"https:\/\/quantum.com.pl\/pl\/wp-json\/wp\/v2\/product\/7137","targetHints":{"allow":["GET"]}}],"collection":[{"href":"https:\/\/quantum.com.pl\/pl\/wp-json\/wp\/v2\/product"}],"about":[{"href":"https:\/\/quantum.com.pl\/pl\/wp-json\/wp\/v2\/types\/product"}],"wp:featuredmedia":[{"embeddable":true,"href":"https:\/\/quantum.com.pl\/pl\/wp-json\/wp\/v2\/media\/11238"}],"wp:attachment":[{"href":"https:\/\/quantum.com.pl\/pl\/wp-json\/wp\/v2\/media?parent=7137"}],"wp:term":[{"taxonomy":"product_brand","embeddable":true,"href":"https:\/\/quantum.com.pl\/pl\/wp-json\/wp\/v2\/product_brand?post=7137"},{"taxonomy":"product_cat","embeddable":true,"href":"https:\/\/quantum.com.pl\/pl\/wp-json\/wp\/v2\/product_cat?post=7137"},{"taxonomy":"product_tag","embeddable":true,"href":"https:\/\/quantum.com.pl\/pl\/wp-json\/wp\/v2\/product_tag?post=7137"}],"curies":[{"name":"wp","href":"https:\/\/api.w.org\/{rel}","templated":true}]}}