{"id":7144,"date":"2019-12-20T20:08:54","date_gmt":"2019-12-20T19:08:54","guid":{"rendered":"https:\/\/quantum.com.pl\/?post_type=product&#038;p=7144"},"modified":"2020-08-25T23:23:12","modified_gmt":"2020-08-25T21:23:12","slug":"pq7-c201","status":"publish","type":"product","link":"https:\/\/quantum.com.pl\/pl\/product\/pq7-c201\/","title":{"rendered":"PQ7-C201"},"content":{"rendered":"<h4>P\u0142yta no\u015bna formatu Mini-ITX do modu\u0142u Qseven z funkcj\u0105 wielu wy\u015bwietlaczy i 1 GbE<\/h4>\n<p><strong>Dane techniczne<\/strong><\/p>\n<ul>\n<li>P\u0142yta no\u015bna Qseven\u00ae 2.0 kompatybilna z modu\u0142ami Portwell Qseven\u00ae<\/li>\n<li>Format Mini-ITX dla aplikacji wbudowanych<\/li>\n<li>1x port Gigabit Ethernet<\/li>\n<li>2x porty SATA i 1x gniazdo SD<\/li>\n<li>1x gniazdo rozszerze\u0144 PCIe x4<\/li>\n<li>Obs\u0142uga DP, HDMI, VGA i LVDS<\/li>\n<\/ul>\n<p>P\u0142yta no\u015bna formatu Mini-ITX do modu\u0142u Qseven z funkcj\u0105 wielu wy\u015bwietlaczy i 1 GbE<\/p>\n\n<table id=\"tablepress-351\" class=\"tablepress tablepress-id-351\">\n<thead>\n<tr class=\"row-1\">\n\t<th class=\"column-1\"><strong>Specyfikacje<\/strong><\/th><td class=\"column-2\"><\/td>\n<\/tr>\n<\/thead>\n<tbody class=\"row-striping row-hover\">\n<tr class=\"row-2\">\n\t<td class=\"column-1\">Procesor<\/td><td class=\"column-2\">Procesor Intel\u00ae Pentium\u00ae N3700 (4 x 1,60 GHz, 2 MB L2, 6 W)<br \/>\nProcesor Intel\u00ae Celeron\u00ae N3150 (4 x 1,60 GHz, 2 MB L2, 6 W)<br \/>\nProcesor Intel\u00ae Celeron\u00ae N3050 (2 x 1,60 GHz, 2 MB L2, 6 W)<br \/>\nProcesor Intel\u00ae Celeron\u00ae N3000 (2 x 1,04 GHz, 2 MB L2, 4 W)<\/td>\n<\/tr>\n<tr class=\"row-3\">\n\t<td class=\"column-1\">Format<\/td><td class=\"column-2\">Qseven<br \/>\n<\/td>\n<\/tr>\n<tr class=\"row-4\">\n\t<td class=\"column-1\">Chipset<\/td><td class=\"column-2\">SoC (System-On-Chip)<br \/>\n<\/td>\n<\/tr>\n<tr class=\"row-5\">\n\t<td class=\"column-1\">DRAM<\/td><td class=\"column-2\">Do 4 GB DDR3L-1600 wbudowane na p\u0142ycie<\/td>\n<\/tr>\n<tr class=\"row-6\">\n\t<td class=\"column-1\">Kontroler graficzny<\/td><td class=\"column-2\">Intel\u00ae HD Graphics Gen8<br \/>\n<\/td>\n<\/tr>\n<tr class=\"row-7\">\n\t<td class=\"column-1\">Interfejs wy\u015bwietlacza<\/td><td class=\"column-2\">2x (obs\u0142uga DP lub HDMI), mapowany przez DDI, VGA, dwukana\u0142owy 24-bitowy LVDS (eDP na LVDS)<br \/>\n<\/td>\n<\/tr>\n<tr class=\"row-8\">\n\t<td class=\"column-1\">Magazynowanie pami\u0119ci<\/td><td class=\"column-2\">1x SDIO, 2x SATA II (3.0 Gbit\/s)<br \/>\n<\/td>\n<\/tr>\n<tr class=\"row-9\">\n\t<td class=\"column-1\">Sie\u0107<\/td><td class=\"column-2\">1x Gigabit Ethernet Intel\u00ae I210IT<br \/>\n<\/td>\n<\/tr>\n<tr class=\"row-10\">\n\t<td class=\"column-1\">Interfejs magistrali<\/td><td class=\"column-2\">3x PCIe x 1 (opcja do 4)<br \/>\n<\/td>\n<\/tr>\n<tr class=\"row-11\">\n\t<td class=\"column-1\">Interfejs szeregowy<\/td><td class=\"column-2\">1x sygna\u0142y Tx \/ Rx \/ CTS # \/ RTS # (Qseven R2.0)<br \/>\n<\/td>\n<\/tr>\n<tr class=\"row-12\">\n\t<td class=\"column-1\">USB<\/td><td class=\"column-2\">4x USB 2.0, do 1x USB 3.0<br \/>\n<\/td>\n<\/tr>\n<tr class=\"row-13\">\n\t<td class=\"column-1\">Audio<\/td><td class=\"column-2\">1x Intel\u00ae High Definition Audio, 51 Audio codec<br \/>\n<\/td>\n<\/tr>\n<tr class=\"row-14\">\n\t<td class=\"column-1\">R\u00f3\u017cne<\/td><td class=\"column-2\">Timer nadzoruj\u0105cy, procesor monitoruj\u0105cy CW, temperatura systemu, wentylator<br \/>\n<\/td>\n<\/tr>\n<tr class=\"row-15\">\n\t<td class=\"column-1\">Oprogramowanie uk\u0142adowe<\/td><td class=\"column-2\">Phoenix UEFI BIOS<br \/>\n<\/td>\n<\/tr>\n<tr class=\"row-16\">\n\t<td class=\"column-1\">Wymagania mocy<\/td><td class=\"column-2\">+5V DC \u00b15%<br \/>\n<\/td>\n<\/tr>\n<tr class=\"row-17\">\n\t<td class=\"column-1\">Moc<\/td><td class=\"column-2\">zale\u017cy od u\u017cywanego procesora<br \/>\n<\/td>\n<\/tr>\n<tr class=\"row-18\">\n\t<td class=\"column-1\">Temperatura operacyjna<\/td><td class=\"column-2\">-40\u00b0C do +85\u00b0C<br \/>\n<\/td>\n<\/tr>\n<tr class=\"row-19\">\n\t<td class=\"column-1\">Rozszerzona temperatura<\/td><td class=\"column-2\">-40\u00b0C do +85\u00b0C<br \/>\n<\/td>\n<\/tr>\n<tr class=\"row-20\">\n\t<td class=\"column-1\">Wymiary<\/td><td class=\"column-2\">70x70 mm<br \/>\n<\/td>\n<\/tr>\n<\/tbody>\n<\/table>\n<!-- #tablepress-351 from cache -->\n","protected":false},"excerpt":{"rendered":"<p>P\u0142yta no\u015bna formatu Mini-ITX do modu\u0142u Qseven z funkcj\u0105 wielu wy\u015bwietlaczy i 1 GbE<\/p>\n","protected":false},"featured_media":11240,"template":"","meta":{"_acf_changed":false,"inline_featured_image":false,"_monsterinsights_skip_tracking":false,"_monsterinsights_sitenote_active":false,"_monsterinsights_sitenote_note":"","_monsterinsights_sitenote_category":0},"product_brand":[],"product_cat":[973,1584,972,1138],"product_tag":[],"class_list":{"0":"post-7144","1":"product","2":"type-product","3":"status-publish","4":"has-post-thumbnail","6":"product_cat-komputer-typu-com","7":"product_cat-komputery-jednoplytkowe-sbc-2","8":"product_cat-portwell-pl","9":"product_cat-qseven-pl","11":"first","12":"instock","13":"shipping-taxable","14":"product-type-simple"},"acf":[],"_links":{"self":[{"href":"https:\/\/quantum.com.pl\/pl\/wp-json\/wp\/v2\/product\/7144","targetHints":{"allow":["GET"]}}],"collection":[{"href":"https:\/\/quantum.com.pl\/pl\/wp-json\/wp\/v2\/product"}],"about":[{"href":"https:\/\/quantum.com.pl\/pl\/wp-json\/wp\/v2\/types\/product"}],"wp:featuredmedia":[{"embeddable":true,"href":"https:\/\/quantum.com.pl\/pl\/wp-json\/wp\/v2\/media\/11240"}],"wp:attachment":[{"href":"https:\/\/quantum.com.pl\/pl\/wp-json\/wp\/v2\/media?parent=7144"}],"wp:term":[{"taxonomy":"product_brand","embeddable":true,"href":"https:\/\/quantum.com.pl\/pl\/wp-json\/wp\/v2\/product_brand?post=7144"},{"taxonomy":"product_cat","embeddable":true,"href":"https:\/\/quantum.com.pl\/pl\/wp-json\/wp\/v2\/product_cat?post=7144"},{"taxonomy":"product_tag","embeddable":true,"href":"https:\/\/quantum.com.pl\/pl\/wp-json\/wp\/v2\/product_tag?post=7144"}],"curies":[{"name":"wp","href":"https:\/\/api.w.org\/{rel}","templated":true}]}}