{"id":7155,"date":"2019-12-20T20:19:57","date_gmt":"2019-12-20T19:19:57","guid":{"rendered":"https:\/\/quantum.com.pl\/?post_type=product&#038;p=7155"},"modified":"2020-08-25T23:23:12","modified_gmt":"2020-08-25T21:23:12","slug":"pq7-m104g","status":"publish","type":"product","link":"https:\/\/quantum.com.pl\/pl\/product\/pq7-m104g\/","title":{"rendered":"PQ7-M104G"},"content":{"rendered":"<h4>Wbudowany dysk SSD Intel Atom Z510 \/ Z530 US15W Qseven z interfejsem SATA SDIO LVDS i SDVO Video<\/h4>\n<p><strong>Dane techniczne<\/strong><\/p>\n<ul>\n<li>Intel\u00ae Atom&#x2122; Z510 (1,1 GHz) lub Z530 (1,6 GHz)<\/li>\n<li>Zintegrowana karta graficzna GMA 500 Intel\u00ae US15W<\/li>\n<li>Pe\u0142na akceleracja sprz\u0119towa obs\u0142ugi H.264, MPEG2, VC1 i WMV9<\/li>\n<li>Wewn\u0119trzny interfejs LVDS i SDVO dla podw\u00f3jnego niezale\u017cnego wy\u015bwietlacza<\/li>\n<li>Wbudowana obs\u0142uga do 2 GB pami\u0119ci DDR2<\/li>\n<li>Opcjonalny wbudowany dysk p\u00f3\u0142przewodnikowy ATA 4 GB, obs\u0142uga do 8 GB<\/li>\n<\/ul>\n<p>Modu\u0142 Qseven z procesorem Intel\u00ae Atom&#x2122; Z510 \/ Z530, obs\u0142uga pami\u0119ci SSD i SATA, wbudowana pami\u0119\u0107 DDR2 SDRAM do 2 GB, Gigabit Ethernet i wideo SDVO \/ LVDS<\/p>\n","protected":false},"excerpt":{"rendered":"<p>Modu\u0142 Qseven z procesorem Intel\u00ae Atom&#x2122; Z510 \/ Z530, obs\u0142uga pami\u0119ci SSD i SATA, wbudowana pami\u0119\u0107 DDR2 SDRAM do 2 GB, Gigabit Ethernet i wideo SDVO \/ LVDS<\/p>\n","protected":false},"featured_media":11242,"template":"","meta":{"_acf_changed":false,"inline_featured_image":false,"_monsterinsights_skip_tracking":false,"_monsterinsights_sitenote_active":false,"_monsterinsights_sitenote_note":"","_monsterinsights_sitenote_category":0},"product_brand":[],"product_cat":[973,1584,972,1138],"product_tag":[],"class_list":{"0":"post-7155","1":"product","2":"type-product","3":"status-publish","4":"has-post-thumbnail","6":"product_cat-komputer-typu-com","7":"product_cat-komputery-jednoplytkowe-sbc-2","8":"product_cat-portwell-pl","9":"product_cat-qseven-pl","11":"first","12":"instock","13":"shipping-taxable","14":"product-type-simple"},"acf":[],"_links":{"self":[{"href":"https:\/\/quantum.com.pl\/pl\/wp-json\/wp\/v2\/product\/7155","targetHints":{"allow":["GET"]}}],"collection":[{"href":"https:\/\/quantum.com.pl\/pl\/wp-json\/wp\/v2\/product"}],"about":[{"href":"https:\/\/quantum.com.pl\/pl\/wp-json\/wp\/v2\/types\/product"}],"wp:featuredmedia":[{"embeddable":true,"href":"https:\/\/quantum.com.pl\/pl\/wp-json\/wp\/v2\/media\/11242"}],"wp:attachment":[{"href":"https:\/\/quantum.com.pl\/pl\/wp-json\/wp\/v2\/media?parent=7155"}],"wp:term":[{"taxonomy":"product_brand","embeddable":true,"href":"https:\/\/quantum.com.pl\/pl\/wp-json\/wp\/v2\/product_brand?post=7155"},{"taxonomy":"product_cat","embeddable":true,"href":"https:\/\/quantum.com.pl\/pl\/wp-json\/wp\/v2\/product_cat?post=7155"},{"taxonomy":"product_tag","embeddable":true,"href":"https:\/\/quantum.com.pl\/pl\/wp-json\/wp\/v2\/product_tag?post=7155"}],"curies":[{"name":"wp","href":"https:\/\/api.w.org\/{rel}","templated":true}]}}