{"id":7169,"date":"2019-12-20T20:55:58","date_gmt":"2019-12-20T19:55:58","guid":{"rendered":"https:\/\/quantum.com.pl\/?post_type=product&#038;p=7169"},"modified":"2020-08-25T23:23:13","modified_gmt":"2020-08-25T21:23:13","slug":"pq7-m640f","status":"publish","type":"product","link":"https:\/\/quantum.com.pl\/pl\/product\/pq7-m640f\/","title":{"rendered":"PQ7-M640F"},"content":{"rendered":"<h4>Rodzina modu\u0142\u00f3w Qseven Freescale iMX6 dla Mini-ITX<\/h4>\n<p><strong>Dane techniczne<\/strong><\/p>\n<ul>\n<li>Rodzina Freescale i.MX 6, jedno-, dwu- i czterordzeniowe (ARM Cortex A9), do 1,2 GHz<\/li>\n<li>do 4 GB pami\u0119ci DDR3 na p\u0142ycie<\/li>\n<li>1 x gniazdo micro SD<\/li>\n<li>1 x 4G eMMC na p\u0142ycie<\/li>\n<li>1 x LVDS Dual Channel lub 2 x LVDS Single Channel 18\/24 bitowy interfejs (rozdzielczo\u015b\u0107 do 1920 x 1200)<\/li>\n<\/ul>\n<p>Modu\u0142 Qseven oparty na rodzinnym procesorze Freescale\u00ae i.MX6, obs\u0142uga do 4 GB pami\u0119ci DDR3 SDRAM, wy\u015bwietlacz LVDS \/ HDMI, gigabit Ethernet i pami\u0119\u0107 SSD \/ SATA<\/p>\n\n<table id=\"tablepress-353\" class=\"tablepress tablepress-id-353\">\n<thead>\n<tr class=\"row-1\">\n\t<th class=\"column-1\"><strong>Specyfikacje<\/strong><\/th><td class=\"column-2\"><\/td>\n<\/tr>\n<\/thead>\n<tbody class=\"row-striping row-hover\">\n<tr class=\"row-2\">\n\t<td class=\"column-1\">CPU<\/td><td class=\"column-2\">Bay Trail E3815, pami\u0119\u0107 podr\u0119czna 512 KB, 1,46 GHz<br \/>\nBay Trail E3825, pami\u0119\u0107 podr\u0119czna 1 MB, 1,33 GHz<br \/>\nBay Trail E3827, pami\u0119\u0107 podr\u0119czna 1 MB, 1,75 GHz<br \/>\nBay Trail E3845, pami\u0119\u0107 podr\u0119czna 2 MB, 1,91 GHz<\/td>\n<\/tr>\n<tr class=\"row-3\">\n\t<td class=\"column-1\">Format<\/td><td class=\"column-2\">Qseven<br \/>\n<\/td>\n<\/tr>\n<tr class=\"row-4\">\n\t<td class=\"column-1\">Chipset<\/td><td class=\"column-2\">SoC (System-On-Chip)<br \/>\n<\/td>\n<\/tr>\n<tr class=\"row-5\">\n\t<td class=\"column-1\">DRAM<\/td><td class=\"column-2\">Do 8 GB DDR3L-1333 wbudowane na p\u0142ycie<\/td>\n<\/tr>\n<tr class=\"row-6\">\n\t<td class=\"column-1\">Kontroler graficzny<\/td><td class=\"column-2\">Intel\u00ae HD Graphics Gen7<br \/>\n<\/td>\n<\/tr>\n<tr class=\"row-7\">\n\t<td class=\"column-1\">Interfejs wy\u015bwietlacza<\/td><td class=\"column-2\">VGA, eDP, DP<br \/>\n<\/td>\n<\/tr>\n<tr class=\"row-8\">\n\t<td class=\"column-1\">Magazynowanie pami\u0119ci<\/td><td class=\"column-2\">2x SATA II (3,0 Gbit \/ s), opcjonalny eMMC do 16 GB<br \/>\n<\/td>\n<\/tr>\n<tr class=\"row-9\">\n\t<td class=\"column-1\">Sie\u0107<\/td><td class=\"column-2\">1x Gigabit Ethernet Intel\u00ae I210IT<br \/>\n<\/td>\n<\/tr>\n<tr class=\"row-10\">\n\t<td class=\"column-1\">Interfejs magistrali<\/td><td class=\"column-2\">4x PCIe x 1 (opcja do 4)<br \/>\n<\/td>\n<\/tr>\n<tr class=\"row-11\">\n\t<td class=\"column-1\">Interfejs szeregowy<\/td><td class=\"column-2\">1x Tx\/Rx\/CTS#\/RTS# signals (Qseven R2.0)<br \/>\n<\/td>\n<\/tr>\n<tr class=\"row-12\">\n\t<td class=\"column-1\">USB<\/td><td class=\"column-2\">6x USB 2.0, do 1x USB 3.0<br \/>\n<\/td>\n<\/tr>\n<tr class=\"row-13\">\n\t<td class=\"column-1\">Audio<\/td><td class=\"column-2\">1x Intel\u00ae High Definition Audio<br \/>\n<\/td>\n<\/tr>\n<tr class=\"row-14\">\n\t<td class=\"column-1\">R\u00f3\u017cne<\/td><td class=\"column-2\">Timer nadzoruj\u0105cy, procesor monitoruj\u0105cy CW, temperatura systemu, wentylator<br \/>\n<\/td>\n<\/tr>\n<tr class=\"row-15\">\n\t<td class=\"column-1\">Oprogramowanie uk\u0142adowe<\/td><td class=\"column-2\">AMI UEFI BIOS<br \/>\n<\/td>\n<\/tr>\n<tr class=\"row-16\">\n\t<td class=\"column-1\">Wymagania mocy<\/td><td class=\"column-2\">+5V DC \u00b15%<br \/>\n<\/td>\n<\/tr>\n<tr class=\"row-17\">\n\t<td class=\"column-1\">Moc<\/td><td class=\"column-2\">zale\u017cy od u\u017cywanego procesora<br \/>\n<\/td>\n<\/tr>\n<tr class=\"row-18\">\n\t<td class=\"column-1\">Temperatura operacyjna<\/td><td class=\"column-2\">Od -40\u00b0C do +85\u00b0C na podstawie jednostki SKU procesora<br \/>\n<\/td>\n<\/tr>\n<tr class=\"row-19\">\n\t<td class=\"column-1\">Rozszerzona temperatura<\/td><td class=\"column-2\">Od -40\u00b0C do +85\u00b0C na podstawie jednostki SKU procesora<br \/>\n<\/td>\n<\/tr>\n<tr class=\"row-20\">\n\t<td class=\"column-1\">Wymiary<\/td><td class=\"column-2\">70x70 mm<br \/>\n<\/td>\n<\/tr>\n<\/tbody>\n<\/table>\n<!-- #tablepress-353 from cache -->\n","protected":false},"excerpt":{"rendered":"<p>Modu\u0142 Qseven oparty na rodzinnym procesorze Freescale\u00ae i.MX6, obs\u0142uga do 4 GB pami\u0119ci DDR3 SDRAM, wy\u015bwietlacz LVDS \/ HDMI, gigabit Ethernet i pami\u0119\u0107 SSD \/ SATA<\/p>\n","protected":false},"featured_media":11256,"template":"","meta":{"_acf_changed":false,"inline_featured_image":false,"_monsterinsights_skip_tracking":false,"_monsterinsights_sitenote_active":false,"_monsterinsights_sitenote_note":"","_monsterinsights_sitenote_category":0},"product_brand":[],"product_cat":[973,1584,972,1138],"product_tag":[],"class_list":{"0":"post-7169","1":"product","2":"type-product","3":"status-publish","4":"has-post-thumbnail","6":"product_cat-komputer-typu-com","7":"product_cat-komputery-jednoplytkowe-sbc-2","8":"product_cat-portwell-pl","9":"product_cat-qseven-pl","11":"first","12":"instock","13":"shipping-taxable","14":"product-type-simple"},"acf":[],"_links":{"self":[{"href":"https:\/\/quantum.com.pl\/pl\/wp-json\/wp\/v2\/product\/7169","targetHints":{"allow":["GET"]}}],"collection":[{"href":"https:\/\/quantum.com.pl\/pl\/wp-json\/wp\/v2\/product"}],"about":[{"href":"https:\/\/quantum.com.pl\/pl\/wp-json\/wp\/v2\/types\/product"}],"wp:featuredmedia":[{"embeddable":true,"href":"https:\/\/quantum.com.pl\/pl\/wp-json\/wp\/v2\/media\/11256"}],"wp:attachment":[{"href":"https:\/\/quantum.com.pl\/pl\/wp-json\/wp\/v2\/media?parent=7169"}],"wp:term":[{"taxonomy":"product_brand","embeddable":true,"href":"https:\/\/quantum.com.pl\/pl\/wp-json\/wp\/v2\/product_brand?post=7169"},{"taxonomy":"product_cat","embeddable":true,"href":"https:\/\/quantum.com.pl\/pl\/wp-json\/wp\/v2\/product_cat?post=7169"},{"taxonomy":"product_tag","embeddable":true,"href":"https:\/\/quantum.com.pl\/pl\/wp-json\/wp\/v2\/product_tag?post=7169"}],"curies":[{"name":"wp","href":"https:\/\/api.w.org\/{rel}","templated":true}]}}