{"id":7180,"date":"2019-12-20T21:22:01","date_gmt":"2019-12-20T20:22:01","guid":{"rendered":"https:\/\/quantum.com.pl\/?post_type=product&#038;p=7180"},"modified":"2020-08-25T23:23:12","modified_gmt":"2020-08-25T21:23:12","slug":"pq7-m106ie","status":"publish","type":"product","link":"https:\/\/quantum.com.pl\/pl\/product\/pq7-m106ie\/","title":{"rendered":"PQ7-M106IE"},"content":{"rendered":"<h4>Sterownik eMMC Intel Atom E3800 Qseven Module o szerokim zakresie temperatury na p\u0142ycie DP<\/h4>\n<p><strong>Dane techniczne<\/strong><\/p>\n<ul>\n<li>Obs\u0142uga serii Intel\u00ae Atom&#x2122; E3800<\/li>\n<li>Wbudowana pami\u0119\u0107 DDR3L do 8 GB<\/li>\n<li>Wbudowany sterownik eMMC do 64 GB<\/li>\n<li>Obs\u0142uga podw\u00f3jnego interfejsu DP<\/li>\n<li>Obs\u0142uga funkcji Smart Battery<\/li>\n<\/ul>\n<p>Seria Portwell PQ7-M106IE zosta\u0142a zaprojektowana z procesorami Intel\u00ae Atom&#x2122; E3800 i znakomit\u0105 konstrukcj\u0105 zasilania dla stabilnej pracy w \u015brodowisku krytycznym. Ni\u017csze zu\u017cycie energii i wysoka wydajno\u015b\u0107 s\u0105 funkcjami lepszymi ni\u017c ostatniej generacji Atom&#x2122;. PQ7-M106IE zosta\u0142 zaprojektowany z wykorzystaniem kwalifikowanych komponent\u00f3w do obs\u0142ugi w szerokim zakresie temperatur. Przyj\u0119to magazyn eMMC klasy przemys\u0142owej, aby system dzia\u0142a\u0142 w temperaturach od -40\u00b0C do 85\u00b0C. Ponadto za po\u015brednictwem koncentratora USB mo\u017cna rozszerzy\u0107 USB2.0 jako 6 port\u00f3w.<\/p>\n\n<table id=\"tablepress-355\" class=\"tablepress tablepress-id-355\">\n<thead>\n<tr class=\"row-1\">\n\t<th class=\"column-1\"><strong>Specyfikacje<\/strong><\/th><td class=\"column-2\"><\/td>\n<\/tr>\n<\/thead>\n<tbody class=\"row-striping row-hover\">\n<tr class=\"row-2\">\n\t<td class=\"column-1\">CPU<\/td><td class=\"column-2\">Procesor Intel Atom\u00ae E3845 (4 x 1,91 GHz, 2 MB L2, 10 W)<br \/>\nProcesor Intel Atom\u00ae E3827 (2 x 1,75 GHz, 1 MB L2, 8 W)<br \/>\nProcesor Intel Atom\u00ae E3825 (2 x 1,33 GHz, 1 MB L2, 6 W)<br \/>\nProcesor Intel Atom\u00ae E3815 (1 x 1,46 GHz, 512 KB L2, 5 W)<\/td>\n<\/tr>\n<tr class=\"row-3\">\n\t<td class=\"column-1\">Format<\/td><td class=\"column-2\">Qseven<br \/>\n<\/td>\n<\/tr>\n<tr class=\"row-4\">\n\t<td class=\"column-1\">Chipset<\/td><td class=\"column-2\">SoC (System-On-Chip)<br \/>\n<\/td>\n<\/tr>\n<tr class=\"row-5\">\n\t<td class=\"column-1\">DRAM<\/td><td class=\"column-2\">Do 8 GB pami\u0119ci DDR3L-1067\/1333, 1 kana\u0142 pami\u0119ci<br \/>\n<\/td>\n<\/tr>\n<tr class=\"row-6\">\n\t<td class=\"column-1\">Interfejs wy\u015bwietlacza<\/td><td class=\"column-2\">DP \/ HDMI i LVDS<br \/>\n<\/td>\n<\/tr>\n<tr class=\"row-7\">\n\t<td class=\"column-1\">Magazynowanie pami\u0119ci<\/td><td class=\"column-2\">Do 64 GB wbudowanej pami\u0119ci flash eMMC 5.0<br \/>\n<\/td>\n<\/tr>\n<tr class=\"row-8\">\n\t<td class=\"column-1\">Sie\u0107<\/td><td class=\"column-2\">1x 10\/100\/1000 GbE (Intel\u00ae i210)<br \/>\n<\/td>\n<\/tr>\n<tr class=\"row-9\">\n\t<td class=\"column-1\">Interfejs magistrali<\/td><td class=\"column-2\">1x SDIO, , 1x SPI, 1x I\u00b2C, 1x HDA, 1x SMBus, 1x LPC, 1x UART, 1x WDT<br \/>\n<\/td>\n<\/tr>\n<tr class=\"row-10\">\n\t<td class=\"column-1\">Interfejs szeregowy<\/td><td class=\"column-2\">2x SATA 3.0 (6 Gb \/ s); 3x PCIe x1 Gen2 (opcjonalnie do 4)<br \/>\n<\/td>\n<\/tr>\n<tr class=\"row-11\">\n\t<td class=\"column-1\">USB<\/td><td class=\"column-2\">6x USB2.0 HOST, 1x USB3.0 HOST<br \/>\n<\/td>\n<\/tr>\n<\/tbody>\n<\/table>\n<!-- #tablepress-355 from cache -->\n","protected":false},"excerpt":{"rendered":"<p>Seria Portwell PQ7-M106IE zosta\u0142a zaprojektowana z procesorami Intel\u00ae Atom&#x2122; E3800 i znakomit\u0105 konstrukcj\u0105 zasilania dla stabilnej pracy w \u015brodowisku krytycznym. Ni\u017csze zu\u017cycie energii i wysoka wydajno\u015b\u0107 s\u0105 funkcjami lepszymi ni\u017c ostatniej generacji Atom&#x2122;. PQ7-M106IE zosta\u0142 zaprojektowany z wykorzystaniem kwalifikowanych komponent\u00f3w do obs\u0142ugi w szerokim zakresie temperatur.<\/p>\n","protected":false},"featured_media":11246,"template":"","meta":{"_acf_changed":false,"inline_featured_image":false,"_monsterinsights_skip_tracking":false,"_monsterinsights_sitenote_active":false,"_monsterinsights_sitenote_note":"","_monsterinsights_sitenote_category":0},"product_brand":[],"product_cat":[973,1584,972,1138],"product_tag":[],"class_list":{"0":"post-7180","1":"product","2":"type-product","3":"status-publish","4":"has-post-thumbnail","6":"product_cat-komputer-typu-com","7":"product_cat-komputery-jednoplytkowe-sbc-2","8":"product_cat-portwell-pl","9":"product_cat-qseven-pl","11":"first","12":"instock","13":"shipping-taxable","14":"product-type-simple"},"acf":[],"_links":{"self":[{"href":"https:\/\/quantum.com.pl\/pl\/wp-json\/wp\/v2\/product\/7180","targetHints":{"allow":["GET"]}}],"collection":[{"href":"https:\/\/quantum.com.pl\/pl\/wp-json\/wp\/v2\/product"}],"about":[{"href":"https:\/\/quantum.com.pl\/pl\/wp-json\/wp\/v2\/types\/product"}],"wp:featuredmedia":[{"embeddable":true,"href":"https:\/\/quantum.com.pl\/pl\/wp-json\/wp\/v2\/media\/11246"}],"wp:attachment":[{"href":"https:\/\/quantum.com.pl\/pl\/wp-json\/wp\/v2\/media?parent=7180"}],"wp:term":[{"taxonomy":"product_brand","embeddable":true,"href":"https:\/\/quantum.com.pl\/pl\/wp-json\/wp\/v2\/product_brand?post=7180"},{"taxonomy":"product_cat","embeddable":true,"href":"https:\/\/quantum.com.pl\/pl\/wp-json\/wp\/v2\/product_cat?post=7180"},{"taxonomy":"product_tag","embeddable":true,"href":"https:\/\/quantum.com.pl\/pl\/wp-json\/wp\/v2\/product_tag?post=7180"}],"curies":[{"name":"wp","href":"https:\/\/api.w.org\/{rel}","templated":true}]}}