{"id":7191,"date":"2019-12-20T21:45:45","date_gmt":"2019-12-20T20:45:45","guid":{"rendered":"https:\/\/quantum.com.pl\/?post_type=product&#038;p=7191"},"modified":"2020-08-25T23:23:12","modified_gmt":"2020-08-25T21:23:12","slug":"pq7-m106il-e","status":"publish","type":"product","link":"https:\/\/quantum.com.pl\/pl\/product\/pq7-m106il-e\/","title":{"rendered":"PQ7-M106IL-E"},"content":{"rendered":"<h4>Intel Atom E3800 Qseven Module Bay Trail SoC<\/h4>\n<p><strong>Dane techniczne<\/strong><\/p>\n<ul>\n<li>Procesor Intel\u00ae Atom&#x2122; Bay Trail SoC E3800 z obs\u0142ug\u0105 przemys\u0142ow\u0105<\/li>\n<li>Wbudowana pami\u0119\u0107 DDR3L DRAM do 8 GB<\/li>\n<li>Trzy linie PCI Express (opcjonalnie cztery)<\/li>\n<li>Obs\u0142uguje jeden USB 3.0, sze\u015b\u0107 USB 2.0<\/li>\n<\/ul>\n<p>PQ7-M106IL-E firmy Portwell zosta\u0142 zaprojektowany z procesorem Intel Atom z serii E3800. PQ7-M106IL-E charakteryzuje si\u0119 ni\u017cszym zu\u017cyciem energii ni\u017c poprzednie platformy oparte na Atomie oraz obs\u0142ug\u0105 pami\u0119ci od 2 GB do 8 GB. Obs\u0142uguje r\u00f3wnie\u017c temperatur\u0119 od -40\u00b0C do 85\u00b0C dzi\u0119ki odpowiednim komponentom przemys\u0142owym. Interfejs PCI Express mo\u017ce obs\u0142ugiwa\u0107 urz\u0105dzenia rozszerzaj\u0105ce, takie jak GPS, GPRS, bezprzewodowy, Bluetooth, graficzny itp.; r\u00f3wnie\u017c sygna\u0142 SDIO wspomaga dodatkowe zapotrzebowanie na pami\u0119\u0107. USB3.0 to nowa funkcja r\u00f3\u017cni\u0105ca si\u0119 od poprzedniej wersji Qseven. PQ7-M106IL-E jest idealnym rozwi\u0105zaniem dla r\u00f3\u017cnych aplikacji w automatyce.<\/p>\n\n<table id=\"tablepress-357\" class=\"tablepress tablepress-id-357\">\n<thead>\n<tr class=\"row-1\">\n\t<th class=\"column-1\"><strong>Specyfikacje<\/strong><\/th><td class=\"column-2\"><\/td>\n<\/tr>\n<\/thead>\n<tbody class=\"row-striping row-hover\">\n<tr class=\"row-2\">\n\t<td class=\"column-1\">CPU<\/td><td class=\"column-2\">Procesor Intel\u00ae Pentium\u00ae N3700 (4 x 1,60 GHz, 2 MB L2, 6 W)<br \/>\nProcesor Intel\u00ae Celeron\u00ae N3150 (4 x 1,60 GHz, 2 MB L2, 6 W)<br \/>\nProcesor Intel\u00ae Celeron\u00ae N3050 (2 x 1,60 GHz, 2 MB L2, 6 W)<br \/>\nProcesor Intel\u00ae Celeron\u00ae N3000 (2 x 1,04 GHz, 2 MB L2, 4 W)<\/td>\n<\/tr>\n<tr class=\"row-3\">\n\t<td class=\"column-1\">Format<\/td><td class=\"column-2\">Qseven<br \/>\n<\/td>\n<\/tr>\n<tr class=\"row-4\">\n\t<td class=\"column-1\">Chipset<\/td><td class=\"column-2\">SoC (System-On-Chip)<br \/>\n<\/td>\n<\/tr>\n<tr class=\"row-5\">\n\t<td class=\"column-1\">DRAM<\/td><td class=\"column-2\">Do 4 GB DDR3L-1600 wbudowane na p\u0142ycie<\/td>\n<\/tr>\n<tr class=\"row-6\">\n\t<td class=\"column-1\">Kontroler graficzny<\/td><td class=\"column-2\">Intel\u00ae HD Graphics Gen8<br \/>\n<\/td>\n<\/tr>\n<tr class=\"row-7\">\n\t<td class=\"column-1\">Interfejs wy\u015bwietlacza<\/td><td class=\"column-2\">2x (obs\u0142uga DP lub HDMI), mapowany przez DDI, VGA, dwukana\u0142owy 24-bitowy LVDS (eDP na LVDS)<\/td>\n<\/tr>\n<tr class=\"row-8\">\n\t<td class=\"column-1\">Magazynowanie pami\u0119ci<\/td><td class=\"column-2\">1x SDIO, 2x SATA II (3.0 Gbit\/s)<br \/>\n<\/td>\n<\/tr>\n<tr class=\"row-9\">\n\t<td class=\"column-1\">Sie\u0107<\/td><td class=\"column-2\">1x Gigabit Ethernet Intel\u00ae I210IT<br \/>\n<\/td>\n<\/tr>\n<tr class=\"row-10\">\n\t<td class=\"column-1\">Interfejs magistrali<\/td><td class=\"column-2\">3x PCIe x 1 (opcja do 4)<br \/>\n<\/td>\n<\/tr>\n<tr class=\"row-11\">\n\t<td class=\"column-1\">Interfejs szeregowy<\/td><td class=\"column-2\">1x Tx\/Rx\/CTS#\/RTS# signals (Qseven R2.0)<br \/>\n<\/td>\n<\/tr>\n<tr class=\"row-12\">\n\t<td class=\"column-1\">USB<\/td><td class=\"column-2\">4x USB 2.0, do 1x USB 3.0<br \/>\n<\/td>\n<\/tr>\n<tr class=\"row-13\">\n\t<td class=\"column-1\">Audio<\/td><td class=\"column-2\">1x Intel\u00ae High Definition Audio, 51 Audio codec<br \/>\n<\/td>\n<\/tr>\n<tr class=\"row-14\">\n\t<td class=\"column-1\">R\u00f3\u017cne<\/td><td class=\"column-2\">Timer nadzoruj\u0105cy, procesor monitoruj\u0105cy CW, temperatura systemu, wentylator<br \/>\n<\/td>\n<\/tr>\n<tr class=\"row-15\">\n\t<td class=\"column-1\">Oprogramowanie uk\u0142adowe<\/td><td class=\"column-2\">Phoenix UEFI BIOS<br \/>\n<\/td>\n<\/tr>\n<tr class=\"row-16\">\n\t<td class=\"column-1\">Wymagania mocy<\/td><td class=\"column-2\">+5V DC \u00b15%<br \/>\n<\/td>\n<\/tr>\n<tr class=\"row-17\">\n\t<td class=\"column-1\">Moc<\/td><td class=\"column-2\">zale\u017cy od u\u017cywanego procesora<br \/>\n<\/td>\n<\/tr>\n<tr class=\"row-18\">\n\t<td class=\"column-1\">Temperatura operacyjna<\/td><td class=\"column-2\">-40\u00b0C do +85\u00b0C<br \/>\n<\/td>\n<\/tr>\n<tr class=\"row-19\">\n\t<td class=\"column-1\">Rozszerzona temperatura<\/td><td class=\"column-2\">-40\u00b0C do +85\u00b0C<br \/>\n<\/td>\n<\/tr>\n<tr class=\"row-20\">\n\t<td class=\"column-1\">Wymiary<\/td><td class=\"column-2\">70x70 mm<br \/>\n<\/td>\n<\/tr>\n<\/tbody>\n<\/table>\n<!-- #tablepress-357 from cache -->\n","protected":false},"excerpt":{"rendered":"<p>PQ7-M106IL-E firmy Portwell zosta\u0142 zaprojektowany z procesorem Intel Atom z serii E3800. PQ7-M106IL-E charakteryzuje si\u0119 ni\u017cszym zu\u017cyciem energii ni\u017c poprzednie platformy oparte na Atomie oraz obs\u0142ug\u0105 pami\u0119ci od 2 GB do 8 GB. Obs\u0142uguje r\u00f3wnie\u017c temperatur\u0119 od -40\u00b0C do 85\u00b0C dzi\u0119ki odpowiednim komponentom przemys\u0142owym.<\/p>\n","protected":false},"featured_media":11248,"template":"","meta":{"_acf_changed":false,"inline_featured_image":false,"_monsterinsights_skip_tracking":false,"_monsterinsights_sitenote_active":false,"_monsterinsights_sitenote_note":"","_monsterinsights_sitenote_category":0},"product_brand":[],"product_cat":[973,1584,972,1138],"product_tag":[],"class_list":{"0":"post-7191","1":"product","2":"type-product","3":"status-publish","4":"has-post-thumbnail","6":"product_cat-komputer-typu-com","7":"product_cat-komputery-jednoplytkowe-sbc-2","8":"product_cat-portwell-pl","9":"product_cat-qseven-pl","11":"first","12":"instock","13":"shipping-taxable","14":"product-type-simple"},"acf":[],"_links":{"self":[{"href":"https:\/\/quantum.com.pl\/pl\/wp-json\/wp\/v2\/product\/7191","targetHints":{"allow":["GET"]}}],"collection":[{"href":"https:\/\/quantum.com.pl\/pl\/wp-json\/wp\/v2\/product"}],"about":[{"href":"https:\/\/quantum.com.pl\/pl\/wp-json\/wp\/v2\/types\/product"}],"wp:featuredmedia":[{"embeddable":true,"href":"https:\/\/quantum.com.pl\/pl\/wp-json\/wp\/v2\/media\/11248"}],"wp:attachment":[{"href":"https:\/\/quantum.com.pl\/pl\/wp-json\/wp\/v2\/media?parent=7191"}],"wp:term":[{"taxonomy":"product_brand","embeddable":true,"href":"https:\/\/quantum.com.pl\/pl\/wp-json\/wp\/v2\/product_brand?post=7191"},{"taxonomy":"product_cat","embeddable":true,"href":"https:\/\/quantum.com.pl\/pl\/wp-json\/wp\/v2\/product_cat?post=7191"},{"taxonomy":"product_tag","embeddable":true,"href":"https:\/\/quantum.com.pl\/pl\/wp-json\/wp\/v2\/product_tag?post=7191"}],"curies":[{"name":"wp","href":"https:\/\/api.w.org\/{rel}","templated":true}]}}