{"id":7202,"date":"2019-12-20T22:02:56","date_gmt":"2019-12-20T21:02:56","guid":{"rendered":"https:\/\/quantum.com.pl\/?post_type=product&#038;p=7202"},"modified":"2020-08-25T23:23:12","modified_gmt":"2020-08-25T21:23:12","slug":"pq7-m106","status":"publish","type":"product","link":"https:\/\/quantum.com.pl\/pl\/product\/pq7-m106\/","title":{"rendered":"PQ7-M106"},"content":{"rendered":"<h4>Modu\u0142 Qseven oparty na procesorze Intel Atom E3800<\/h4>\n<p><strong>Dane techniczne<\/strong><\/p>\n<ul>\n<li>Rodzina produkt\u00f3w procesor Intel\u00ae Atom&#x2122; E3800<\/li>\n<li>Do 8 GB pami\u0119ci DDR3L-1333<\/li>\n<li>eMMC do 64 GB<\/li>\n<li>Obs\u0142uga DisplayPort \/ HDMI i LVDS<\/li>\n<li>Obs\u0142uga Gigabit Ethernet, 2x SATA 3Gb \/ s, USB 3.0, 6x USB 2.0, 3x PCIe<\/li>\n<li>Obs\u0142uga rozszerzonej temperatury pracy &#8211; od -40\u00b0C do 85\u00b0C<\/li>\n<\/ul>\n<p>PQ7-M106 firmy Portwell zosta\u0142 zaprojektowany z procesorem Intel\u00ae Atom&#x2122; serii E3800 i odpowiednimi komponentami do obs\u0142ugi w szerokim zakresie temperatur, od -40\u00b0C do 85\u00b0C. PQ7-M106 oferuje tak\u017ce LVDS, dwukana\u0142ow\u0105 pami\u0119\u0107 DDR3L, a tak\u017ce eMMC wbudowane na p\u0142ycie, jako op\u0142acalne rozwi\u0105zanie produktowe.<\/p>\n\n<table id=\"tablepress-359\" class=\"tablepress tablepress-id-359\">\n<thead>\n<tr class=\"row-1\">\n\t<th class=\"column-1\"><strong>Specyfikacje<\/strong><\/th><td class=\"column-2\"><\/td>\n<\/tr>\n<\/thead>\n<tbody class=\"row-striping row-hover\">\n<tr class=\"row-2\">\n\t<td class=\"column-1\">CPU<\/td><td class=\"column-2\">Procesor Intel Atom\u00ae x5-E3930 (2 x 1,30 GHz, 2 MB L2, 6,5 W)<br \/>\nProcesor Intel Atom\u00ae x5-E3940 (4 x 1,60 GHz, 2 MB L2, 9,5 W)<br \/>\nProcesor Intel Atom\u00ae x7-E3950 (4 x 1,60 GHz, 2 MB L2, 12 W)<br \/>\nProcesor Intel\u00ae Celeron\u00ae N3350 (2 x 1,10 GHz, 2 MB L2, 6 W)<br \/>\nProcesor Intel\u00ae Pentium\u00ae N4200 (4 x 1,10 GHz, 2 MB L2, 6 W)<\/td>\n<\/tr>\n<tr class=\"row-3\">\n\t<td class=\"column-1\">Format<\/td><td class=\"column-2\">Qseven<br \/>\n<\/td>\n<\/tr>\n<tr class=\"row-4\">\n\t<td class=\"column-1\">Chipset<\/td><td class=\"column-2\">SoC (System-On-Chip)<br \/>\n<\/td>\n<\/tr>\n<tr class=\"row-5\">\n\t<td class=\"column-1\">DRAM<\/td><td class=\"column-2\">Do 8 GB LPDDR4 - 2133\/2400, podw\u00f3jny kana\u0142 pami\u0119ci<br \/>\n<\/td>\n<\/tr>\n<tr class=\"row-6\">\n\t<td class=\"column-1\">Interfejs wy\u015bwietlacza<\/td><td class=\"column-2\">LVDS\/eDP, DP\/HDMI<br \/>\n<\/td>\n<\/tr>\n<tr class=\"row-7\">\n\t<td class=\"column-1\">Magazynowane pami\u0119ci<\/td><td class=\"column-2\">Do 64 GB wbudowanej pami\u0119ci flash eMMC 5.0<br \/>\n<\/td>\n<\/tr>\n<tr class=\"row-8\">\n\t<td class=\"column-1\">Sie\u0107<\/td><td class=\"column-2\">1x 10\/100\/1000 GbE (Intel\u00ae i210)<br \/>\n<\/td>\n<\/tr>\n<tr class=\"row-9\">\n\t<td class=\"column-1\">Interfejs magistrali<\/td><td class=\"column-2\">1x SDIO, 2x SPI, 1x I\u00b2C, 1x HDA, 1x SMBus, 1x LPC, 1x UART, 1x WDT, 1x JTAG<br \/>\n<\/td>\n<\/tr>\n<tr class=\"row-10\">\n\t<td class=\"column-1\">Interfejs szeregowy<\/td><td class=\"column-2\">2x SATA 3.0 (6 Gb\/s); 4x PCIe x1 Gen2<br \/>\n<\/td>\n<\/tr>\n<tr class=\"row-11\">\n\t<td class=\"column-1\">USB<\/td><td class=\"column-2\">4x USB2.0 HOST, 3x USB3.0 HOST<br \/>\n<\/td>\n<\/tr>\n<tr class=\"row-12\">\n\t<td class=\"column-1\">Wymiary<\/td><td class=\"column-2\">70x70 mm<br \/>\n<\/td>\n<\/tr>\n<\/tbody>\n<\/table>\n<!-- #tablepress-359 from cache -->\n","protected":false},"excerpt":{"rendered":"<p>PQ7-M106 firmy Portwell zosta\u0142 zaprojektowany z procesorem Intel\u00ae Atom&#x2122; serii E3800 i odpowiednimi komponentami do obs\u0142ugi w szerokim zakresie temperatur, od -40\u00b0C do 85\u00b0C.<\/p>\n","protected":false},"featured_media":11250,"template":"","meta":{"_acf_changed":false,"inline_featured_image":false,"_monsterinsights_skip_tracking":false,"_monsterinsights_sitenote_active":false,"_monsterinsights_sitenote_note":"","_monsterinsights_sitenote_category":0},"product_brand":[],"product_cat":[973,1584,972,1138],"product_tag":[],"class_list":{"0":"post-7202","1":"product","2":"type-product","3":"status-publish","4":"has-post-thumbnail","6":"product_cat-komputer-typu-com","7":"product_cat-komputery-jednoplytkowe-sbc-2","8":"product_cat-portwell-pl","9":"product_cat-qseven-pl","11":"first","12":"instock","13":"shipping-taxable","14":"product-type-simple"},"acf":[],"_links":{"self":[{"href":"https:\/\/quantum.com.pl\/pl\/wp-json\/wp\/v2\/product\/7202","targetHints":{"allow":["GET"]}}],"collection":[{"href":"https:\/\/quantum.com.pl\/pl\/wp-json\/wp\/v2\/product"}],"about":[{"href":"https:\/\/quantum.com.pl\/pl\/wp-json\/wp\/v2\/types\/product"}],"wp:featuredmedia":[{"embeddable":true,"href":"https:\/\/quantum.com.pl\/pl\/wp-json\/wp\/v2\/media\/11250"}],"wp:attachment":[{"href":"https:\/\/quantum.com.pl\/pl\/wp-json\/wp\/v2\/media?parent=7202"}],"wp:term":[{"taxonomy":"product_brand","embeddable":true,"href":"https:\/\/quantum.com.pl\/pl\/wp-json\/wp\/v2\/product_brand?post=7202"},{"taxonomy":"product_cat","embeddable":true,"href":"https:\/\/quantum.com.pl\/pl\/wp-json\/wp\/v2\/product_cat?post=7202"},{"taxonomy":"product_tag","embeddable":true,"href":"https:\/\/quantum.com.pl\/pl\/wp-json\/wp\/v2\/product_tag?post=7202"}],"curies":[{"name":"wp","href":"https:\/\/api.w.org\/{rel}","templated":true}]}}