{"id":7213,"date":"2019-12-20T22:33:50","date_gmt":"2019-12-20T21:33:50","guid":{"rendered":"https:\/\/quantum.com.pl\/?post_type=product&#038;p=7213"},"modified":"2020-08-25T23:23:13","modified_gmt":"2020-08-25T21:23:13","slug":"pq7-m107","status":"publish","type":"product","link":"https:\/\/quantum.com.pl\/pl\/product\/pq7-m107\/","title":{"rendered":"PQ7-M107"},"content":{"rendered":"<h4>Modu\u0142 Qseven na bazie procesor\u00f3w Intel Celeron i Pentium N3000 Braswell SoC<\/h4>\n<p><strong>Dane techniczne<\/strong><\/p>\n<ul>\n<li>Rodziny produkt\u00f3w N3000 z procesorami Intel\u00ae Celeron\u00ae i Pentium\u00ae (4\u201310 W), poprzednio o kryptonimie Braswell<\/li>\n<li>Wbudowana pami\u0119\u0107 DDR3L DRAM do 4 GB<\/li>\n<li>Pok\u0142adowy eMMC do 64 GB<\/li>\n<li>Obs\u0142uguje interfejsy LVDS i DisplayPort (DP)<\/li>\n<li>Trzy generacje PCI Express x1 (opcjonalnie do czterech x1), USB 2.0 \/ 3.0, 2x SATA III, I2C \/ Smart Battery<\/li>\n<\/ul>\n<p>PQ7-M107 firmy Portwell zosta\u0142 zaprojektowany z wykorzystaniem rodziny procesor\u00f3w Intel\u00ae Celeron\u00ae i Pentium\u00ae N3000 (4W ~ 10W), poprzednio o kryptonimie Braswell, zapewniaj\u0105c wy\u017csz\u0105 wydajno\u015b\u0107 procesora i grafiki w por\u00f3wnaniu z procesorami podstawowymi poprzedniej generacji firmy Intel, dzia\u0142aj\u0105c przy ni\u017cszym zu\u017cyciu energii i ni\u017cszym TDP. Dzi\u0119ki wi\u0119kszej wydajno\u015bci i obs\u0142udze przepustowo\u015bci pami\u0119ci, PQ7-M107 jest idealnym rozwi\u0105zaniem do produkcji, transportu i automatyzacji. Ponadto PQ7-M107 jest wyposa\u017cony w kamer\u0119 HD o rozdzielczo\u015bci MIPI CSI-2, rozdzielczo\u015bci 4k x 2k i trzy niezale\u017cne wy\u015bwietlacze.<\/p>\n\n<table id=\"tablepress-361\" class=\"tablepress tablepress-id-361\">\n<thead>\n<tr class=\"row-1\">\n\t<th class=\"column-1\"><strong>Specyfikacje<\/strong><\/th><td class=\"column-2\"><\/td>\n<\/tr>\n<\/thead>\n<tbody class=\"row-striping row-hover\">\n<tr class=\"row-2\">\n\t<td class=\"column-1\">CPU<\/td><td class=\"column-2\">Procesory Intel\u00ae Xeon\u00ae E-2100\/2200 \/ 9. generacji Core\u2122 i3 \/ i5 \/ i7 do 3,6 GHz (35 ~ 95 W) w obudowie LGA1151<br \/>\nIntel\u00ae Turbo Boost, Hyper-Threading, Virtualization, Monitoring termiczny, Trusted Execution i SpeedStep Technology (w zale\u017cno\u015bci od SKU procesora)<\/td>\n<\/tr>\n<tr class=\"row-3\">\n\t<td class=\"column-1\">Technologia<\/td><td class=\"column-2\">x86<\/td>\n<\/tr>\n<tr class=\"row-4\">\n\t<td class=\"column-1\">Chipset<\/td><td class=\"column-2\">Intel\u00ae C246<br \/>\n<\/td>\n<\/tr>\n<tr class=\"row-5\">\n\t<td class=\"column-1\">DRAM<\/td><td class=\"column-2\">Dwukana\u0142owa pami\u0119\u0107 DDR4 2400 (ECC \/ non-ECC) 4x 260-pin SODIMM, do 128 GB (z Non-ECC)<\/td>\n<\/tr>\n<tr class=\"row-6\">\n\t<td class=\"column-1\">USB<\/td><td class=\"column-2\">2x porty USB 3.1 Gen2 (z ty\u0142u I \/ O) Magistrala 10 Gb\/s obs\u0142uguj\u0105ca zakresy pr\u0119dko\u015bci Super \/ Speed \u200b\u200b\/ Full-Speed \u200b\u200b\/ Low-Speed, 8 port\u00f3w USB 3.0 (z wbudowanego z\u0142\u0105cza pinowego) Magistrala 5 Gb\/s zdolna do zakres\u00f3w pr\u0119dko\u015bci Super \/ Speed \u200b\u200b\/ Full-Speed \u200b\u200b\/ Low-Speed<\/td>\n<\/tr>\n<tr class=\"row-7\">\n\t<td class=\"column-1\">Interfejs szeregowy<\/td><td class=\"column-2\">2x porty RS232, 2x do wyboru RS232 \/ 422\/485, port LPC do COM IC Fintek F81216DG<br \/>\n<\/td>\n<\/tr>\n<tr class=\"row-8\">\n\t<td class=\"column-1\">Rozszerzenia<\/td><td class=\"column-2\">Z procesora 1x PCIe x16 lub 2x PCIe x8 lub 1x PCIe x8 + 2x PCIe x4 wybierane przez ustawienie zworek (Gen3 do 8,0 GT \/ s), Z PCH 1x PCIe x4 lub 4x PCIe x1 (Gen 3 do 8,0 GT \/ s)<br \/>\n<\/td>\n<\/tr>\n<tr class=\"row-9\">\n\t<td class=\"column-1\">Sie\u0107<\/td><td class=\"column-2\">Kontroler Intel\u00ae WGI219LM + WGI210AT Gigabit Ethernet, podw\u00f3jny Ethernet 10BASE-T \/ 100BASE-TX \/ 1000BASE-T, podw\u00f3jne z\u0142\u0105cze RJ-45 z dwoma wska\u017anikami LED<br \/>\n<\/td>\n<\/tr>\n<tr class=\"row-10\">\n\t<td class=\"column-1\">Audio<\/td><td class=\"column-2\">Wbudowany procesor Intel\u00ae PCH High Definition Audio do 192 kHz 32-bit, kodek Realtek ALC886-GR HDA, 5.1 kana\u0142\u00f3w, 1x wbudowana g\u0142owica pin audio<br \/>\n<\/td>\n<\/tr>\n<tr class=\"row-11\">\n\t<td class=\"column-1\">Kontroler graficzny<\/td><td class=\"column-2\">Zintegrowany silnik graficzny procesor\u00f3w Intel\u00ae Xeon\u00ae i Core\u2122 i3. Zapewnia ulepszone mo\u017cliwo\u015bci multimedialne 3D, w tym Microsoft DirectX 12, OCL 2.x i OpenGL 4.3 \/ 4.4<br \/>\n<\/td>\n<\/tr>\n<tr class=\"row-12\">\n\t<td class=\"column-1\">Interfejs wy\u015bwietlacza<\/td><td class=\"column-2\">1x HDMI do 3200x2000 @ 60Hz, 1x DVI-I z ty\u0142u I \/ O (1920x1200 @ 60Hz przez VGA przez DVI-I, 1920x1200 @ 60Hz przez DVI-D przez DVI-I)<br \/>\n<\/td>\n<\/tr>\n<tr class=\"row-13\">\n\t<td class=\"column-1\">GPIO<\/td><td class=\"column-2\">Programowalne 8-bitowe cyfrowe I\/O<br \/>\n<\/td>\n<\/tr>\n<tr class=\"row-14\">\n\t<td class=\"column-1\">Oprogramowanie uk\u0142adowe<\/td><td class=\"column-2\">AMI UEFI BIOS (SPI ROM)<br \/>\n<\/td>\n<\/tr>\n<tr class=\"row-15\">\n\t<td class=\"column-1\">Magazynowanie pami\u0119ci<\/td><td class=\"column-2\">3x z\u0142\u0105cze SATAIII na p\u0142ycie, 2x z\u0142\u0105cze SATAIII przez p\u0142yt\u0119 monta\u017cow\u0105, RAID 0,1, 5, 10<br \/>\n<\/td>\n<\/tr>\n<tr class=\"row-16\">\n\t<td class=\"column-1\">Wymagania mocy<\/td><td class=\"column-2\">+12V, + 5V, Obs\u0142uguje tryb ATX<br \/>\n<\/td>\n<\/tr>\n<tr class=\"row-17\">\n\t<td class=\"column-1\">Temperatura operacyjna<\/td><td class=\"column-2\">0\u00b0C ~ 60\u00b0C<br \/>\n<\/td>\n<\/tr>\n<tr class=\"row-18\">\n\t<td class=\"column-1\">Temperatura przechowywania<\/td><td class=\"column-2\">-20\u00b0C ~ 80\u00b0C<br \/>\n<\/td>\n<\/tr>\n<tr class=\"row-19\">\n\t<td class=\"column-1\">Wymiary<\/td><td class=\"column-2\">338.5 (L) x126.39 (W) mm<br \/>\n<\/td>\n<\/tr>\n<tr class=\"row-20\">\n\t<td class=\"column-1\">MTBF<\/td><td class=\"column-2\">Ponad 100 000 godzin w 40\u00b0C<br \/>\n<\/td>\n<\/tr>\n<tr class=\"row-21\">\n\t<td class=\"column-1\">R\u00f3\u017cne<\/td><td class=\"column-2\">Super I \/ O - ITE IT5121E-I-128, Watchdog Timer, Monitoring sprz\u0119tu<br \/>\n<\/td>\n<\/tr>\n<tr class=\"row-22\">\n\t<td class=\"column-1\">Format<\/td><td class=\"column-2\">PICMG 1.3<br \/>\n<\/td>\n<\/tr>\n<\/tbody>\n<\/table>\n<!-- #tablepress-361 from cache -->\n","protected":false},"excerpt":{"rendered":"<p>PQ7-M107 firmy Portwell zosta\u0142 zaprojektowany z wykorzystaniem rodziny procesor\u00f3w Intel\u00ae Celeron\u00ae i Pentium\u00ae N3000 (4W ~ 10W), poprzednio o kryptonimie Braswell, zapewniaj\u0105c wy\u017csz\u0105 wydajno\u015b\u0107 procesora i grafiki w por\u00f3wnaniu z procesorami podstawowymi poprzedniej generacji firmy Intel, dzia\u0142aj\u0105c przy ni\u017cszym zu\u017cyciu energii i ni\u017cszym TDP.<\/p>\n","protected":false},"featured_media":11254,"template":"","meta":{"_acf_changed":false,"inline_featured_image":false,"_monsterinsights_skip_tracking":false,"_monsterinsights_sitenote_active":false,"_monsterinsights_sitenote_note":"","_monsterinsights_sitenote_category":0},"product_brand":[],"product_cat":[973,1584,972,1138],"product_tag":[],"class_list":{"0":"post-7213","1":"product","2":"type-product","3":"status-publish","4":"has-post-thumbnail","6":"product_cat-komputer-typu-com","7":"product_cat-komputery-jednoplytkowe-sbc-2","8":"product_cat-portwell-pl","9":"product_cat-qseven-pl","11":"first","12":"instock","13":"shipping-taxable","14":"product-type-simple"},"acf":[],"_links":{"self":[{"href":"https:\/\/quantum.com.pl\/pl\/wp-json\/wp\/v2\/product\/7213","targetHints":{"allow":["GET"]}}],"collection":[{"href":"https:\/\/quantum.com.pl\/pl\/wp-json\/wp\/v2\/product"}],"about":[{"href":"https:\/\/quantum.com.pl\/pl\/wp-json\/wp\/v2\/types\/product"}],"wp:featuredmedia":[{"embeddable":true,"href":"https:\/\/quantum.com.pl\/pl\/wp-json\/wp\/v2\/media\/11254"}],"wp:attachment":[{"href":"https:\/\/quantum.com.pl\/pl\/wp-json\/wp\/v2\/media?parent=7213"}],"wp:term":[{"taxonomy":"product_brand","embeddable":true,"href":"https:\/\/quantum.com.pl\/pl\/wp-json\/wp\/v2\/product_brand?post=7213"},{"taxonomy":"product_cat","embeddable":true,"href":"https:\/\/quantum.com.pl\/pl\/wp-json\/wp\/v2\/product_cat?post=7213"},{"taxonomy":"product_tag","embeddable":true,"href":"https:\/\/quantum.com.pl\/pl\/wp-json\/wp\/v2\/product_tag?post=7213"}],"curies":[{"name":"wp","href":"https:\/\/api.w.org\/{rel}","templated":true}]}}