{"id":7224,"date":"2019-12-20T23:15:59","date_gmt":"2019-12-20T22:15:59","guid":{"rendered":"https:\/\/quantum.com.pl\/?post_type=product&#038;p=7224"},"modified":"2020-08-25T23:23:13","modified_gmt":"2020-08-25T21:23:13","slug":"pq7-m108","status":"publish","type":"product","link":"https:\/\/quantum.com.pl\/pl\/product\/pq7-m108\/","title":{"rendered":"PQ7-M108"},"content":{"rendered":"<h4>Modu\u0142 Qseven 2.1 oparty na procesorze Intel Atom E3900 obs\u0142uguj\u0105cym temperatur\u0119 przemys\u0142ow\u0105 i Infineon OPTIGA Trust<\/h4>\n<p><strong>Dane techniczne<\/strong><\/p>\n<ul>\n<li>Procesor Intel\u00ae Atom&#x2122; seria E3900, procesor Intel\u00ae Pentium\u00ae N4200, procesor Intel\u00ae Celeron\u00ae N3350<\/li>\n<li>Zaprojektowany z Infineon\u00ae OPTIGA&#x2122; Trust IC w celu ochrony system\u00f3w wbudowanych przed nieautoryzowanymi akcesoriami, cz\u0119\u015bciami zamiennymi lub materia\u0142ami jednorazowego u\u017cytku<\/li>\n<li>Do 8 GB pami\u0119ci LPDDR4 DRAM<\/li>\n<li>eMMC 5.0 do 64 GB (opcjonalnie)<\/li>\n<li>Obs\u0142uga 24-bitowego LVDS, HDMI \/ DisplayPort<\/li>\n<li>Obs\u0142uga Gigabit Ethernet<\/li>\n<li>Obs\u0142uga 3x USB 3.0 lub 4x USB 2.0<\/li>\n<li>Obs\u0142uguje rozszerzon\u0105 temperatur\u0119 pracy, od -40\u00b0C do 85\u00b0C<\/li>\n<\/ul>\n<p>PQ7-M108 firmy Portwell zosta\u0142 zaprojektowany z procesorem Intel\u00ae Atom&#x2122; z serii E3900, procesorem Intel\u00ae Pentium\u00ae N4200 i procesorem Intel\u00ae Celeron\u00ae N3350 (o nazwie kodowej Apollo Lake), oferuj\u0105c wy\u017csz\u0105 wydajno\u015b\u0107 graficzn\u0105 i wi\u0119ksz\u0105 przepustowo\u015b\u0107 pami\u0119ci ni\u017c poprzednia platforma. PQ7-M108 obs\u0142uguje r\u00f3wnie\u017c szeroki zakres temperatur przemys\u0142owych od -40\u00b0C ~ 85\u00b0C oraz Infineon\u00ae OPTIGA&#x2122; Trust. Zbudowany z odpowiednich komponent\u00f3w przemys\u0142owych, modu\u0142 Qseven 2.1 PQ7-M108 to idealny element konstrukcyjny do zastosowa\u0144 w automatyce, bezpiecze\u0144stwie, transporcie i w innych trudnych warunkach.<\/p>\n\n<table id=\"tablepress-363\" class=\"tablepress tablepress-id-363\">\n<thead>\n<tr class=\"row-1\">\n\t<th class=\"column-1\"><strong>Specyfikacje<\/strong><\/th><td class=\"column-2\"><\/td>\n<\/tr>\n<\/thead>\n<tbody class=\"row-striping row-hover\">\n<tr class=\"row-2\">\n\t<td class=\"column-1\">CPU<\/td><td class=\"column-2\">Procesory Intel\u00ae 7. generacji Core \u2122 i5 \/ i7 do 3,4 GHz (35 ~ 65 W) w pakiecie LGA1151<br \/>\nIntel\u00ae Turbo Boost, Hyper-Threading, Virtualization, Monitoring termiczny, Trusted Execution i SpeedStep Technology (w zale\u017cno\u015bci od SKU procesora)<\/td>\n<\/tr>\n<tr class=\"row-3\">\n\t<td class=\"column-1\">Technologia<\/td><td class=\"column-2\">x86<\/td>\n<\/tr>\n<tr class=\"row-4\">\n\t<td class=\"column-1\">Chipset<\/td><td class=\"column-2\">Intel\u00ae Q170<br \/>\n<\/td>\n<\/tr>\n<tr class=\"row-5\">\n\t<td class=\"column-1\">DRAM<\/td><td class=\"column-2\">Dwukana\u0142owy modu\u0142 DDR4 2133 (bez ECC) 2x 288-pinowy modu\u0142 DIMM, do 32 GB<br \/>\n<\/td>\n<\/tr>\n<tr class=\"row-6\">\n\t<td class=\"column-1\">USB<\/td><td class=\"column-2\">10 port\u00f3w USB 3.0 (osiem port\u00f3w z g\u0142owicy pin\u00f3w, dwa porty z ty\u0142u I \/ O) Magistrala 5 Gb \/ s obs\u0142uguj\u0105ca zakresy danych Superspeed \/ Hi-Speed \u200b\u200b\/ Full-Speed \u200b\u200b\/ Low-Speed, 2x porty USB 2.0 (przez backplane) 480 Mb \/ s magistrala obs\u0142uguj\u0105ca zakresy danych Hi-Speed \u200b\u200b\/ Full-Speed \u200b\u200b\/ Low-Speed<br \/>\n<\/td>\n<\/tr>\n<tr class=\"row-7\">\n\t<td class=\"column-1\">Interfejs szeregowy<\/td><td class=\"column-2\">2x porty RS232, 2x do wyboru RS232 \/ 422\/485, port LPC do COM IC Fintek F81216DG<br \/>\n<\/td>\n<\/tr>\n<tr class=\"row-8\">\n\t<td class=\"column-1\">Rozszerzenia<\/td><td class=\"column-2\">Z procesora 1x PCIe x16 lub 2x PCIe x8 lub 1x PCIe x8 + 2x PCIe x4 wybierane przez ustawienie zworek (Gen3 do 8,0 GT \/ s), Z PCH 1x PCIe x4 lub 4x PCIe x1 (Gen 3 do 8,0 GT \/ s)<br \/>\n<\/td>\n<\/tr>\n<tr class=\"row-9\">\n\t<td class=\"column-1\">Sie\u0107<\/td><td class=\"column-2\">Kontroler Intel\u00ae WGI219LM + WGI210AT Gigabit Ethernet, podw\u00f3jny Ethernet 10BASE-T \/ 100BASE-TX \/ 1000BASE-T, podw\u00f3jne z\u0142\u0105cze RJ-45 z dwoma wska\u017anikami LED<br \/>\n<\/td>\n<\/tr>\n<tr class=\"row-10\">\n\t<td class=\"column-1\">Audio<\/td><td class=\"column-2\">Wbudowany procesor Intel\u00ae PCH High Definition Audio do 192 kHz 32-bit, kodek Realtek ALC886-GR HDA, 5.1 kana\u0142\u00f3w, 1x wbudowana g\u0142owica pin audio<br \/>\n<\/td>\n<\/tr>\n<tr class=\"row-11\">\n\t<td class=\"column-1\">Kontroler graficzny<\/td><td class=\"column-2\">Zintegrowany silnik graficzny procesor\u00f3w Intel\u00ae Xeon\u00ae i Core \u2122 i3, Zapewnia ulepszone mo\u017cliwo\u015bci multimedialne 3D, w tym Microsoft DirectX 12, OCL 2.x i OpenGL 4.3 \/ 4.4<br \/>\n<\/td>\n<\/tr>\n<tr class=\"row-12\">\n\t<td class=\"column-1\">Interfejs wy\u015bwietlacza<\/td><td class=\"column-2\">1x HDMI do 4096x2160 @ 24Hz, 1x DVI-I z ty\u0142u I \/ O (1920x1200 @ 60Hz przez VGA przez DVI-I, 1920x1200 @ 60Hz przez DVI-D przez DVI-I)<br \/>\n<\/td>\n<\/tr>\n<tr class=\"row-13\">\n\t<td class=\"column-1\">Oprogramowanie uk\u0142adowe<\/td><td class=\"column-2\">AMI UEFI BIOS (SPI ROM)<br \/>\n<\/td>\n<\/tr>\n<tr class=\"row-14\">\n\t<td class=\"column-1\">Magazynowanie pami\u0119ci<\/td><td class=\"column-2\">4x z\u0142\u0105cze SATAIII na p\u0142ycie, 2x z\u0142\u0105cze SATAIII przez p\u0142yt\u0119 monta\u017cow\u0105, RAID 0, 1, 5, 10<br \/>\n<\/td>\n<\/tr>\n<tr class=\"row-15\">\n\t<td class=\"column-1\">Wymagania mocy<\/td><td class=\"column-2\">+12V, +5V, Obs\u0142uguje tryb ATX<\/td>\n<\/tr>\n<tr class=\"row-16\">\n\t<td class=\"column-1\">Temperatura operacyjna<\/td><td class=\"column-2\">0\u00b0C ~ 60\u00b0C<br \/>\n<\/td>\n<\/tr>\n<tr class=\"row-17\">\n\t<td class=\"column-1\">Temperatura przechowywania<\/td><td class=\"column-2\">-20\u00b0C ~ 80\u00b0C<br \/>\n<\/td>\n<\/tr>\n<tr class=\"row-18\">\n\t<td class=\"column-1\">Wymiary<\/td><td class=\"column-2\">338.5 (L) x126.39 (W) mm<br \/>\n<\/td>\n<\/tr>\n<tr class=\"row-19\">\n\t<td class=\"column-1\">MTBF<\/td><td class=\"column-2\">Ponad 100 000 godzin w 40\u00b0C<br \/>\n<\/td>\n<\/tr>\n<tr class=\"row-20\">\n\t<td class=\"column-1\">Inne<\/td><td class=\"column-2\">Super I \/ O - ITE IT8528E, Watchdog Timer, Monitoring sprz\u0119tu<br \/>\n<\/td>\n<\/tr>\n<tr class=\"row-21\">\n\t<td class=\"column-1\">Format<\/td><td class=\"column-2\">PICMG 1.3<br \/>\n<\/td>\n<\/tr>\n<\/tbody>\n<\/table>\n<!-- #tablepress-363 from cache -->\n","protected":false},"excerpt":{"rendered":"<p>PQ7-M108 firmy Portwell zosta\u0142 zaprojektowany z procesorem Intel\u00ae Atom&#x2122; z serii E3900, procesorem Intel\u00ae Pentium\u00ae N4200 i procesorem Intel\u00ae Celeron\u00ae N3350 (o nazwie kodowej Apollo Lake), oferuj\u0105c wy\u017csz\u0105 wydajno\u015b\u0107 graficzn\u0105 i wi\u0119ksz\u0105 przepustowo\u015b\u0107 pami\u0119ci ni\u017c poprzednia platforma.<\/p>\n","protected":false},"featured_media":11252,"template":"","meta":{"_acf_changed":false,"inline_featured_image":false,"_monsterinsights_skip_tracking":false,"_monsterinsights_sitenote_active":false,"_monsterinsights_sitenote_note":"","_monsterinsights_sitenote_category":0},"product_brand":[],"product_cat":[973,1584,972,1138],"product_tag":[],"class_list":{"0":"post-7224","1":"product","2":"type-product","3":"status-publish","4":"has-post-thumbnail","6":"product_cat-komputer-typu-com","7":"product_cat-komputery-jednoplytkowe-sbc-2","8":"product_cat-portwell-pl","9":"product_cat-qseven-pl","11":"first","12":"instock","13":"shipping-taxable","14":"product-type-simple"},"acf":[],"_links":{"self":[{"href":"https:\/\/quantum.com.pl\/pl\/wp-json\/wp\/v2\/product\/7224","targetHints":{"allow":["GET"]}}],"collection":[{"href":"https:\/\/quantum.com.pl\/pl\/wp-json\/wp\/v2\/product"}],"about":[{"href":"https:\/\/quantum.com.pl\/pl\/wp-json\/wp\/v2\/types\/product"}],"wp:featuredmedia":[{"embeddable":true,"href":"https:\/\/quantum.com.pl\/pl\/wp-json\/wp\/v2\/media\/11252"}],"wp:attachment":[{"href":"https:\/\/quantum.com.pl\/pl\/wp-json\/wp\/v2\/media?parent=7224"}],"wp:term":[{"taxonomy":"product_brand","embeddable":true,"href":"https:\/\/quantum.com.pl\/pl\/wp-json\/wp\/v2\/product_brand?post=7224"},{"taxonomy":"product_cat","embeddable":true,"href":"https:\/\/quantum.com.pl\/pl\/wp-json\/wp\/v2\/product_cat?post=7224"},{"taxonomy":"product_tag","embeddable":true,"href":"https:\/\/quantum.com.pl\/pl\/wp-json\/wp\/v2\/product_tag?post=7224"}],"curies":[{"name":"wp","href":"https:\/\/api.w.org\/{rel}","templated":true}]}}