{"id":7235,"date":"2019-12-21T16:15:15","date_gmt":"2019-12-21T15:15:15","guid":{"rendered":"https:\/\/quantum.com.pl\/?post_type=product&#038;p=7235"},"modified":"2020-08-25T23:26:24","modified_gmt":"2020-08-25T21:26:24","slug":"robo-8114vg2ar","status":"publish","type":"product","link":"https:\/\/quantum.com.pl\/pl\/product\/robo-8114vg2ar\/","title":{"rendered":"ROBO-8114VG2AR"},"content":{"rendered":"<h4>Procesory Intel\u00ae Xeon\u00ae \/ Core&#x2122; i3 \/ i5 \/ i7 \/ Pentium\u00ae \/ Celeron\u00ae oparte na PICMG 1.3 SHB z DDR4 SDRAM, HDMI, DVI-I, Dual Gigabit Ethernet, Audio i USB<\/h4>\n<p><strong>Dane techniczne<\/strong><\/p>\n<ul>\n<li>Obs\u0142uguje procesory Intel\u00ae Xeon\u00ae \/ Core&#x2122; i3 \/ i5 \/ i7 \/ Pentium\u00ae \/ Celeron\u00ae w pakiecie LGA 1151<\/li>\n<li>Zapewnia do 128 GB (bez ECC) maks. DDR4 2400 ECC SO-DIMM na czterech gniazdach<\/li>\n<li>Obs\u0142uguje wy\u015bwietlanie wielokrotne przez DVI-I (DVID + VGA) i HDMI<\/li>\n<li>Szybki, podw\u00f3jny Gigabit Ethernet oparty na interfejsie I\/O PCI express x 1, o du\u017cej przepustowo\u015bci<\/li>\n<li>Bogate po\u0142\u0105czenia I\/O, takie jak cztery porty szeregowe, USB 3.0 \/ 2.0, porty SATA III<\/li>\n<li>Wsparcie na p\u0142ycie TPM2.0<\/li>\n<\/ul>\n<p>ROBO-8114VG2AR jest oparty na chipsecie Intel\u00ae C246 i procesorach stacji roboczych. Zbudowany z elastycznymi rozszerzeniami PCI express, ROBO-8114VG2AR przystosowany jest do zastosowa\u0144 medycznych, automatyki przemys\u0142owej i aplikacji digital signage.<\/p>\n\n<table id=\"tablepress-365\" class=\"tablepress tablepress-id-365\">\n<thead>\n<tr class=\"row-1\">\n\t<th class=\"column-1\"><strong>Specyfikacje<\/strong><\/th><td class=\"column-2\"><\/td>\n<\/tr>\n<\/thead>\n<tbody class=\"row-striping row-hover\">\n<tr class=\"row-2\">\n\t<td class=\"column-1\">CPU<\/td><td class=\"column-2\">Procesor Intel\u00ae Core \u2122 i7-6700TE (4 x 2,40 GHz \/ 3,40 GHz, 8 MB SmartCache, 35 W)<br \/>\nProcesor Intel\u00ae Core \u2122 i5-6500TE (4 x 2,30 GHz \/ 3,30 GHz, 6 MB SmartCache, 35 W)<\/td>\n<\/tr>\n<tr class=\"row-3\">\n\t<td class=\"column-1\">Technologia<\/td><td class=\"column-2\">x86<\/td>\n<\/tr>\n<tr class=\"row-4\">\n\t<td class=\"column-1\">Chipset<\/td><td class=\"column-2\">Intel\u00ae Q170 PCH<br \/>\n<\/td>\n<\/tr>\n<tr class=\"row-5\">\n\t<td class=\"column-1\">DRAM<\/td><td class=\"column-2\">Do 32 GB pami\u0119ci DDR4 SDRAM<br \/>\n<\/td>\n<\/tr>\n<tr class=\"row-6\">\n\t<td class=\"column-1\">Magazynowanie pami\u0119ci<\/td><td class=\"column-2\">6 nap\u0119d\u00f3w SATAIII (dwa porty przez p\u0142yt\u0119 monta\u017cow\u0105), RAID 0, 1, 5, 10<br \/>\n<\/td>\n<\/tr>\n<tr class=\"row-7\">\n\t<td class=\"column-1\">Rozszerzenia<\/td><td class=\"column-2\">Z procesora (Core i5 \/ i7) 1x PCI Express x16 lub 2x PCI Express x8 lub 1x PCI Express x8 + 2x PCI Express x4 przez ustawienie (Gen3 do 8,0 GT \/ s), Z PCH 1x PCI Express x4 lub 4x PCI Express x1 dzi\u0119ki wsparciu BIOS (Gen 3 do 8,0 GT \/ s)<br \/>\n<\/td>\n<\/tr>\n<tr class=\"row-8\">\n\t<td class=\"column-1\">Interfejs szeregowy<\/td><td class=\"column-2\">2x porty RS232, 2x do wyboru RS232 \/ 422\/485, port LPC do COM IC Fintek F81216DG<br \/>\n<\/td>\n<\/tr>\n<tr class=\"row-9\">\n\t<td class=\"column-1\">USB<\/td><td class=\"column-2\">10x porty USB 3.0 na p\u0142ycie (osiem port\u00f3w na p\u0142ycie, dwa porty na wsporniku), magistrala 5 Gb\/s zdolna do szybkich \/ pe\u0142nych \/ niskich pr\u0119dko\u015bci zakres\u00f3w danych, 2x porty USB 2.0 (poprzez p\u0142yt\u0119 monta\u017cow\u0105), magistrala 480 Mb\/s zakres\u00f3w danych o du\u017cej \/ pe\u0142nej \/ niskiej pr\u0119dko\u015bci<br \/>\n<\/td>\n<\/tr>\n<tr class=\"row-10\">\n\t<td class=\"column-1\">Kontroler graficzny<\/td><td class=\"column-2\">Zintegrowany silnik graficzny procesor\u00f3w Intel\u00ae Core\u2122 i5 \/ i7, zapewnia ulepszone mo\u017cliwo\u015bci multimedialne 3D, w tym Microsoft DirectX 12, OCL 2.xi OpenGL 4.3 \/ 4.4<\/td>\n<\/tr>\n<tr class=\"row-11\">\n\t<td class=\"column-1\">Interfejs wy\u015bwietlacza<\/td><td class=\"column-2\">CRT na wsporniku Rozdzielczo\u015b\u0107 do 1920x1200 @ 60Hz, DVI-D na wsporniku do 1920x1200 @ 60Hz (CRT + DVI-D na wsporniku przez port DVI-I), HDMI do 4096x2160 @ 24Hz<\/td>\n<\/tr>\n<tr class=\"row-12\">\n\t<td class=\"column-1\">Oprogramowanie uk\u0142adowe<\/td><td class=\"column-2\">AMI uFEI BIOS (SPI ROM)<br \/>\n<\/td>\n<\/tr>\n<tr class=\"row-13\">\n\t<td class=\"column-1\">Audio<\/td><td class=\"column-2\">Wbudowany Intel\u00ae PCH High Definition Audio do 192-kHz 32-bit, kodek Realtek ALC886-GR HDA, 5.1 kana\u0142\u00f3w, jedna wbudowana g\u0142owica pin audio<\/td>\n<\/tr>\n<tr class=\"row-14\">\n\t<td class=\"column-1\">Sie\u0107<\/td><td class=\"column-2\">Gigabitowy kontroler ethernetowy Intel\u00ae WGI219LM + WGI210AT, Podw\u00f3jny Ethernet 10BASE-T \/ 100BASE-TX \/ 1000BASE-T, Interfejs PCI Express x1 oparty na Gigabit Ethernet, Podw\u00f3jne z\u0142\u0105cze RJ-45 z dwoma wska\u017anikami LED<\/td>\n<\/tr>\n<tr class=\"row-15\">\n\t<td class=\"column-1\">Wymagania mocy<\/td><td class=\"column-2\">+12V, +5V, obs\u0142uga trybu ATX<\/td>\n<\/tr>\n<tr class=\"row-16\">\n\t<td class=\"column-1\">Temperatura operacyjna<\/td><td class=\"column-2\">0\u00b0C ~ 60\u00b0C<br \/>\n<\/td>\n<\/tr>\n<tr class=\"row-17\">\n\t<td class=\"column-1\">Temperatura przechowywania<\/td><td class=\"column-2\">-20\u00b0C ~ 80\u00b0C<br \/>\n<\/td>\n<\/tr>\n<tr class=\"row-18\">\n\t<td class=\"column-1\">MTBF<\/td><td class=\"column-2\">ponad 100 000 godzin w 40\u00b0C<br \/>\n<\/td>\n<\/tr>\n<tr class=\"row-19\">\n\t<td class=\"column-1\">Wymiary<\/td><td class=\"column-2\">338.5x126.39 mm<br \/>\n<\/td>\n<\/tr>\n<tr class=\"row-20\">\n\t<td class=\"column-1\">Inne<\/td><td class=\"column-2\">Super I \/ O - ITE IT8528E, Watchdog, monitorowanie sprz\u0119tu<br \/>\n<\/td>\n<\/tr>\n<\/tbody>\n<\/table>\n\n","protected":false},"excerpt":{"rendered":"<p>ROBO-8114VG2AR jest oparty na chipsecie Intel\u00ae C246 i procesorach stacji roboczych. Zbudowany z elastycznymi rozszerzeniami PCI express, ROBO-8114VG2AR przystosowany jest do zastosowa\u0144 medycznych, automatyki przemys\u0142owej i aplikacji digital signage.<\/p>\n","protected":false},"featured_media":11372,"template":"","meta":{"_acf_changed":false,"inline_featured_image":false,"_monsterinsights_skip_tracking":false,"_monsterinsights_sitenote_active":false,"_monsterinsights_sitenote_note":"","_monsterinsights_sitenote_category":0},"product_brand":[],"product_cat":[1188,1584,1186,972,1232],"product_tag":[],"class_list":{"0":"post-7235","1":"product","2":"type-product","3":"status-publish","4":"has-post-thumbnail","6":"product_cat-komputer-jednoplytkowy","7":"product_cat-komputery-jednoplytkowe-sbc-2","8":"product_cat-komputery-przemyslowe","9":"product_cat-portwell-pl","10":"product_cat-intel-core-picmg-jednoplytkowy","12":"first","13":"instock","14":"shipping-taxable","15":"product-type-simple"},"acf":[],"_links":{"self":[{"href":"https:\/\/quantum.com.pl\/pl\/wp-json\/wp\/v2\/product\/7235","targetHints":{"allow":["GET"]}}],"collection":[{"href":"https:\/\/quantum.com.pl\/pl\/wp-json\/wp\/v2\/product"}],"about":[{"href":"https:\/\/quantum.com.pl\/pl\/wp-json\/wp\/v2\/types\/product"}],"wp:featuredmedia":[{"embeddable":true,"href":"https:\/\/quantum.com.pl\/pl\/wp-json\/wp\/v2\/media\/11372"}],"wp:attachment":[{"href":"https:\/\/quantum.com.pl\/pl\/wp-json\/wp\/v2\/media?parent=7235"}],"wp:term":[{"taxonomy":"product_brand","embeddable":true,"href":"https:\/\/quantum.com.pl\/pl\/wp-json\/wp\/v2\/product_brand?post=7235"},{"taxonomy":"product_cat","embeddable":true,"href":"https:\/\/quantum.com.pl\/pl\/wp-json\/wp\/v2\/product_cat?post=7235"},{"taxonomy":"product_tag","embeddable":true,"href":"https:\/\/quantum.com.pl\/pl\/wp-json\/wp\/v2\/product_tag?post=7235"}],"curies":[{"name":"wp","href":"https:\/\/api.w.org\/{rel}","templated":true}]}}