{"id":7257,"date":"2019-12-21T17:30:22","date_gmt":"2019-12-21T16:30:22","guid":{"rendered":"https:\/\/quantum.com.pl\/?post_type=product&#038;p=7257"},"modified":"2020-08-25T23:26:23","modified_gmt":"2020-08-25T21:26:23","slug":"robo-8113vg2ar-q170","status":"publish","type":"product","link":"https:\/\/quantum.com.pl\/pl\/product\/robo-8113vg2ar-q170\/","title":{"rendered":"ROBO-8113VG2AR-Q170"},"content":{"rendered":"<h4>Komputer jednop\u0142ytkowy SHB SBC 6. generacji oparty na Intel Core LGA1151<\/h4>\n<p><strong>Dane techniczne<\/strong><\/p>\n<ul>\n<li>Obs\u0142uga procesor\u00f3w Intel\u00ae Core&#x2122; i7 \/ i5 6. generacji (wcze\u015bniej Skylake) w pakiecie LGA1151<\/li>\n<li>Obs\u0142uga do 32 GB pami\u0119ci DDR4-2133 non-ECC DIMM na dw\u00f3ch gniazdach<\/li>\n<li>Obs\u0142uga wielu wy\u015bwietlaczy dzi\u0119ki DVI-I (DVI-D + VGA) i HDMI<\/li>\n<li>Szybki podw\u00f3jny Gigabit Ethernet oparty na interfejsie I \/ O PCI Express x1<\/li>\n<li>Bogate po\u0142\u0105czenia I\/O, takie jak cztery porty szeregowe, USB 3.0 \/ 2.0, porty SATA III<\/li>\n<\/ul>\n<p>ROBO-8113VG2AR-Q170 jest oparty na chipsecie Intel\u00ae Q170 i procesorach desktop Intel\u00ae Core&#x2122; i7 \/ i 6. generacji. Zbudowany z elastycznymi rozszerzeniami PCI Express, Portwell ROBO-8113VG2AR-Q170 przystosowany jest do zastosowa\u0144 medycznych, automatyki przemys\u0142owej i oznakowa\u0144 cyfrowych.<\/p>\n\n<table id=\"tablepress-369\" class=\"tablepress tablepress-id-369\">\n<thead>\n<tr class=\"row-1\">\n\t<th class=\"column-1\"><strong>Specyfikacje<\/strong><\/th><td class=\"column-2\"><\/td>\n<\/tr>\n<\/thead>\n<tbody class=\"row-striping row-hover\">\n<tr class=\"row-2\">\n\t<td class=\"column-1\">CPU<\/td><td class=\"column-2\">Intel\u00ae Core\u2122 i3-3220 Processor (2 x 3.30 GHz, 3 MB SmartCache, 55 W)<br \/>\nIntel\u00ae Pentium\u00ae Processor G2120 (2 x 3.10 GHz, 3 MB SmartCache, 55 W)<\/td>\n<\/tr>\n<tr class=\"row-3\">\n\t<td class=\"column-1\">Wymiary<\/td><td class=\"column-2\">338.5x126.39 mm<br \/>\n<\/td>\n<\/tr>\n<tr class=\"row-4\">\n\t<td class=\"column-1\">Temperatura przechowywania<\/td><td class=\"column-2\">-20\u00b0C ~ 80\u00b0C<br \/>\n<\/td>\n<\/tr>\n<tr class=\"row-5\">\n\t<td class=\"column-1\">Temperatura operacyjna<\/td><td class=\"column-2\">0\u00b0C ~ 60\u00b0C<br \/>\n<\/td>\n<\/tr>\n<tr class=\"row-6\">\n\t<td class=\"column-1\">Wymagania mocy<\/td><td class=\"column-2\">+12V, +5V, obs\u0142uga trybu ATX<br \/>\n<br \/>\n<br \/>\n<\/td>\n<\/tr>\n<tr class=\"row-7\">\n\t<td class=\"column-1\">Oprogramowanie uk\u0142adowe<\/td><td class=\"column-2\">Phoenix UEFI BIOS<br \/>\n<\/td>\n<\/tr>\n<tr class=\"row-8\">\n\t<td class=\"column-1\">Inne<\/td><td class=\"column-2\">PS\/2, LPT, GPIO 8bit,Watchdog Timer<br \/>\n<\/td>\n<\/tr>\n<tr class=\"row-9\">\n\t<td class=\"column-1\">Audio<\/td><td class=\"column-2\">Realtek ALC 886-GR HD Audio codec<br \/>\n<br \/>\n<br \/>\n<\/td>\n<\/tr>\n<tr class=\"row-10\">\n\t<td class=\"column-1\">USB<\/td><td class=\"column-2\">10x USB 2.0, 4x USB 3.0<br \/>\n<\/td>\n<\/tr>\n<tr class=\"row-11\">\n\t<td class=\"column-1\">Interfejs szeregowy<\/td><td class=\"column-2\">1x RS232, 1x RS232\/422\/485<br \/>\n<\/td>\n<\/tr>\n<tr class=\"row-12\">\n\t<td class=\"column-1\">Interfejs magistrali<\/td><td class=\"column-2\">4x gniazda PCI, 1x gniazdo PCIe x16, 1x gniazdo PCIe x4<br \/>\n<br \/>\n<br \/>\n<\/td>\n<\/tr>\n<tr class=\"row-13\">\n\t<td class=\"column-1\">Sie\u0107<\/td><td class=\"column-2\">2x GbE<br \/>\n<\/td>\n<\/tr>\n<tr class=\"row-14\">\n\t<td class=\"column-1\">Interfejs wy\u015bwietlacza<\/td><td class=\"column-2\">VGA\/DVI-D\/HDMI<br \/>\n<\/td>\n<\/tr>\n<tr class=\"row-15\">\n\t<td class=\"column-1\">DRAM<\/td><td class=\"column-2\">2x DDR3 ECC DIMM Up to 16GB<br \/>\n<\/td>\n<\/tr>\n<tr class=\"row-16\">\n\t<td class=\"column-1\">Chipset<\/td><td class=\"column-2\">Intel\u00ae Q77<br \/>\n<\/td>\n<\/tr>\n<tr class=\"row-17\">\n\t<td class=\"column-1\">Format<\/td><td class=\"column-2\">PICMG 1.3<br \/>\n<\/td>\n<\/tr>\n<tr class=\"row-18\">\n\t<td class=\"column-1\">MTBF<\/td><td class=\"column-2\">ponad 100 000 godzin w 40\u00b0C<br \/>\n<br \/>\n<\/td>\n<\/tr>\n<\/tbody>\n<\/table>\n<!-- #tablepress-369 from cache -->\n","protected":false},"excerpt":{"rendered":"<p>ROBO-8113VG2AR-Q170 jest oparty na chipsecie Intel\u00ae Q170 i procesorach desktop Intel\u00ae Core&#x2122; i7 \/ i 6. generacji.<\/p>\n","protected":false},"featured_media":11368,"template":"","meta":{"_acf_changed":false,"inline_featured_image":false,"_monsterinsights_skip_tracking":false,"_monsterinsights_sitenote_active":false,"_monsterinsights_sitenote_note":"","_monsterinsights_sitenote_category":0},"product_brand":[],"product_cat":[1188,1584,1186,972,1232],"product_tag":[],"class_list":{"0":"post-7257","1":"product","2":"type-product","3":"status-publish","4":"has-post-thumbnail","6":"product_cat-komputer-jednoplytkowy","7":"product_cat-komputery-jednoplytkowe-sbc-2","8":"product_cat-komputery-przemyslowe","9":"product_cat-portwell-pl","10":"product_cat-intel-core-picmg-jednoplytkowy","12":"first","13":"instock","14":"shipping-taxable","15":"product-type-simple"},"acf":[],"_links":{"self":[{"href":"https:\/\/quantum.com.pl\/pl\/wp-json\/wp\/v2\/product\/7257","targetHints":{"allow":["GET"]}}],"collection":[{"href":"https:\/\/quantum.com.pl\/pl\/wp-json\/wp\/v2\/product"}],"about":[{"href":"https:\/\/quantum.com.pl\/pl\/wp-json\/wp\/v2\/types\/product"}],"wp:featuredmedia":[{"embeddable":true,"href":"https:\/\/quantum.com.pl\/pl\/wp-json\/wp\/v2\/media\/11368"}],"wp:attachment":[{"href":"https:\/\/quantum.com.pl\/pl\/wp-json\/wp\/v2\/media?parent=7257"}],"wp:term":[{"taxonomy":"product_brand","embeddable":true,"href":"https:\/\/quantum.com.pl\/pl\/wp-json\/wp\/v2\/product_brand?post=7257"},{"taxonomy":"product_cat","embeddable":true,"href":"https:\/\/quantum.com.pl\/pl\/wp-json\/wp\/v2\/product_cat?post=7257"},{"taxonomy":"product_tag","embeddable":true,"href":"https:\/\/quantum.com.pl\/pl\/wp-json\/wp\/v2\/product_tag?post=7257"}],"curies":[{"name":"wp","href":"https:\/\/api.w.org\/{rel}","templated":true}]}}