{"id":7268,"date":"2019-12-21T17:49:25","date_gmt":"2019-12-21T16:49:25","guid":{"rendered":"https:\/\/quantum.com.pl\/?post_type=product&#038;p=7268"},"modified":"2020-08-25T23:26:23","modified_gmt":"2020-08-25T21:26:23","slug":"robo-8112vg2ar-q87","status":"publish","type":"product","link":"https:\/\/quantum.com.pl\/pl\/product\/robo-8112vg2ar-q87\/","title":{"rendered":"ROBO-8112VG2AR-Q87"},"content":{"rendered":"<h4>Komputer jednop\u0142ytkowy Intel Q87 PCH i5 \/ i7 SBC LGA-1150<\/h4>\n<p><strong>Dane techniczne<\/strong><\/p>\n<ul>\n<li>Obs\u0142uguje procesory Intel\u00ae Core&#x2122; i3 \/ i5 \/ i7 (Haswell) i Q87 PCH w pakiecie LGA1150<\/li>\n<li>Zapewnia maksymalnie 16 GB pami\u0119ci DDR3 1333\/1600 non-ECC SDRAM na dw\u00f3ch gniazdach DIMM<\/li>\n<li>Obs\u0142uguje potr\u00f3jne wy\u015bwietlanie dzi\u0119ki DVI-I (DVI-D + VGA) i HDMI<\/li>\n<li>Obs\u0142uguje Intel\u00ae iAMT 9.0<\/li>\n<li>Szybki podw\u00f3jny Gigabit Ethernet oparty na interfejsie I \/ O PCI Express x1<\/li>\n<li>Bogate po\u0142\u0105czenia I\/O, takie jak FDD, dwa Gigabit Ethernet, porty szeregowe, port r\u00f3wnoleg\u0142y, USB 2.0 \/ 3.0<\/li>\n<li>Pi\u0119\u0107 wbudowanych port\u00f3w SATA III obs\u0142uguje RAID 0,1,5,10 (dwa porty na p\u0142ycie monta\u017cowej)<\/li>\n<\/ul>\n<p>Intel\u00ae Q87 PCH obs\u0142uguj\u0105cy dwurdzeniowy procesor Intel\u00ae Core&#x2122; i3 \/ i7 \/ i5 w PICMG 1.3 SHB oparty na gnie\u017adzie LGA-1150 do 16 GB DDR3, DVI-I, Dual Gigabit Ethernet i audio<\/p>\n\n<table id=\"tablepress-371\" class=\"tablepress tablepress-id-371\">\n<thead>\n<tr class=\"row-1\">\n\t<th class=\"column-1\"><strong>Specyfikacje<\/strong><\/th><td class=\"column-2\"><\/td>\n<\/tr>\n<\/thead>\n<tbody class=\"row-striping row-hover\">\n<tr class=\"row-2\">\n\t<td class=\"column-1\">CPU<\/td><td class=\"column-2\">Intel\u00ae Xeon\u00ae Processor E5-2648L v3 (12 x 1.80 GHz \/ 2.50 GHz, 30 MB SmartCache, 75 W)<br \/>\nIntel\u00ae Xeon\u00ae Processor E5-2628L v3 (10 x 2.00 GHz \/ 2.50 GHz, 25 MB SmartCache, 75 W)<br \/>\nIntel\u00ae Xeon\u00ae Processor E5-2618L v3 (8 x 2.30 GHz \/ 3.40 GHz, 20 MB SmartCache, 75 W)<br \/>\nIntel\u00ae Xeon\u00ae Processor E5-2608L v3 (6 x 2.00 GHz, 15 MB SmartCache, 52 W)<\/td>\n<\/tr>\n<tr class=\"row-3\">\n\t<td class=\"column-1\">Format<\/td><td class=\"column-2\">PICMG 1.3<br \/>\n<\/td>\n<\/tr>\n<tr class=\"row-4\">\n\t<td class=\"column-1\">Chipset<\/td><td class=\"column-2\">Intel\u00ae C612<br \/>\n<\/td>\n<\/tr>\n<tr class=\"row-5\">\n\t<td class=\"column-1\">DRAM<\/td><td class=\"column-2\">Do 256 GB pami\u0119ci DDR4 SDRAM<br \/>\n<\/td>\n<\/tr>\n<tr class=\"row-6\">\n\t<td class=\"column-1\">Kontroler graficzny<\/td><td class=\"column-2\">ASPEED AST1400<br \/>\n<\/td>\n<\/tr>\n<tr class=\"row-7\">\n\t<td class=\"column-1\">Interfejs wy\u015bwietlacza<\/td><td class=\"column-2\">CRT na wsporniku Rozdzielczo\u015b\u0107 do 1920x1200 @ 60Hz<br \/>\n<\/td>\n<\/tr>\n<tr class=\"row-8\">\n\t<td class=\"column-1\">Magazynowanie pami\u0119ci<\/td><td class=\"column-2\">4x nap\u0119dy SATAIII (dwa porty dzi\u0119ki p\u0142ycie monta\u017cowej), RAID 0, 1<br \/>\n<\/td>\n<\/tr>\n<tr class=\"row-9\">\n\t<td class=\"column-1\">Sie\u0107<\/td><td class=\"column-2\">Wbudowany kontroler Gigabit Ethernet Intel\u00ae WGI217LM + WGI210AT, Podw\u00f3jny Ethernet 10BASE-T \/ 100BASE-TX \/ 1000BASE-T, Interfejs PCI Express x1 oparty na Gigabit Ethernet, Pojedyncze z\u0142\u0105cze RJ-45 z dwoma wska\u017anikami LED dla WGI217LM na wsporniku, inna droga portu do sekcji C gold finger na BP dla WGI210AT<br \/>\n<\/td>\n<\/tr>\n<tr class=\"row-10\">\n\t<td class=\"column-1\">Interfejs szeregowy<\/td><td class=\"column-2\">2x droga sygna\u0142u Tx \/ Rx do sekcji C gold finger na BP (4 piny)<br \/>\n<\/td>\n<\/tr>\n<tr class=\"row-11\">\n\t<td class=\"column-1\">USB<\/td><td class=\"column-2\">4x porty USB 2.0 (dzi\u0119ki p\u0142ycie monta\u017cowej), magistrala 480 Mb\/s zdolna do przesy\u0142ania danych z du\u017cymi pr\u0119dko\u015bciami \/ pe\u0142nymi pr\u0119dko\u015bciami \/ niskimi pr\u0119dko\u015bciami, 2x porty USB 3.0 na wsporniku, magistrala AJ48 5 Gb\/s zdolna do du\u017cych pr\u0119dko\u015bci \/ pe\u0142nej pr\u0119dko\u015bci \/ niskiego zakresu pr\u0119dko\u015bci<br \/>\n<\/td>\n<\/tr>\n<tr class=\"row-12\">\n\t<td class=\"column-1\">Audio<\/td><td class=\"column-2\">N\/A<\/td>\n<\/tr>\n<tr class=\"row-13\">\n\t<td class=\"column-1\">Inne<\/td><td class=\"column-2\">Super I \/ O - ITE IT8772E, Watchdog, monitorowanie sprz\u0119tu<br \/>\n<\/td>\n<\/tr>\n<tr class=\"row-14\">\n\t<td class=\"column-1\">Oprogramowanie uk\u0142adowe<\/td><td class=\"column-2\">AMI uFEI BIOS (SPI ROM)<br \/>\n<\/td>\n<\/tr>\n<tr class=\"row-15\">\n\t<td class=\"column-1\">Wymagania mocy<\/td><td class=\"column-2\">+12V, +5V, obs\u0142uga trybu ATX<br \/>\n<\/td>\n<\/tr>\n<tr class=\"row-16\">\n\t<td class=\"column-1\">Temperatura operacyjna<\/td><td class=\"column-2\">0\u00b0C ~ 60\u00b0C<br \/>\n<br \/>\n<\/td>\n<\/tr>\n<tr class=\"row-17\">\n\t<td class=\"column-1\">Temperatura przechowywania<\/td><td class=\"column-2\">-20\u00b0C ~ 80\u00b0C<br \/>\n<\/td>\n<\/tr>\n<tr class=\"row-18\">\n\t<td class=\"column-1\">Wymiary<\/td><td class=\"column-2\">338.5x126.39 mm<br \/>\n<\/td>\n<\/tr>\n<tr class=\"row-19\">\n\t<td class=\"column-1\">MTBF<\/td><td class=\"column-2\">ponad 100 000 godzin w 40\u00b0C<br \/>\n<\/td>\n<\/tr>\n<\/tbody>\n<\/table>\n<!-- #tablepress-371 from cache -->\n","protected":false},"excerpt":{"rendered":"<p>Intel\u00ae Q87 PCH obs\u0142uguj\u0105cy dwurdzeniowy procesor Intel\u00ae Core&#x2122; i3 \/ i7 \/ i5 w PICMG 1.3 SHB oparty na gnie\u017adzie LGA-1150 do 16 GB DDR3, DVI-I, Dual Gigabit Ethernet i audio<\/p>\n","protected":false},"featured_media":11362,"template":"","meta":{"_acf_changed":false,"inline_featured_image":false,"_monsterinsights_skip_tracking":false,"_monsterinsights_sitenote_active":false,"_monsterinsights_sitenote_note":"","_monsterinsights_sitenote_category":0},"product_brand":[],"product_cat":[1188,1584,1186,972,1232],"product_tag":[],"class_list":{"0":"post-7268","1":"product","2":"type-product","3":"status-publish","4":"has-post-thumbnail","6":"product_cat-komputer-jednoplytkowy","7":"product_cat-komputery-jednoplytkowe-sbc-2","8":"product_cat-komputery-przemyslowe","9":"product_cat-portwell-pl","10":"product_cat-intel-core-picmg-jednoplytkowy","12":"first","13":"instock","14":"shipping-taxable","15":"product-type-simple"},"acf":[],"_links":{"self":[{"href":"https:\/\/quantum.com.pl\/pl\/wp-json\/wp\/v2\/product\/7268","targetHints":{"allow":["GET"]}}],"collection":[{"href":"https:\/\/quantum.com.pl\/pl\/wp-json\/wp\/v2\/product"}],"about":[{"href":"https:\/\/quantum.com.pl\/pl\/wp-json\/wp\/v2\/types\/product"}],"wp:featuredmedia":[{"embeddable":true,"href":"https:\/\/quantum.com.pl\/pl\/wp-json\/wp\/v2\/media\/11362"}],"wp:attachment":[{"href":"https:\/\/quantum.com.pl\/pl\/wp-json\/wp\/v2\/media?parent=7268"}],"wp:term":[{"taxonomy":"product_brand","embeddable":true,"href":"https:\/\/quantum.com.pl\/pl\/wp-json\/wp\/v2\/product_brand?post=7268"},{"taxonomy":"product_cat","embeddable":true,"href":"https:\/\/quantum.com.pl\/pl\/wp-json\/wp\/v2\/product_cat?post=7268"},{"taxonomy":"product_tag","embeddable":true,"href":"https:\/\/quantum.com.pl\/pl\/wp-json\/wp\/v2\/product_tag?post=7268"}],"curies":[{"name":"wp","href":"https:\/\/api.w.org\/{rel}","templated":true}]}}