{"id":7292,"date":"2019-12-21T18:28:38","date_gmt":"2019-12-21T17:28:38","guid":{"rendered":"https:\/\/quantum.com.pl\/?post_type=product&#038;p=7292"},"modified":"2020-11-20T09:25:29","modified_gmt":"2020-11-20T08:25:29","slug":"robo-8210vg2ar","status":"publish","type":"product","link":"https:\/\/quantum.com.pl\/pl\/product\/robo-8210vg2ar\/","title":{"rendered":"ROBO-8210VG2AR"},"content":{"rendered":"<h4>Komputer jednop\u0142ytkowy Intel Core i7 \/ i5 SBC rPGA988 QM57 PICMG 1.3<\/h4>\n<p><strong>Dane techniczne<\/strong><\/p>\n<ul>\n<li>Obs\u0142uga procesor\u00f3w Intel\u00ae Core&#x2122; i7-620M \/ i5-520M \/ P4500 w pakiecie rPGA988<\/li>\n<li>Zapewnia maksymalnie 8 GB pami\u0119ci DDR3 1066\/800 na dw\u00f3ch gniazdach SODIMM<\/li>\n<li>Obs\u0142uga podw\u00f3jnego wy\u015bwietlacza przez port DVI-I na wsporniku<\/li>\n<li>Obs\u0142uga iAMT 6.0 i zewn\u0119trznego TPM za po\u015brednictwem modu\u0142u TPM<\/li>\n<li>Szybki podw\u00f3jny Gigabit Ethernet oparty na interfejsie I\/O PCI Express x1<\/li>\n<li>Bogate po\u0142\u0105czenia I\/O, takie jak FDD, dwa Gigabit Ethernet, porty szeregowe, port r\u00f3wnoleg\u0142y, USB 2.0<\/li>\n<li>Cztery wbudowane porty SATA obs\u0142uguj\u0105 RAID 0,1,5,10<\/li>\n<\/ul>\n<p>Chipset Intel\u00ae QM57 obs\u0142uguj\u0105cy podw\u00f3jny procesor PICMG 1.3 SHB oparty na procesorze Intel\u00ae Core&#x2122; i7 \/ i5 rPGA989 do 8 GB pami\u0119ci DDR3 SDRAM, DVI-I, Dual Gigabit Ethernet i audio<\/p>\n","protected":false},"excerpt":{"rendered":"<p>Chipset Intel\u00ae QM57 obs\u0142uguj\u0105cy podw\u00f3jny procesor PICMG 1.3 SHB oparty na procesorze Intel\u00ae Core&#x2122; i7 \/ i5 rPGA989 do 8 GB pami\u0119ci DDR3 SDRAM, DVI-I, Dual Gigabit Ethernet i audio<\/p>\n","protected":false},"featured_media":11378,"template":"","meta":{"_acf_changed":false,"inline_featured_image":false,"_monsterinsights_skip_tracking":false,"_monsterinsights_sitenote_active":false,"_monsterinsights_sitenote_note":"","_monsterinsights_sitenote_category":0},"product_brand":[],"product_cat":[1188,1584,1186,972,1232],"product_tag":[],"class_list":{"0":"post-7292","1":"product","2":"type-product","3":"status-publish","4":"has-post-thumbnail","6":"product_cat-komputer-jednoplytkowy","7":"product_cat-komputery-jednoplytkowe-sbc-2","8":"product_cat-komputery-przemyslowe","9":"product_cat-portwell-pl","10":"product_cat-intel-core-picmg-jednoplytkowy","12":"first","13":"instock","14":"shipping-taxable","15":"product-type-simple"},"acf":[],"_links":{"self":[{"href":"https:\/\/quantum.com.pl\/pl\/wp-json\/wp\/v2\/product\/7292","targetHints":{"allow":["GET"]}}],"collection":[{"href":"https:\/\/quantum.com.pl\/pl\/wp-json\/wp\/v2\/product"}],"about":[{"href":"https:\/\/quantum.com.pl\/pl\/wp-json\/wp\/v2\/types\/product"}],"wp:featuredmedia":[{"embeddable":true,"href":"https:\/\/quantum.com.pl\/pl\/wp-json\/wp\/v2\/media\/11378"}],"wp:attachment":[{"href":"https:\/\/quantum.com.pl\/pl\/wp-json\/wp\/v2\/media?parent=7292"}],"wp:term":[{"taxonomy":"product_brand","embeddable":true,"href":"https:\/\/quantum.com.pl\/pl\/wp-json\/wp\/v2\/product_brand?post=7292"},{"taxonomy":"product_cat","embeddable":true,"href":"https:\/\/quantum.com.pl\/pl\/wp-json\/wp\/v2\/product_cat?post=7292"},{"taxonomy":"product_tag","embeddable":true,"href":"https:\/\/quantum.com.pl\/pl\/wp-json\/wp\/v2\/product_tag?post=7292"}],"curies":[{"name":"wp","href":"https:\/\/api.w.org\/{rel}","templated":true}]}}