{"id":7299,"date":"2019-12-21T18:43:13","date_gmt":"2019-12-21T17:43:13","guid":{"rendered":"https:\/\/quantum.com.pl\/?post_type=product&#038;p=7299"},"modified":"2020-11-20T09:26:10","modified_gmt":"2020-11-20T08:26:10","slug":"robo-8780vg2a","status":"publish","type":"product","link":"https:\/\/quantum.com.pl\/pl\/product\/robo-8780vg2a\/","title":{"rendered":"ROBO-8780VG2A"},"content":{"rendered":"<h4>Komputer jednop\u0142ytkowy SBC, Intel Core i5 \/ i7 LGA 1155 BD82H61 PCH<\/h4>\n<p><strong>Dane techniczne<\/strong><\/p>\n<ul>\n<li>Obs\u0142uguje procesory Intel\u00ae Core&#x2122; i7 \/ i5 \/ i3 w pakiecie LGA1155<\/li>\n<li>Zapewnia maksymalnie 16 GB pami\u0119ci DDR3 1333\/1066 SDRAM bez ECC na dw\u00f3ch gniazdach DIMM<\/li>\n<li>Obs\u0142uguje podw\u00f3jny wy\u015bwietlacz VGA i DVI-D na p\u0142ycie<\/li>\n<li>Obs\u0142uguje dwa porty USB 3.0 na p\u0142ycie<\/li>\n<li>Szybki Intel\u00ae Dual Gigabit Ethernet 82579LM i 82583V oparty na PCI Expressx1, interfejs I\/O o du\u017cej przepustowo\u015bci<\/li>\n<\/ul>\n<p>Intel\u00ae BD82H61 PCH obs\u0142uguj\u0105cy podw\u00f3jny procesor Intel\u00ae Core&#x2122; i7 \/ i5 w PICMG 1.0 SHB oparty na gnie\u017adzie LGA-1155 obs\u0142uguje do 16 GB DDR3, VGA, Dual Gigabit Ethernet, Audio i USB 3.0<\/p>\n","protected":false},"excerpt":{"rendered":"<p>Intel\u00ae BD82H61 PCH obs\u0142uguj\u0105cy podw\u00f3jny procesor Intel\u00ae Core&#x2122; i7 \/ i5 w PICMG 1.0 SHB oparty na gnie\u017adzie LGA-1155 obs\u0142uguje do 16 GB DDR3, VGA, Dual Gigabit Ethernet, Audio i USB 3.0<\/p>\n","protected":false},"featured_media":11376,"template":"","meta":{"_acf_changed":false,"inline_featured_image":false,"_monsterinsights_skip_tracking":false,"_monsterinsights_sitenote_active":false,"_monsterinsights_sitenote_note":"","_monsterinsights_sitenote_category":0},"product_brand":[],"product_cat":[1188,1584,1186,972,1232],"product_tag":[],"class_list":{"0":"post-7299","1":"product","2":"type-product","3":"status-publish","4":"has-post-thumbnail","6":"product_cat-komputer-jednoplytkowy","7":"product_cat-komputery-jednoplytkowe-sbc-2","8":"product_cat-komputery-przemyslowe","9":"product_cat-portwell-pl","10":"product_cat-intel-core-picmg-jednoplytkowy","12":"first","13":"instock","14":"shipping-taxable","15":"product-type-simple"},"acf":[],"_links":{"self":[{"href":"https:\/\/quantum.com.pl\/pl\/wp-json\/wp\/v2\/product\/7299","targetHints":{"allow":["GET"]}}],"collection":[{"href":"https:\/\/quantum.com.pl\/pl\/wp-json\/wp\/v2\/product"}],"about":[{"href":"https:\/\/quantum.com.pl\/pl\/wp-json\/wp\/v2\/types\/product"}],"wp:featuredmedia":[{"embeddable":true,"href":"https:\/\/quantum.com.pl\/pl\/wp-json\/wp\/v2\/media\/11376"}],"wp:attachment":[{"href":"https:\/\/quantum.com.pl\/pl\/wp-json\/wp\/v2\/media?parent=7299"}],"wp:term":[{"taxonomy":"product_brand","embeddable":true,"href":"https:\/\/quantum.com.pl\/pl\/wp-json\/wp\/v2\/product_brand?post=7299"},{"taxonomy":"product_cat","embeddable":true,"href":"https:\/\/quantum.com.pl\/pl\/wp-json\/wp\/v2\/product_cat?post=7299"},{"taxonomy":"product_tag","embeddable":true,"href":"https:\/\/quantum.com.pl\/pl\/wp-json\/wp\/v2\/product_tag?post=7299"}],"curies":[{"name":"wp","href":"https:\/\/api.w.org\/{rel}","templated":true}]}}