{"id":7306,"date":"2019-12-21T19:08:20","date_gmt":"2019-12-21T18:08:20","guid":{"rendered":"https:\/\/quantum.com.pl\/?post_type=product&#038;p=7306"},"modified":"2020-08-25T23:26:24","modified_gmt":"2020-08-25T21:26:24","slug":"robo-8122vg2r","status":"publish","type":"product","link":"https:\/\/quantum.com.pl\/pl\/product\/robo-8122vg2r\/","title":{"rendered":"ROBO-8122VG2R"},"content":{"rendered":"<h4>Komputer jednop\u0142ytkowy z podw\u00f3jnym procesorem Intel Xeon SHB SBC LGA2011<\/h4>\n<p><strong>Dane techniczne<\/strong><\/p>\n<ul>\n<li>Obs\u0142uga podw\u00f3jnego procesora Intel\u00ae Xeon\u00ae z serii E5-2600 w pakiecie LGA2011 i chipsecie Intel C612<\/li>\n<li>Obs\u0142uguje do 256 GB pami\u0119ci DDR4-2133 \/ 1866 ECC DIMM na o\u015bmiu gniazdach<\/li>\n<li>Obs\u0142uguje silnik graficzny ASPEED AST1400 zapewniaj\u0105cy solidn\u0105 wydajno\u015b\u0107 2D dzi\u0119ki portowi VGA<\/li>\n<li>Szybki podw\u00f3jny Gigabit Ethernet oparty na interfejsie PCI Express x1<\/li>\n<li>Elastyczne konfiguracje PCI Express na p\u0142ycie monta\u017cowej do 36 linii<\/li>\n<\/ul>\n<p>ROBO-8122VG2R jest oparty na chipsecie Intel\u00ae C612 i podw\u00f3jnych procesorach Intel\u00ae Xeon\u00ae. Zbudowany z wysok\u0105 moc\u0105 obliczeniow\u0105 i obs\u0142ug\u0105 rozszerzenia PCI Express, Portwell ROBO-8122VG2R przystosowany jest do \u015brodowiska wojskowego, automatyki przemys\u0142owej, sieci, medycyny i oznakowania cyfrowego.<\/p>\n\n<table id=\"tablepress-375\" class=\"tablepress tablepress-id-375\">\n<thead>\n<tr class=\"row-1\">\n\t<th class=\"column-1\"><strong>Specyfikacje<\/strong><\/th><td class=\"column-2\"><\/td>\n<\/tr>\n<\/thead>\n<tbody class=\"row-striping row-hover\">\n<tr class=\"row-2\">\n\t<td class=\"column-1\">CPU<\/td><td class=\"column-2\">Intel\u00ae Xeon\u00ae Processor E3-1275 v5 (4 x 3.60 GHz \/ 4.00 GHz, 8 MB SmartCache, 80 W)<br \/>\nIntel\u00ae Xeon\u00ae Processor E3-1268L v5 (4 x 2.40 GHz \/ 3.40 GHz, 8 MB SmartCache, 35 W)<br \/>\nIntel\u00ae Xeon\u00ae Processor E3-1225 v5 (4 x 3.30 GHz \/ 3.70 GHz, 8 MB SmartCache, 80 W)<br \/>\nIntel\u00ae Core\u2122 i3-6100TE Processor (2 x 2.70 GHz, 4 MB SmartCache, 35 W)<\/td>\n<\/tr>\n<tr class=\"row-3\">\n\t<td class=\"column-1\">Technologia<\/td><td class=\"column-2\">x86<\/td>\n<\/tr>\n<tr class=\"row-4\">\n\t<td class=\"column-1\">Chipset<\/td><td class=\"column-2\">Intel\u00ae C236 PCH<br \/>\n<\/td>\n<\/tr>\n<tr class=\"row-5\">\n\t<td class=\"column-1\">DRAM<\/td><td class=\"column-2\">Do 32 GB pami\u0119ci DDR4 SDRAM<br \/>\n<\/td>\n<\/tr>\n<tr class=\"row-6\">\n\t<td class=\"column-1\">USB<\/td><td class=\"column-2\">2x porty USB 2.0 (poprzez p\u0142yt\u0119 monta\u017cow\u0105), magistrala 480 Mb\/s obs\u0142uguj\u0105ca zakresy szybkich \/ pe\u0142nych \/ niskich pr\u0119dko\u015bci, 10 port\u00f3w USB 3.0 na pok\u0142adzie (osiem port\u00f3w na p\u0142ycie, dwa porty na wsporniku), magistrala 5 Gb\/s zakres\u00f3w danych o du\u017cej \/ pe\u0142nej \/ niskiej pr\u0119dko\u015bci<br \/>\n<\/td>\n<\/tr>\n<tr class=\"row-7\">\n\t<td class=\"column-1\">Interfejs szeregowy<\/td><td class=\"column-2\">2x porty RS232, 2x do wyboru RS232 \/ 422\/485, port LPC do COM IC Fintek F81216DG<br \/>\n<\/td>\n<\/tr>\n<tr class=\"row-8\">\n\t<td class=\"column-1\">Rozszerzenia<\/td><td class=\"column-2\">From CPU (Xeon\/Core i3) 1x PCI Express x16 or 2x PCI Express x8 or 1x PCI Express x8 + 2x PCI Express x4 by jumper setting (Gen3 up to 8.0 GT\/s), From PCH 1x PCI Express x4 or 4x PCI Express x1 by different bios support (Gen 3 up to 8.0 GT\/s)<br \/>\n<\/td>\n<\/tr>\n<tr class=\"row-9\">\n\t<td class=\"column-1\">Sie\u0107<\/td><td class=\"column-2\">Gigabitowy kontroler ethernetowy Intel\u00ae WGI219LM + WGI210AT, Podw\u00f3jny Ethernet 10BASE-T \/ 100BASE-TX \/ 1000BASE-T, Interfejs PCI Express x1 oparty na Gigabit Ethernet, Podw\u00f3jne z\u0142\u0105cze RJ-45 z dwoma wska\u017anikami LED<br \/>\n<\/td>\n<\/tr>\n<tr class=\"row-10\">\n\t<td class=\"column-1\">Audio<\/td><td class=\"column-2\">Wbudowany procesor Intel\u00ae PCH High Definition Audio do 192 kHz 32-bit, kodek Realtek ALC886-GR HDA, 5.1 kana\u0142\u00f3w, 1x wbudowana g\u0142owica pin audio<br \/>\n<\/td>\n<\/tr>\n<tr class=\"row-11\">\n\t<td class=\"column-1\">Kontroler graficzny<\/td><td class=\"column-2\">Zintegrowany silnik graficzny procesor\u00f3w Intel\u00ae Xeon\u00ae i Core\u2122 i3, Zapewnia ulepszone mo\u017cliwo\u015bci multimedialne 3D, w tym Microsoft DirectX 12, OCL 2.x i OpenGL 4.3 \/ 4.4<br \/>\n<\/td>\n<\/tr>\n<tr class=\"row-12\">\n\t<td class=\"column-1\">Interfejs wy\u015bwietlacza<\/td><td class=\"column-2\">CRT na wsporniku Rozdzielczo\u015b\u0107 do 1920x1200 @ 60Hz, DVI-D na wsporniku do 1920x1200 @ 60Hz (CRT + DVI-D na wsporniku przez port DVI-I), HDMI do 4096x2160 @ 24Hz<br \/>\n<\/td>\n<\/tr>\n<tr class=\"row-13\">\n\t<td class=\"column-1\">Oprogramowanie uk\u0142adowe<\/td><td class=\"column-2\">AMI uFEI BIOS (SPI ROM)<br \/>\n<\/td>\n<\/tr>\n<tr class=\"row-14\">\n\t<td class=\"column-1\">Magazynowanie pami\u0119ci<\/td><td class=\"column-2\">6 nap\u0119d\u00f3w SATAIII (dwa porty przez p\u0142yt\u0119 monta\u017cow\u0105), RAID 0, 1, 5, 10<br \/>\n<\/td>\n<\/tr>\n<tr class=\"row-15\">\n\t<td class=\"column-1\">Wymagania mocy<\/td><td class=\"column-2\">+12V, +5V, obs\u0142uga trybu ATX<br \/>\n<\/td>\n<\/tr>\n<tr class=\"row-16\">\n\t<td class=\"column-1\">Temperatura operacyjna<\/td><td class=\"column-2\">0\u00b0C ~ 60\u00b0C<br \/>\n<\/td>\n<\/tr>\n<tr class=\"row-17\">\n\t<td class=\"column-1\">Temperatura przechowywania<\/td><td class=\"column-2\">-20\u00b0C ~ 80\u00b0C<br \/>\n<\/td>\n<\/tr>\n<tr class=\"row-18\">\n\t<td class=\"column-1\">Wymiary<\/td><td class=\"column-2\">338.5x126.39 mm<br \/>\n<\/td>\n<\/tr>\n<tr class=\"row-19\">\n\t<td class=\"column-1\">MTBF<\/td><td class=\"column-2\">ponad 100 000 godzin w 40\u00b0C<br \/>\n<\/td>\n<\/tr>\n<tr class=\"row-20\">\n\t<td class=\"column-1\">Inne<\/td><td class=\"column-2\">Super I\/O - ITE IT8528E, Watchdog, monitorowanie sprz\u0119tu<br \/>\n<\/td>\n<\/tr>\n<tr class=\"row-21\">\n\t<td class=\"column-1\">Format<\/td><td class=\"column-2\">PICMG 1.3<br \/>\n<\/td>\n<\/tr>\n<\/tbody>\n<\/table>\n<!-- #tablepress-375 from cache -->\n","protected":false},"excerpt":{"rendered":"<p>ROBO-8122VG2R jest oparty na chipsecie Intel\u00ae C612 i podw\u00f3jnych procesorach Intel\u00ae Xeon\u00ae. Zbudowany z wysok\u0105 moc\u0105 obliczeniow\u0105 i obs\u0142ug\u0105 rozszerzenia PCI Express, Portwell ROBO-8122VG2R przystosowany jest do \u015brodowiska wojskowego, automatyki przemys\u0142owej, sieci, medycyny i oznakowania cyfrowego.<\/p>\n","protected":false},"featured_media":11374,"template":"","meta":{"_acf_changed":false,"inline_featured_image":false,"_monsterinsights_skip_tracking":false,"_monsterinsights_sitenote_active":false,"_monsterinsights_sitenote_note":"","_monsterinsights_sitenote_category":0},"product_brand":[],"product_cat":[1188,1584,1186,972,1234],"product_tag":[],"class_list":{"0":"post-7306","1":"product","2":"type-product","3":"status-publish","4":"has-post-thumbnail","6":"product_cat-komputer-jednoplytkowy","7":"product_cat-komputery-jednoplytkowe-sbc-2","8":"product_cat-komputery-przemyslowe","9":"product_cat-portwell-pl","10":"product_cat-intel-xeon-host-board-komputer-jednoplytkowy","12":"first","13":"instock","14":"shipping-taxable","15":"product-type-simple"},"acf":[],"_links":{"self":[{"href":"https:\/\/quantum.com.pl\/pl\/wp-json\/wp\/v2\/product\/7306","targetHints":{"allow":["GET"]}}],"collection":[{"href":"https:\/\/quantum.com.pl\/pl\/wp-json\/wp\/v2\/product"}],"about":[{"href":"https:\/\/quantum.com.pl\/pl\/wp-json\/wp\/v2\/types\/product"}],"wp:featuredmedia":[{"embeddable":true,"href":"https:\/\/quantum.com.pl\/pl\/wp-json\/wp\/v2\/media\/11374"}],"wp:attachment":[{"href":"https:\/\/quantum.com.pl\/pl\/wp-json\/wp\/v2\/media?parent=7306"}],"wp:term":[{"taxonomy":"product_brand","embeddable":true,"href":"https:\/\/quantum.com.pl\/pl\/wp-json\/wp\/v2\/product_brand?post=7306"},{"taxonomy":"product_cat","embeddable":true,"href":"https:\/\/quantum.com.pl\/pl\/wp-json\/wp\/v2\/product_cat?post=7306"},{"taxonomy":"product_tag","embeddable":true,"href":"https:\/\/quantum.com.pl\/pl\/wp-json\/wp\/v2\/product_tag?post=7306"}],"curies":[{"name":"wp","href":"https:\/\/api.w.org\/{rel}","templated":true}]}}