{"id":7324,"date":"2019-12-21T19:42:00","date_gmt":"2019-12-21T18:42:00","guid":{"rendered":"https:\/\/quantum.com.pl\/?post_type=product&#038;p=7324"},"modified":"2020-08-25T23:26:23","modified_gmt":"2020-08-25T21:26:23","slug":"robo-8113vg2ar-kbl","status":"publish","type":"product","link":"https:\/\/quantum.com.pl\/pl\/product\/robo-8113vg2ar-kbl\/","title":{"rendered":"ROBO-8113VG2AR-KBL"},"content":{"rendered":"<h4>Komputer jednop\u0142ytkowy Intel Xeon i 7. generacji Core i3 SHB SBC LGA1151<\/h4>\n<p><strong>Dane techniczne<\/strong><\/p>\n<ul>\n<li>Obs\u0142uga procesor\u00f3w Intel\u00ae Xeon\u00ae i 7. generacji Intel\u00ae Core&#x2122; i3 (wcze\u015bniej Kaby Lake) w pakiecie LGA1151<\/li>\n<li>Obs\u0142uga do 32 GB pami\u0119ci DDR4-2133 ECC DIMM na dw\u00f3ch gniazdach<\/li>\n<li>Obs\u0142uga wielu wy\u015bwietlaczy dzi\u0119ki DVI-I (DVI-D + VGA) i HDMI<\/li>\n<li>Szybki podw\u00f3jny Gigabit Ethernet oparty na interfejsie I \/ O PCI Express x1<\/li>\n<li>Bogate po\u0142\u0105czenia I\/O, takie jak cztery porty szeregowe, USB 3.0 \/ 2.0, porty SATA III<\/li>\n<\/ul>\n<p>ROBO-8113VG2AR-KBL jest oparty na chipsecie Intel\u00ae C236 oraz procesorach Intel\u00ae Xeon\u00ae i 7. generacji Intel\u00ae Core&#x2122; i3. Zbudowany z elastycznymi rozszerzeniami PCI Express, Portwell ROBO-8113VG2AR-KBL przystosowany jest do \u015brodowisk medycznych, automatyki przemys\u0142owej i oznakowa\u0144 cyfrowych. Rodzina produkt\u00f3w Intel\u00ae Core&#x2122; si\u00f3dmej generacji i procesory Intel\u00ae Xeon\u00ae E3-1275 v6 (wcze\u015bniej Kaby Lake) s\u0105 produkowane w zoptymalizowanej technologii 14 nm Intel. W po\u0142\u0105czeniu z mikrouk\u0142adem Intel\u00ae 100 lub Intel\u00ae C236 procesory te oferuj\u0105 jeszcze wi\u0119ksz\u0105 wydajno\u015b\u0107 procesora i grafiki w por\u00f3wnaniu do poprzedniej generacji. W szczeg\u00f3lno\u015bci procesory z serii S zapewniaj\u0105 wi\u0119ksz\u0105 elastyczno\u015b\u0107 produkcji w celu dopasowania wydajno\u015bci, funkcji i ceny do aplikacji IoT. Te procesory oferuj\u0105 opcje projektowej mocy cieplnej (TDP) 65 W i 35 W, aby dopasowa\u0107 je do konkretnych konfiguracji projektu z wymaganiami dotycz\u0105cymi wydajno\u015bci i niskiego poboru mocy. Procesory idealnie przystosowane s\u0105 do transakcyjnych terminali detalicznych, przemys\u0142owych komputer\u00f3w stacjonarnych i og\u00f3lnych warunk\u00f3w u\u017cytkowania. (\u0179r\u00f3d\u0142o: Intel\u00ae)<\/p>\n\n<table id=\"tablepress-377\" class=\"tablepress tablepress-id-377\">\n<thead>\n<tr class=\"row-1\">\n\t<th class=\"column-1\"><strong>Specyfikacje<\/strong><\/th><td class=\"column-2\"><\/td>\n<\/tr>\n<\/thead>\n<tbody class=\"row-striping row-hover\">\n<tr class=\"row-2\">\n\t<td class=\"column-1\">CPU<\/td><td class=\"column-2\">Intel\u00ae Core\u2122 i5-4570TE Processor (2 x 2.70 GHz \/ 3.30 GHz, 4 MB SmartCache, 35 W)<br \/>\nIntel\u00ae Xeon\u00ae Processor E3-1275 v3 (4 x 3.50 GHz \/ 3.90 GHz, 8 MB SmartCache, 84 W)<br \/>\nIntel\u00ae Xeon\u00ae Processor E3-1268L v3 (4 x 2.30 GHz \/ 3.30 GHz, 8 MB SmartCache, 45 W)<br \/>\nIntel\u00ae Celeron\u00ae Processor G1820TE (2 x 2.20 GHz, 2 MB SmartCache, 35 W)<br \/>\nIntel\u00ae Pentium\u00ae Processor G3320TE (2 x 2.30 GHz, 3 MB SmartCache, 35 W)<br \/>\nIntel\u00ae Pentium\u00ae Processor G3420 (2 x 3.20 GHz, 3 MB SmartCache, 53 W)<br \/>\nIntel\u00ae Core\u2122 i3-4340TE Processor (2 x 2.60 GHz, 4 MB SmartCache, 35 W)<br \/>\nIntel\u00ae Core\u2122 i3-4330TE Processor (2 x 2.40 GHz, 4 MB SmartCache, 35 W)<br \/>\nIntel\u00ae Core\u2122 i3-4330 Processor (2 x 3.50 GHz, 4 MB SmartCache, 54 W)<br \/>\nIntel\u00ae Xeon\u00ae Processor E3-1225 v3 (4 x 3.20 GHz \/ 3.60 GHz, 8 MB SmartCache, 84 W)<\/td>\n<\/tr>\n<tr class=\"row-3\">\n\t<td class=\"column-1\">USB<\/td><td class=\"column-2\">8x USB 2.0, 6x USB 3.0<br \/>\n<\/td>\n<\/tr>\n<tr class=\"row-4\">\n\t<td class=\"column-1\">Audio<\/td><td class=\"column-2\">Intel\u00ae BD82C226 PCH wbudowany d\u017awi\u0119k High Definition Audio do 192 kHz 32-bit, kodek Realtek ALC886-GR HDA, kana\u0142y 5.1<br \/>\n<\/td>\n<\/tr>\n<tr class=\"row-5\">\n\t<td class=\"column-1\">Inne<\/td><td class=\"column-2\">PS\/2, LPT, GPIO 8bit,Watchdog Timer<br \/>\n<\/td>\n<\/tr>\n<tr class=\"row-6\">\n\t<td class=\"column-1\">Oprogramowanie uk\u0142adowe<\/td><td class=\"column-2\">Phoenix UEFI BIOS<br \/>\n<\/td>\n<\/tr>\n<tr class=\"row-7\">\n\t<td class=\"column-1\">Wymagania mocy<\/td><td class=\"column-2\">+12V, +5V, obs\u0142uga trybu ATX<br \/>\n<\/td>\n<\/tr>\n<tr class=\"row-8\">\n\t<td class=\"column-1\">Temperatura operacyjna<\/td><td class=\"column-2\">0\u00b0C ~ 60\u00b0C<br \/>\n<\/td>\n<\/tr>\n<tr class=\"row-9\">\n\t<td class=\"column-1\">Temperatura przechowywania<\/td><td class=\"column-2\">-20\u00b0C ~ 80\u00b0C<br \/>\n<\/td>\n<\/tr>\n<tr class=\"row-10\">\n\t<td class=\"column-1\">Wymiary<\/td><td class=\"column-2\">338.5x126.39 mm<br \/>\n<\/td>\n<\/tr>\n<tr class=\"row-11\">\n\t<td class=\"column-1\">Interfejs szeregowy<\/td><td class=\"column-2\">1x RS232, 1x RS232\/422\/485<br \/>\n<\/td>\n<\/tr>\n<tr class=\"row-12\">\n\t<td class=\"column-1\">Interfejs magistrali<\/td><td class=\"column-2\">4x gniazda PCI, 1x gniazdo PCIe x16 lub, 2x gniazdo PCIe x8 lub, 1x gniazdo PCIe x8 + 2 gniazda PCIe x4, 1x gniazdo PCIe x4<br \/>\n<\/td>\n<\/tr>\n<tr class=\"row-13\">\n\t<td class=\"column-1\">Format<\/td><td class=\"column-2\">PICMG 1.3<br \/>\n<\/td>\n<\/tr>\n<tr class=\"row-14\">\n\t<td class=\"column-1\">Chipset<\/td><td class=\"column-2\">Intel\u00ae C226<br \/>\n<\/td>\n<\/tr>\n<tr class=\"row-15\">\n\t<td class=\"column-1\">DRAM<\/td><td class=\"column-2\">2x DDR3 ECC DIMM Do 16 GB<br \/>\n<\/td>\n<\/tr>\n<tr class=\"row-16\">\n\t<td class=\"column-1\">Kontroler graficzny<\/td><td class=\"column-2\">Zintegrowany silnik graficzny procesor\u00f3w Intel\u00ae Xeon\u00ae i Core\u2122 i3, Zapewnia ulepszone mo\u017cliwo\u015bci multimedialne 3D, w tym Microsoft DirectX 11.1, Shader Model 4.0, MPEG-2 i OpenGL 3.2<br \/>\n<\/td>\n<\/tr>\n<tr class=\"row-17\">\n\t<td class=\"column-1\">Interfejs wy\u015bwietlacza<\/td><td class=\"column-2\">CRT na wsporniku Rozdzielczo\u015b\u0107 do 1920x1200 @ 60Hz, DVI-D na wsporniku do 1920x1200 @ 60Hz, HDMI do 4096x2160 @ 24Hz (CRT + DVI-D na wsporniku przez port DVI-I)<br \/>\n<\/td>\n<\/tr>\n<tr class=\"row-18\">\n\t<td class=\"column-1\">Magazynowanie pami\u0119ci<\/td><td class=\"column-2\">5x dysk SATA III (dwa porty przez p\u0142yt\u0119 monta\u017cow\u0105), RAID 0,1,5,10, 1x kana\u0142 FDD<br \/>\n<\/td>\n<\/tr>\n<tr class=\"row-19\">\n\t<td class=\"column-1\">Sie\u0107<\/td><td class=\"column-2\">Gigabitowy kontroler ethernetowy Intel\u00ae WGI217LM + WGI210AT, podw\u00f3jny Ethernet 10BASE-T \/ 100BASE-TX \/ 1000BASE-T, interfejs PCI Express x1 oparty na Gigabit Ethernet, 2x z\u0142\u0105cze RJ-45 z dwoma wska\u017anikami LED<br \/>\n<\/td>\n<\/tr>\n<tr class=\"row-20\">\n\t<td class=\"column-1\">MTBF<\/td><td class=\"column-2\">ponad 100 000 godzin w 40\u00b0C<br \/>\n<\/td>\n<\/tr>\n<\/tbody>\n<\/table>\n<!-- #tablepress-377 from cache -->\n","protected":false},"excerpt":{"rendered":"<p>ROBO-8113VG2AR-KBL jest oparty na chipsecie Intel\u00ae C236 oraz procesorach Intel\u00ae Xeon\u00ae i 7. generacji Intel\u00ae Core&#x2122; i3. Zbudowany z elastycznymi rozszerzeniami PCI Express, Portwell ROBO-8113VG2AR-KBL przystosowany jest do \u015brodowisk medycznych, automatyki przemys\u0142owej i oznakowa\u0144 cyfrowych.<\/p>\n","protected":false},"featured_media":11368,"template":"","meta":{"_acf_changed":false,"inline_featured_image":false,"_monsterinsights_skip_tracking":false,"_monsterinsights_sitenote_active":false,"_monsterinsights_sitenote_note":"","_monsterinsights_sitenote_category":0},"product_brand":[],"product_cat":[1188,1584,1186,972,1234],"product_tag":[],"class_list":{"0":"post-7324","1":"product","2":"type-product","3":"status-publish","4":"has-post-thumbnail","6":"product_cat-komputer-jednoplytkowy","7":"product_cat-komputery-jednoplytkowe-sbc-2","8":"product_cat-komputery-przemyslowe","9":"product_cat-portwell-pl","10":"product_cat-intel-xeon-host-board-komputer-jednoplytkowy","12":"first","13":"instock","14":"shipping-taxable","15":"product-type-simple"},"acf":[],"_links":{"self":[{"href":"https:\/\/quantum.com.pl\/pl\/wp-json\/wp\/v2\/product\/7324","targetHints":{"allow":["GET"]}}],"collection":[{"href":"https:\/\/quantum.com.pl\/pl\/wp-json\/wp\/v2\/product"}],"about":[{"href":"https:\/\/quantum.com.pl\/pl\/wp-json\/wp\/v2\/types\/product"}],"wp:featuredmedia":[{"embeddable":true,"href":"https:\/\/quantum.com.pl\/pl\/wp-json\/wp\/v2\/media\/11368"}],"wp:attachment":[{"href":"https:\/\/quantum.com.pl\/pl\/wp-json\/wp\/v2\/media?parent=7324"}],"wp:term":[{"taxonomy":"product_brand","embeddable":true,"href":"https:\/\/quantum.com.pl\/pl\/wp-json\/wp\/v2\/product_brand?post=7324"},{"taxonomy":"product_cat","embeddable":true,"href":"https:\/\/quantum.com.pl\/pl\/wp-json\/wp\/v2\/product_cat?post=7324"},{"taxonomy":"product_tag","embeddable":true,"href":"https:\/\/quantum.com.pl\/pl\/wp-json\/wp\/v2\/product_tag?post=7324"}],"curies":[{"name":"wp","href":"https:\/\/api.w.org\/{rel}","templated":true}]}}