{"id":7348,"date":"2019-12-22T19:02:26","date_gmt":"2019-12-22T18:02:26","guid":{"rendered":"https:\/\/quantum.com.pl\/?post_type=product&#038;p=7348"},"modified":"2020-11-20T09:14:37","modified_gmt":"2020-11-20T08:14:37","slug":"robo-8112vg2ar","status":"publish","type":"product","link":"https:\/\/quantum.com.pl\/pl\/product\/robo-8112vg2ar\/","title":{"rendered":"ROBO-8112VG2AR"},"content":{"rendered":"<h4>Komputer jednop\u0142ytkowy Intel Xeon E3-1200v3 SBC C226 PCH<\/h4>\n<p><strong>Dane techniczne<\/strong><\/p>\n<ul>\n<li>Obs\u0142uguje procesory Intel\u00ae Xeon\u00ae z serii E3-1200v3 \/ CoreTM i3 w pakiecie LGA1150<\/li>\n<li>Zapewnia maksymalnie 16 GB pami\u0119ci DDR3 1333\/1600 ECC SDRAM na dw\u00f3ch gniazdach DIMM<\/li>\n<li>Obs\u0142uguje potr\u00f3jne wy\u015bwietlanie dzi\u0119ki DVI-I (DVI-D + VGA) i HDMI<\/li>\n<li>Obs\u0142uguje iAMT 9.0 w procesorach Intel\u00ae Xeon\u00ae E3-1200v3<\/li>\n<li>Szybki podw\u00f3jny Gigabit Ethernet oparty na interfejsie I\/O PCI Express x1<\/li>\n<li>Szeroki wyb\u00f3r po\u0142\u0105cze\u0144 I\/O, takie jak FDD, dwa Gigabit Ethernet, porty szeregowe, port r\u00f3wnoleg\u0142y, USB 2.0 \/ 3.0<\/li>\n<li>Pi\u0119\u0107 wbudowanych port\u00f3w SATA III obs\u0142uguje RAID 0,1,5,10 (dwa porty na p\u0142ycie monta\u017cowej)<\/li>\n<\/ul>\n<p>Intel\u00ae C226 PCH SHB obs\u0142uguj\u0105cy procesor PICMG 1.3 SHB oparty na procesorze Intel\u00ae Core&#x2122; Xeon\u00ae E3-1200v3 z pami\u0119ci\u0105 RAM DDR3 SDRAM, VGA, DVI i Dual Gigabit Ethernet<\/p>\n\n<table id=\"tablepress-381\" class=\"tablepress tablepress-id-381\">\n<thead>\n<tr class=\"row-1\">\n\t<th class=\"column-1\"><strong>Specification<\/strong><\/th><td class=\"column-2\"><\/td>\n<\/tr>\n<\/thead>\n<tbody class=\"row-striping row-hover\">\n<tr class=\"row-2\">\n\t<td class=\"column-1\">CPU<\/td><td class=\"column-2\">\tIntel\u00ae Celeron\u00ae Processor G540 (2 x 2.50 GHz, 2 MB SmartCache, 65 W)<br \/>\nIntel\u00ae Pentium\u00ae Processor G850 (2 x 2.90 GHz, 3 MB SmartCache, 65 W)<br \/>\nIntel\u00ae Core\u2122 i3-2120 Processor (2 x 3.30 GHz, 3 MB SmartCache, 65 W)<\/td>\n<\/tr>\n<tr class=\"row-3\">\n\t<td class=\"column-1\">Dimensions<\/td><td class=\"column-2\">338.5x126.39 mm<br \/>\n<\/td>\n<\/tr>\n<tr class=\"row-4\">\n\t<td class=\"column-1\">Storage Temperature<\/td><td class=\"column-2\">-20\u00b0C ~ 80\u00b0C<br \/>\n<\/td>\n<\/tr>\n<tr class=\"row-5\">\n\t<td class=\"column-1\">Operating Temperature<\/td><td class=\"column-2\">0\u00b0C ~ 60\u00b0C<br \/>\n<\/td>\n<\/tr>\n<tr class=\"row-6\">\n\t<td class=\"column-1\">Firmware<\/td><td class=\"column-2\">AMI UEFI BIOS<br \/>\n<br \/>\n<\/td>\n<\/tr>\n<tr class=\"row-7\">\n\t<td class=\"column-1\">Miscellaneous<\/td><td class=\"column-2\">PS\/2, LPT, GPIO 8bit,Watchdog Timer<br \/>\n<\/td>\n<\/tr>\n<tr class=\"row-8\">\n\t<td class=\"column-1\">Audio<\/td><td class=\"column-2\">Realtek ALC 662 HD Audio codec<br \/>\n<br \/>\n<\/td>\n<\/tr>\n<tr class=\"row-9\">\n\t<td class=\"column-1\">USB<\/td><td class=\"column-2\">14x USB 2.0<br \/>\n<br \/>\n<\/td>\n<\/tr>\n<tr class=\"row-10\">\n\t<td class=\"column-1\">Serial Interface<\/td><td class=\"column-2\">1x RS232, 1x RS232\/422\/485<br \/>\n<\/td>\n<\/tr>\n<tr class=\"row-11\">\n\t<td class=\"column-1\">Bus Interface<\/td><td class=\"column-2\">4x PCI slots, 1x PCIe x16 slot, 1x PCIe x4 slot<br \/>\n<br \/>\n<\/td>\n<\/tr>\n<tr class=\"row-12\">\n\t<td class=\"column-1\">Network<\/td><td class=\"column-2\">2x GbE<br \/>\n<\/td>\n<\/tr>\n<tr class=\"row-13\">\n\t<td class=\"column-1\">Display Interface<\/td><td class=\"column-2\">DVI-D (1920x1200), VGA (2048x1536)<br \/>\n<br \/>\n<\/td>\n<\/tr>\n<tr class=\"row-14\">\n\t<td class=\"column-1\">DRAM<\/td><td class=\"column-2\">2x DDR3 ECC DIMM Up to 16GB<br \/>\n<br \/>\n<\/td>\n<\/tr>\n<tr class=\"row-15\">\n\t<td class=\"column-1\">Chipset<\/td><td class=\"column-2\">Intel\u00ae C206<br \/>\n<br \/>\n<\/td>\n<\/tr>\n<tr class=\"row-16\">\n\t<td class=\"column-1\">Format<\/td><td class=\"column-2\">PICMG 1.3<br \/>\n<\/td>\n<\/tr>\n<tr class=\"row-17\">\n\t<td class=\"column-1\">MTBF<\/td><td class=\"column-2\">over 100,000 hours at 40\u00b0C<br \/>\n<br \/>\n<\/td>\n<\/tr>\n<\/tbody>\n<\/table>\n<!-- #tablepress-381 from cache -->\n","protected":false},"excerpt":{"rendered":"<p>Intel\u00ae C226 PCH SHB obs\u0142uguj\u0105cy procesor PICMG 1.3 SHB oparty na procesorze Intel\u00ae Core&#x2122; Xeon\u00ae E3-1200v3 z pami\u0119ci\u0105 RAM DDR3 SDRAM, VGA, DVI i Dual Gigabit Ethernet<\/p>\n","protected":false},"featured_media":11364,"template":"","meta":{"_acf_changed":false,"inline_featured_image":false,"_monsterinsights_skip_tracking":false,"_monsterinsights_sitenote_active":false,"_monsterinsights_sitenote_note":"","_monsterinsights_sitenote_category":0},"product_brand":[],"product_cat":[1188,1584,1186,972,1234],"product_tag":[],"class_list":{"0":"post-7348","1":"product","2":"type-product","3":"status-publish","4":"has-post-thumbnail","6":"product_cat-komputer-jednoplytkowy","7":"product_cat-komputery-jednoplytkowe-sbc-2","8":"product_cat-komputery-przemyslowe","9":"product_cat-portwell-pl","10":"product_cat-intel-xeon-host-board-komputer-jednoplytkowy","12":"first","13":"instock","14":"shipping-taxable","15":"product-type-simple"},"acf":[],"_links":{"self":[{"href":"https:\/\/quantum.com.pl\/pl\/wp-json\/wp\/v2\/product\/7348","targetHints":{"allow":["GET"]}}],"collection":[{"href":"https:\/\/quantum.com.pl\/pl\/wp-json\/wp\/v2\/product"}],"about":[{"href":"https:\/\/quantum.com.pl\/pl\/wp-json\/wp\/v2\/types\/product"}],"wp:featuredmedia":[{"embeddable":true,"href":"https:\/\/quantum.com.pl\/pl\/wp-json\/wp\/v2\/media\/11364"}],"wp:attachment":[{"href":"https:\/\/quantum.com.pl\/pl\/wp-json\/wp\/v2\/media?parent=7348"}],"wp:term":[{"taxonomy":"product_brand","embeddable":true,"href":"https:\/\/quantum.com.pl\/pl\/wp-json\/wp\/v2\/product_brand?post=7348"},{"taxonomy":"product_cat","embeddable":true,"href":"https:\/\/quantum.com.pl\/pl\/wp-json\/wp\/v2\/product_cat?post=7348"},{"taxonomy":"product_tag","embeddable":true,"href":"https:\/\/quantum.com.pl\/pl\/wp-json\/wp\/v2\/product_tag?post=7348"}],"curies":[{"name":"wp","href":"https:\/\/api.w.org\/{rel}","templated":true}]}}