{"id":7392,"date":"2019-12-22T21:37:33","date_gmt":"2019-12-22T20:37:33","guid":{"rendered":"https:\/\/quantum.com.pl\/?post_type=product&#038;p=7392"},"modified":"2020-08-25T23:26:22","modified_gmt":"2020-08-25T21:26:22","slug":"robo-6911vg2ar","status":"publish","type":"product","link":"https:\/\/quantum.com.pl\/pl\/product\/robo-6911vg2ar\/","title":{"rendered":"ROBO-6911VG2AR"},"content":{"rendered":"<h4>Komputer jednop\u0142ytkowy SHB SBC Intel Xeon i 6. generacji Intel Core PICMG 1.3 LGA1151<\/h4>\n<p><strong>Dane techniczne<\/strong><\/p>\n<ul>\n<li>Rodzina procesor\u00f3w Intel\u00ae Xeon\u00ae i 6. generacji Intel\u00ae Core&#x2122; (wcze\u015bniej Skylake) w pakiecie LGA1151<\/li>\n<li>Obs\u0142uga do 32 GB pami\u0119ci DDR4-2133 ECC \/ Non-ECC SODIMM na dw\u00f3ch gniazdach<\/li>\n<li>Obs\u0142uga wielu wy\u015bwietlaczy dzi\u0119ki DisplayPort na wsporniku i na p\u0142ycie DVI-I (DVI-D + VGA)<\/li>\n<li>Szybki podw\u00f3jny Gigabit Ethernet oparty na interfejsie I\/O PCI Express x1<\/li>\n<li>Na p\u0142ycie &#8211; cztery porty SATA III, obs\u0142uguj\u0105ce RAID 0, 1, 5, 10<\/li>\n<\/ul>\n<p>ROBO-6911VG2AR jest oparty na chipsecie Intel\u00ae C236 \/ Q170 oraz Intel\u00ae Xeon\u00ae oraz stacji roboczej i procesorze Intel\u00ae Core 6. generacji. Zbudowany z elastycznymi rozszerzeniami PCI Express, Portwell ROBO-6911VG2AR przystosowany jest do \u015brodowisk medycznych, automatyki przemys\u0142owej i oznakowa\u0144 cyfrowych.<\/p>\n\n<table id=\"tablepress-389\" class=\"tablepress tablepress-id-389\">\n<thead>\n<tr class=\"row-1\">\n\t<th class=\"column-1\"><strong>Specyfikacje<\/strong><\/th><td class=\"column-2\"><\/td>\n<\/tr>\n<\/thead>\n<tbody class=\"row-striping row-hover\">\n<tr class=\"row-2\">\n\t<td class=\"column-1\">Specyfikacje<\/td><td class=\"column-2\">Altera Arria 10 GX 1150, 4 GB pami\u0119ci DDR4 ECC SDRAM do 16 GB, 1 GB pami\u0119ci Flash<br \/>\nWbudowana Altera Max 10 z 1 GB pami\u0119ci Flash, niskoprofilowa karta PCI Express do obudowy 2U<\/td>\n<\/tr>\n<tr class=\"row-3\">\n\t<td class=\"column-1\">Interfejs<\/td><td class=\"column-2\">PCI Express Gen3 x8<br \/>\nPodw\u00f3jny interfejs sieciowy 10 Gb<br \/>\nJTAG<\/td>\n<\/tr>\n<tr class=\"row-4\">\n\t<td class=\"column-1\">Moc<\/td><td class=\"column-2\">12V z gniazda PCI Express (25W)<br \/>\n<\/td>\n<\/tr>\n<tr class=\"row-5\">\n\t<td class=\"column-1\">Ch\u0142odzenie<\/td><td class=\"column-2\">Aktywna ch\u0142odnica o pojedynczej szeroko\u015bci z wentylatorem<br \/>\nPasywny radiator (opcjonalnie)<\/td>\n<\/tr>\n<tr class=\"row-6\">\n\t<td class=\"column-1\">Wymiary<\/td><td class=\"column-2\">168 (L) x 68 (W) mm<br \/>\n<\/td>\n<\/tr>\n<\/tbody>\n<\/table>\n<!-- #tablepress-389 from cache -->\n","protected":false},"excerpt":{"rendered":"<p>ROBO-6911VG2AR jest oparty na chipsecie Intel\u00ae C236 \/ Q170 oraz Intel\u00ae Xeon\u00ae oraz stacji roboczej i procesorze Intel\u00ae Core 6. generacji<\/p>\n","protected":false},"featured_media":11352,"template":"","meta":{"_acf_changed":false,"inline_featured_image":false,"_monsterinsights_skip_tracking":false,"_monsterinsights_sitenote_active":false,"_monsterinsights_sitenote_note":"","_monsterinsights_sitenote_category":0},"product_brand":[],"product_cat":[1188,1584,1186,972,1234],"product_tag":[],"class_list":{"0":"post-7392","1":"product","2":"type-product","3":"status-publish","4":"has-post-thumbnail","6":"product_cat-komputer-jednoplytkowy","7":"product_cat-komputery-jednoplytkowe-sbc-2","8":"product_cat-komputery-przemyslowe","9":"product_cat-portwell-pl","10":"product_cat-intel-xeon-host-board-komputer-jednoplytkowy","12":"first","13":"instock","14":"shipping-taxable","15":"product-type-simple"},"acf":[],"_links":{"self":[{"href":"https:\/\/quantum.com.pl\/pl\/wp-json\/wp\/v2\/product\/7392","targetHints":{"allow":["GET"]}}],"collection":[{"href":"https:\/\/quantum.com.pl\/pl\/wp-json\/wp\/v2\/product"}],"about":[{"href":"https:\/\/quantum.com.pl\/pl\/wp-json\/wp\/v2\/types\/product"}],"wp:featuredmedia":[{"embeddable":true,"href":"https:\/\/quantum.com.pl\/pl\/wp-json\/wp\/v2\/media\/11352"}],"wp:attachment":[{"href":"https:\/\/quantum.com.pl\/pl\/wp-json\/wp\/v2\/media?parent=7392"}],"wp:term":[{"taxonomy":"product_brand","embeddable":true,"href":"https:\/\/quantum.com.pl\/pl\/wp-json\/wp\/v2\/product_brand?post=7392"},{"taxonomy":"product_cat","embeddable":true,"href":"https:\/\/quantum.com.pl\/pl\/wp-json\/wp\/v2\/product_cat?post=7392"},{"taxonomy":"product_tag","embeddable":true,"href":"https:\/\/quantum.com.pl\/pl\/wp-json\/wp\/v2\/product_tag?post=7392"}],"curies":[{"name":"wp","href":"https:\/\/api.w.org\/{rel}","templated":true}]}}