{"id":7403,"date":"2019-12-22T21:45:13","date_gmt":"2019-12-22T20:45:13","guid":{"rendered":"https:\/\/quantum.com.pl\/?post_type=product&#038;p=7403"},"modified":"2020-08-25T23:26:22","modified_gmt":"2020-08-25T21:26:22","slug":"robo-6910vg2a","status":"publish","type":"product","link":"https:\/\/quantum.com.pl\/pl\/product\/robo-6910vg2a\/","title":{"rendered":"ROBO-6910VG2A"},"content":{"rendered":"<h4>Half Size SBC intel haswell CPU C226 chipset<\/h4>\n<p><strong>Dane techniczne<\/strong><\/p>\n<ul>\n<li>Obs\u0142uguje procesor Intel\u00ae Core 4. generacji i mikrouk\u0142ad C226<\/li>\n<li>Dwa 240-pinowe SODIMM obs\u0142uguj\u0105 pami\u0119\u0107 DDR3 1600\/1333 SDRAM do 16 GB<\/li>\n<li>Obs\u0142uguje podw\u00f3jny niezale\u017cny wy\u015bwietlacz: VGA \/ DP<\/li>\n<li>Szybki podw\u00f3jny Gigabit Ethernet oparty na interfejsie I\/O PCI Express x1<\/li>\n<li>Wyposa\u017cony w po\u0142\u0105czenia I\/O, takie jak dwa porty szeregowe, USB 3.0 i cztery SATA III<\/li>\n<\/ul>\n<p>PICMG 1.3 SBC oparty na procesorze Intel\u00ae Core 4. generacji z LVDS \/ DP, Dual GbE, USB 3.0, SATA III i d\u017awi\u0119kiem<\/p>\n","protected":false},"excerpt":{"rendered":"<p>PICMG 1.3 SBC oparty na procesorze Intel\u00ae Core 4. generacji z LVDS \/ DP, Dual GbE, USB 3.0, SATA III i d\u017awi\u0119kiem<\/p>\n","protected":false},"featured_media":11350,"template":"","meta":{"_acf_changed":false,"inline_featured_image":false,"_monsterinsights_skip_tracking":false,"_monsterinsights_sitenote_active":false,"_monsterinsights_sitenote_note":"","_monsterinsights_sitenote_category":0},"product_brand":[],"product_cat":[1188,1584,1186,972,1234],"product_tag":[],"class_list":{"0":"post-7403","1":"product","2":"type-product","3":"status-publish","4":"has-post-thumbnail","6":"product_cat-komputer-jednoplytkowy","7":"product_cat-komputery-jednoplytkowe-sbc-2","8":"product_cat-komputery-przemyslowe","9":"product_cat-portwell-pl","10":"product_cat-intel-xeon-host-board-komputer-jednoplytkowy","12":"first","13":"instock","14":"shipping-taxable","15":"product-type-simple"},"acf":[],"_links":{"self":[{"href":"https:\/\/quantum.com.pl\/pl\/wp-json\/wp\/v2\/product\/7403","targetHints":{"allow":["GET"]}}],"collection":[{"href":"https:\/\/quantum.com.pl\/pl\/wp-json\/wp\/v2\/product"}],"about":[{"href":"https:\/\/quantum.com.pl\/pl\/wp-json\/wp\/v2\/types\/product"}],"wp:featuredmedia":[{"embeddable":true,"href":"https:\/\/quantum.com.pl\/pl\/wp-json\/wp\/v2\/media\/11350"}],"wp:attachment":[{"href":"https:\/\/quantum.com.pl\/pl\/wp-json\/wp\/v2\/media?parent=7403"}],"wp:term":[{"taxonomy":"product_brand","embeddable":true,"href":"https:\/\/quantum.com.pl\/pl\/wp-json\/wp\/v2\/product_brand?post=7403"},{"taxonomy":"product_cat","embeddable":true,"href":"https:\/\/quantum.com.pl\/pl\/wp-json\/wp\/v2\/product_cat?post=7403"},{"taxonomy":"product_tag","embeddable":true,"href":"https:\/\/quantum.com.pl\/pl\/wp-json\/wp\/v2\/product_tag?post=7403"}],"curies":[{"name":"wp","href":"https:\/\/api.w.org\/{rel}","templated":true}]}}