{"id":7410,"date":"2019-12-22T21:52:52","date_gmt":"2019-12-22T20:52:52","guid":{"rendered":"https:\/\/quantum.com.pl\/?post_type=product&#038;p=7410"},"modified":"2020-08-25T23:26:22","modified_gmt":"2020-08-25T21:26:22","slug":"robo-6712vga","status":"publish","type":"product","link":"https:\/\/quantum.com.pl\/pl\/product\/robo-6712vga\/","title":{"rendered":"ROBO-6712VGA"},"content":{"rendered":"<h4>Komputer jednop\u0142ytkowy PCI po\u0142owy wielko\u015bci SBC Intel Atom D525, PCI Express, LVDS<\/h4>\n<p><strong>Dane techniczne<\/strong><\/p>\n<ul>\n<li>Obs\u0142uguje procesor Intel\u00ae Atom&#x2122; D525 i mikrouk\u0142ad ICH8M<\/li>\n<li>Jeden 204-pinowy modu\u0142 SODIMM obs\u0142uguje pami\u0119\u0107 SDRAM DDR3 800 o pojemno\u015bci do 2 GB<\/li>\n<li>Obs\u0142uguje podw\u00f3jny niezale\u017cny wy\u015bwietlacz: VGA \/ 18-bitowy LVDS<\/li>\n<li>Szybki pojedynczy Gigabit Ethernet oparty na interfejsie I\/O PCI Express x1<\/li>\n<li>Wyposa\u017cony w z\u0142\u0105cza I\/O, takie jak FDD, dwa porty szeregowe, port r\u00f3wnoleg\u0142y, USB 2.0, trzy SATA II i jedno gniazdo CF<\/li>\n<\/ul>\n<p>ROBO-6712VGA posuada wbudowany chipset Intel\u00ae Atom&#x2122; D525 i ICH8M, kt\u00f3ry zwi\u0119ksza wydajno\u015b\u0107 i obs\u0142uguje lepszy silnik graficzny, dzi\u0119ki czemu jest najbardziej odpowiedni do zastosowa\u0144 w automatyce przemys\u0142owej, loterii i Digital Signage.<\/p>\n","protected":false},"excerpt":{"rendered":"<p>ROBO-6712VGA posuada wbudowany chipset Intel\u00ae Atom&#x2122; D525 i ICH8M, kt\u00f3ry zwi\u0119ksza wydajno\u015b\u0107 i obs\u0142uguje lepszy silnik graficzny, dzi\u0119ki czemu jest najbardziej odpowiedni do zastosowa\u0144 w automatyce przemys\u0142owej, loterii i Digital Signage<\/p>\n","protected":false},"featured_media":11348,"template":"","meta":{"_acf_changed":false,"inline_featured_image":false,"_monsterinsights_skip_tracking":false,"_monsterinsights_sitenote_active":false,"_monsterinsights_sitenote_note":"","_monsterinsights_sitenote_category":0},"product_brand":[],"product_cat":[1188,1584,1186,972,1234],"product_tag":[],"class_list":{"0":"post-7410","1":"product","2":"type-product","3":"status-publish","4":"has-post-thumbnail","6":"product_cat-komputer-jednoplytkowy","7":"product_cat-komputery-jednoplytkowe-sbc-2","8":"product_cat-komputery-przemyslowe","9":"product_cat-portwell-pl","10":"product_cat-intel-xeon-host-board-komputer-jednoplytkowy","12":"first","13":"instock","14":"shipping-taxable","15":"product-type-simple"},"acf":[],"_links":{"self":[{"href":"https:\/\/quantum.com.pl\/pl\/wp-json\/wp\/v2\/product\/7410","targetHints":{"allow":["GET"]}}],"collection":[{"href":"https:\/\/quantum.com.pl\/pl\/wp-json\/wp\/v2\/product"}],"about":[{"href":"https:\/\/quantum.com.pl\/pl\/wp-json\/wp\/v2\/types\/product"}],"wp:featuredmedia":[{"embeddable":true,"href":"https:\/\/quantum.com.pl\/pl\/wp-json\/wp\/v2\/media\/11348"}],"wp:attachment":[{"href":"https:\/\/quantum.com.pl\/pl\/wp-json\/wp\/v2\/media?parent=7410"}],"wp:term":[{"taxonomy":"product_brand","embeddable":true,"href":"https:\/\/quantum.com.pl\/pl\/wp-json\/wp\/v2\/product_brand?post=7410"},{"taxonomy":"product_cat","embeddable":true,"href":"https:\/\/quantum.com.pl\/pl\/wp-json\/wp\/v2\/product_cat?post=7410"},{"taxonomy":"product_tag","embeddable":true,"href":"https:\/\/quantum.com.pl\/pl\/wp-json\/wp\/v2\/product_tag?post=7410"}],"curies":[{"name":"wp","href":"https:\/\/api.w.org\/{rel}","templated":true}]}}