{"id":7417,"date":"2019-12-23T12:24:47","date_gmt":"2019-12-23T11:24:47","guid":{"rendered":"https:\/\/quantum.com.pl\/?post_type=product&#038;p=7417"},"modified":"2020-08-25T23:26:16","modified_gmt":"2020-08-25T21:26:16","slug":"mies-xhn5a10","status":"publish","type":"product","link":"https:\/\/quantum.com.pl\/pl\/product\/mies-xhn5a10\/","title":{"rendered":"MIES-XHN5A10"},"content":{"rendered":"<h4>Karta akceleratora FPGA oparta na procesorze Intel Arria 10 GX<\/h4>\n<p><strong>Dane techniczne<\/strong><\/p>\n<ul>\n<li>Karta dodatkowa Intel\u00ae Arria\u00ae 10 PCI Express z szybkim rozszerzeniem<\/li>\n<li>Gold Finger PCI Express x8, dwa interfejsy sieciowe 10GbE<\/li>\n<li>Dwa 100-stykowe z\u0142\u0105cza typu board-to-board<\/li>\n<li>Wbudowana pami\u0119\u0107, do 16 GB pami\u0119ci DDR4 SDRAM<\/li>\n<li>Wbudowany procesor Intel\u00ae MAX\u00ae 10 FPGA<\/li>\n<li>Obs\u0142uguje wej\u015bcie 12V DC<\/li>\n<li>Kompaktowy rozmiar: 68 mm x 200 mm lub 2,68&#8243; x 7,87&#8243;<\/li>\n<\/ul>\n<p>MIES-XHN5A10 jest oparty na urz\u0105dzeniu Intel\u00ae FPGA, Intel\u00ae Arria\u00ae 10 GX 1150. Oferuje kompletne i proste podej\u015bcie do aplikacji zorientowanych na obliczenia oraz posiada wbudowan\u0105 pami\u0119\u0107 do 16 GB pami\u0119ci SDRAM DDR4. MIES-XHN5A10 obs\u0142uguje r\u00f3wnie\u017c wej\u015bcie 12V DC, aby nie tylko zwi\u0119kszy\u0107 moc PCIe, ale tworzy\u0107 samodzielne rozwi\u0105zanie systemowe. MIES-XHN5A10 posiada kompaktow\u0105 powierzchni\u0119 o wymiarach 68 mm x 200 mm. Obs\u0142uguje Gold Finger PCIe x8 \u0142\u0105cz\u0105c si\u0119 z g\u0142\u00f3wnym procesorem i podw\u00f3jnymi szybkimi interfejsami sieci 10GbE. Bior\u0105c pod uwag\u0119 kwestie bezpiecze\u0144stwa zwi\u0105zane z ochron\u0105 w\u0142asno\u015bci intelektualnej u\u017cytkownika (IP), MIES-XHN5A10 zawiera procesor Intel\u00ae MAX\u00ae 10 FPGA do implementacji konfiguracji szyfrowania \/ deszyfrowania. Ponadto jest wyposa\u017cony w dwa 100-stykowe z\u0142\u0105cza typu board-to-board, umo\u017cliwiaj\u0105ce rozbudow\u0119 do szerokiego zakresu i niestandardowych funkcji I\/O.<\/p>\n\n<table id=\"tablepress-391\" class=\"tablepress tablepress-id-391\">\n<thead>\n<tr class=\"row-1\">\n\t<th class=\"column-1\">CPU<\/th><th class=\"column-2\">Intel\u00ae Core\u2122 i7-4770S Processor (4 x 3.10 GHz \/ 3.90 GHz, 8 MB SmartCache, 65 W)<br \/>\nIntel\u00ae Celeron\u00ae Processor G1820TE (2 x 2.20 GHz, 2 MB SmartCache, 35 W)<br \/>\nIntel\u00ae Core\u2122 i3-4360 Processor (2 x 3.70 GHz, 4 MB SmartCache, 54 W)<br \/>\nIntel\u00ae Core\u2122 i3-4350T Processor (2 x 3.10 GHz, 4 MB SmartCache, 35 W)<br \/>\nIntel\u00ae Core\u2122 i3-4340TE Processor (2 x 2.60 GHz, 4 MB SmartCache, 35 W)<br \/>\nIntel\u00ae Core\u2122 i3-4330TE Processor (2 x 2.40 GHz, 4 MB SmartCache, 35 W)<br \/>\nIntel\u00ae Core\u2122 i3-4330 Processor (2 x 3.50 GHz, 4 MB SmartCache, 54 W)<br \/>\nIntel\u00ae Core\u2122 i5-4590T Processor (4 x 2.00 GHz \/ 3.00 GHz, 6 MB SmartCache, 35 W)<br \/>\nIntel\u00ae Core\u2122 i5-4590S Processor (4 x 3.00 GHz \/ 3.70 GHz, 6 MB SmartCache, 65 W)<br \/>\nIntel\u00ae Core\u2122 i5-4570TE Processor (2 x 2.70 GHz \/ 3.30 GHz, 4 MB SmartCache, 35 W)<br \/>\nIntel\u00ae Core\u2122 i5-4570S Processor (4 x 2.90 GHz \/ 3.60 GHz, 6 MB SmartCache, 65 W)<br \/>\nIntel\u00ae Core\u2122 i7-4790S Processor (4 x 3.20 GHz \/ 4.00 GHz, 8 MB SmartCache, 65 W)<br \/>\nIntel\u00ae Core\u2122 i7-4770TE Processor (4 x 2.30 GHz \/ 3.30 GHz, 8 MB SmartCache, 45 W)<br \/>\nIntel\u00ae Celeron\u00ae Processor G1820 (2 x 2.70 GHz, 2 MB SmartCache, 53 W)<\/th>\n<\/tr>\n<\/thead>\n<tbody class=\"row-striping row-hover\">\n<tr class=\"row-2\">\n\t<td class=\"column-1\">Format<\/td><td class=\"column-2\">ATX<\/td>\n<\/tr>\n<tr class=\"row-3\">\n\t<td class=\"column-1\">Chipset<\/td><td class=\"column-2\">Intel\u00ae Q87<br \/>\n<\/td>\n<\/tr>\n<tr class=\"row-4\">\n\t<td class=\"column-1\">DRAM<\/td><td class=\"column-2\">Up to 32 GB, 4x DDR3 DIMM<br \/>\n<\/td>\n<\/tr>\n<tr class=\"row-5\">\n\t<td class=\"column-1\">Display Interface<\/td><td class=\"column-2\">VGA\/DVI-D\/HDMI supports triple display<br \/>\n<\/td>\n<\/tr>\n<tr class=\"row-6\">\n\t<td class=\"column-1\">Storage<\/td><td class=\"column-2\">5x SATA drives, 1x CFEX slot, RAID 0,1,5,10<br \/>\n<\/td>\n<\/tr>\n<tr class=\"row-7\">\n\t<td class=\"column-1\">Network<\/td><td class=\"column-2\">2x GbE<br \/>\n<\/td>\n<\/tr>\n<tr class=\"row-8\">\n\t<td class=\"column-1\">Bus Interface<\/td><td class=\"column-2\">2x PCI slots, 1x PCIe x16 slot, 2x PCIe x4 slot, 2x PCIe x1 slot<br \/>\n<\/td>\n<\/tr>\n<tr class=\"row-9\">\n\t<td class=\"column-1\">Serial Interface<\/td><td class=\"column-2\">4x RS232, 2x RS232\/422\/485, 4x RS232 (Optional)<br \/>\n<\/td>\n<\/tr>\n<tr class=\"row-10\">\n\t<td class=\"column-1\">USB<\/td><td class=\"column-2\">4x USB 3.0, 8x USB 2.0<br \/>\n<\/td>\n<\/tr>\n<tr class=\"row-11\">\n\t<td class=\"column-1\">Audio<\/td><td class=\"column-2\">Realtek ALC886-GR HD Audio codec<br \/>\n<\/td>\n<\/tr>\n<tr class=\"row-12\">\n\t<td class=\"column-1\">Miscellaneous<\/td><td class=\"column-2\">PS\/2, GPIO 8bit,Watchdog Timer, on board programmable 8-bit Digital I\/Os<br \/>\n<\/td>\n<\/tr>\n<tr class=\"row-13\">\n\t<td class=\"column-1\">Firmware<\/td><td class=\"column-2\">Pheonix UEFI BIOS<br \/>\n<\/td>\n<\/tr>\n<tr class=\"row-14\">\n\t<td class=\"column-1\">Power Requirement<\/td><td class=\"column-2\">ATX 24-pin power input<br \/>\n<\/td>\n<\/tr>\n<tr class=\"row-15\">\n\t<td class=\"column-1\">Operating Temperature<\/td><td class=\"column-2\">0\u00b0C~60\u00b0C<br \/>\n<\/td>\n<\/tr>\n<tr class=\"row-16\">\n\t<td class=\"column-1\">Storage Temperature<\/td><td class=\"column-2\">-20\u00b0C~80\u00b0C<br \/>\n<\/td>\n<\/tr>\n<tr class=\"row-17\">\n\t<td class=\"column-1\">Dimensions<\/td><td class=\"column-2\">304.8x243.8 mm<br \/>\n<\/td>\n<\/tr>\n<\/tbody>\n<\/table>\n<!-- #tablepress-391 from cache -->\n","protected":false},"excerpt":{"rendered":"<p>MIES-XHN5A10 jest oparty na urz\u0105dzeniu Intel\u00ae FPGA, Intel\u00ae Arria\u00ae 10 GX 1150. Oferuje kompletne i proste podej\u015bcie do aplikacji zorientowanych na obliczenia oraz posiada wbudowan\u0105 pami\u0119\u0107 do 16 GB pami\u0119ci SDRAM DDR4.<\/p>\n","protected":false},"featured_media":11272,"template":"","meta":{"_acf_changed":false,"inline_featured_image":false,"_monsterinsights_skip_tracking":false,"_monsterinsights_sitenote_active":false,"_monsterinsights_sitenote_note":"","_monsterinsights_sitenote_category":0},"product_brand":[],"product_cat":[1188,1584,1186,972],"product_tag":[],"class_list":{"0":"post-7417","1":"product","2":"type-product","3":"status-publish","4":"has-post-thumbnail","6":"product_cat-komputer-jednoplytkowy","7":"product_cat-komputery-jednoplytkowe-sbc-2","8":"product_cat-komputery-przemyslowe","9":"product_cat-portwell-pl","11":"first","12":"instock","13":"shipping-taxable","14":"product-type-simple"},"acf":[],"_links":{"self":[{"href":"https:\/\/quantum.com.pl\/pl\/wp-json\/wp\/v2\/product\/7417","targetHints":{"allow":["GET"]}}],"collection":[{"href":"https:\/\/quantum.com.pl\/pl\/wp-json\/wp\/v2\/product"}],"about":[{"href":"https:\/\/quantum.com.pl\/pl\/wp-json\/wp\/v2\/types\/product"}],"wp:featuredmedia":[{"embeddable":true,"href":"https:\/\/quantum.com.pl\/pl\/wp-json\/wp\/v2\/media\/11272"}],"wp:attachment":[{"href":"https:\/\/quantum.com.pl\/pl\/wp-json\/wp\/v2\/media?parent=7417"}],"wp:term":[{"taxonomy":"product_brand","embeddable":true,"href":"https:\/\/quantum.com.pl\/pl\/wp-json\/wp\/v2\/product_brand?post=7417"},{"taxonomy":"product_cat","embeddable":true,"href":"https:\/\/quantum.com.pl\/pl\/wp-json\/wp\/v2\/product_cat?post=7417"},{"taxonomy":"product_tag","embeddable":true,"href":"https:\/\/quantum.com.pl\/pl\/wp-json\/wp\/v2\/product_tag?post=7417"}],"curies":[{"name":"wp","href":"https:\/\/api.w.org\/{rel}","templated":true}]}}