{"id":7427,"date":"2019-12-23T12:43:38","date_gmt":"2019-12-23T11:43:38","guid":{"rendered":"https:\/\/quantum.com.pl\/?post_type=product&#038;p=7427"},"modified":"2020-08-25T23:26:16","modified_gmt":"2020-08-25T21:26:16","slug":"mies-xhn5a10-nic","status":"publish","type":"product","link":"https:\/\/quantum.com.pl\/pl\/product\/mies-xhn5a10-nic\/","title":{"rendered":"MIES-XHN5A10-NIC"},"content":{"rendered":"<h4>Karta akceleratora FPGA oparta na procesorze Intel Arria 10 GX<\/h4>\n<p><strong>Dane techniczne<\/strong><\/p>\n<ul>\n<li>Karta dodatkowa Intel\u00ae Arria\u00ae 10 PCI Express z szybkim rozszerzeniem<\/li>\n<li>Gold Finger PCI Express x8, dwa interfejsy sieciowe 10GbE<\/li>\n<li>Wbudowana pami\u0119\u0107, do 16 GB pami\u0119ci DDR4 SDRAM<\/li>\n<li>Wbudowany procesor Intel\u00ae MAX\u00ae 10 FPGA<\/li>\n<li>Kompaktowy rozmiar: 68 mm x 168 mm lub 2,68&#8243; x 6,61&#8243;<\/li>\n<\/ul>\n<p>MIES-XHN5A10-NIC jest oparty na urz\u0105dzeniu Intel\u00ae FPGA, Intel\u00ae Arria\u00ae 10 GX 1150. Oferuje kompletne i proste podej\u015bcie do aplikacji zorientowanych na komputery, a tak\u017ce wbudowan\u0105 pami\u0119\u0107 do 16 GB pami\u0119ci SDRAM DDR4. MIES-XHN5A10-NIC posiada kompaktow\u0105 powierzchni\u0105 o wymiarach 68 mm x 168 mm. Obs\u0142uguje Gold Finger PCIe x8 \u0142\u0105cz\u0105c g\u0142\u00f3wny procesor i podw\u00f3jnie szybkie interfejsy sieci 10GbE. Bior\u0105c pod uwag\u0119 obawy dotycz\u0105ce bezpiecze\u0144stwa zwi\u0105zane z ochron\u0105 w\u0142asno\u015bci intelektualnej u\u017cytkownika, MIES-XHN5A10-NIC zawiera procesor Intel\u00ae MAX\u00ae 10 FPGA do implementacji konfiguracji szyfrowania \/ deszyfrowania.<\/p>\n\n<table id=\"tablepress-393\" class=\"tablepress tablepress-id-393\">\n<thead>\n<tr class=\"row-1\">\n\t<th class=\"column-1\">CPU<\/th><th class=\"column-2\">Intel\u00ae Core\u2122 i5-3550S Processor (4 x 3.00 GHz \/ 3.70 GHz, 6 MB SmartCache, 65 W)<br \/>\nIntel\u00ae Core\u2122 i3-3220 Processor (2 x 3.30 GHz, 3 MB SmartCache, 55 W)<br \/>\nIntel\u00ae Core\u2122 i7-2600 Processor (4 x 3.40 GHz \/ 3.80 GHz, 8 MB SmartCache, 95 W)<br \/>\nIntel\u00ae Core\u2122 i5-2400 Processor (4 x 3.10 GHz \/ 3.40 GHz, 6 MB SmartCache, 95 W)<br \/>\nIntel\u00ae Core\u2122 i3-2120 Processor (2 x 3.30 GHz, 3 MB SmartCache, 65 W)<br \/>\nIntel\u00ae Pentium\u00ae Processor G2120 (2 x 3.10 GHz, 3 MB SmartCache, 55 W)<br \/>\nIntel\u00ae Pentium\u00ae Processor G850 (2 x 2.90 GHz, 3 MB SmartCache, 65 W)<br \/>\nIntel\u00ae Celeron\u00ae Processor G540 (2 x 2.50 GHz, 2 MB SmartCache, 65 W)<\/th>\n<\/tr>\n<\/thead>\n<tbody class=\"row-striping row-hover\">\n<tr class=\"row-2\">\n\t<td class=\"column-1\">Format<\/td><td class=\"column-2\">ATX<\/td>\n<\/tr>\n<tr class=\"row-3\">\n\t<td class=\"column-1\">Chipset<\/td><td class=\"column-2\">Intel\u00ae Q77<br \/>\n<\/td>\n<\/tr>\n<tr class=\"row-4\">\n\t<td class=\"column-1\">DRAM<\/td><td class=\"column-2\">Up to 32GB DDR3 1333\/1600 SDRAM on 4x 240-pin DIMM sockets (dual channel)<br \/>\n<\/td>\n<\/tr>\n<tr class=\"row-5\">\n\t<td class=\"column-1\">Graphic Controller<\/td><td class=\"column-2\">Intel\u00ae HD Graphics 3000\/4000<br \/>\n<\/td>\n<\/tr>\n<tr class=\"row-6\">\n\t<td class=\"column-1\">Display Interface<\/td><td class=\"column-2\">VGA Resolution up to 2560x1600 @60Hz DVI-D up to 1920x1200 @60Hz HDMI up to 1920x1200 @60Hz<br \/>\n<\/td>\n<\/tr>\n<tr class=\"row-7\">\n\t<td class=\"column-1\">Storage<\/td><td class=\"column-2\">2x SATA support 6Gb\/s data transfer rate, 3x SATA support 3Gb\/s data transfer rate, Supports RAID 0,1,5,10, 1xCFEX(Only support CFEX Card)<br \/>\n<\/td>\n<\/tr>\n<tr class=\"row-8\">\n\t<td class=\"column-1\">Network<\/td><td class=\"column-2\">Intel\u00ae 82579LM and 82583V dual gigabit ethernet controllers, PCI Express x1 interface based on gigabit ethernet Dual RJ-45 connectors with two LED indicators at rear I\/O panel<br \/>\n<\/td>\n<\/tr>\n<tr class=\"row-9\">\n\t<td class=\"column-1\">Bus Interface<\/td><td class=\"column-2\">1x PCI Express x16 slot (Gen3, 8.0 GT\/s) 1x PCI Express x16 slot (with x4 signal Gen 2, 5.0 GT\/s), 1x PCI Express x4 slot (with x1 signal Gen 2, 5.0 GT\/s), 4x PCI devices at 32-bit 33 MHz<br \/>\n<\/td>\n<\/tr>\n<tr class=\"row-10\">\n\t<td class=\"column-1\">Serial Interface<\/td><td class=\"column-2\">4x RS232, 1x RS232 and 1x Selectable RS232\/422\/485 on rear I\/O<br \/>\n<\/td>\n<\/tr>\n<tr class=\"row-11\">\n\t<td class=\"column-1\">USB<\/td><td class=\"column-2\">10x (4x USB 3.0, 6x USB 2.0)<br \/>\n<\/td>\n<\/tr>\n<tr class=\"row-12\">\n\t<td class=\"column-1\">Audio<\/td><td class=\"column-2\">Intel\u00ae Q77 PCH built-in High Definition Audio up to 192-Khz 32-bit, Realtek ALC886-GR HDA codec, Audio Jack DIP Light Pink\/Lime\/Light Blue<br \/>\n<\/td>\n<\/tr>\n<tr class=\"row-13\">\n\t<td class=\"column-1\">Miscellaneous<\/td><td class=\"column-2\">PS\/2, LPT, GPIO 8bit,Watchdog Timer on board<br \/>\n<\/td>\n<\/tr>\n<tr class=\"row-14\">\n\t<td class=\"column-1\">Firmware<\/td><td class=\"column-2\">Pheonix UEFI BIOS<br \/>\n<\/td>\n<\/tr>\n<tr class=\"row-15\">\n\t<td class=\"column-1\">Power Requirement<\/td><td class=\"column-2\">ATX 24-pin power input<br \/>\n<\/td>\n<\/tr>\n<tr class=\"row-16\">\n\t<td class=\"column-1\">Operating Temperature<\/td><td class=\"column-2\">0\u00b0C~60\u00b0C (with highest performance on 50 \u00b0C)<br \/>\n<\/td>\n<\/tr>\n<tr class=\"row-17\">\n\t<td class=\"column-1\">Storage Temperature<\/td><td class=\"column-2\">-20\u00b0C~80\u00b0C<br \/>\n<\/td>\n<\/tr>\n<tr class=\"row-18\">\n\t<td class=\"column-1\">Dimensions<\/td><td class=\"column-2\">304.8x243.8 mm<br \/>\n<\/td>\n<\/tr>\n<\/tbody>\n<\/table>\n<!-- #tablepress-393 from cache -->\n","protected":false},"excerpt":{"rendered":"<p>MIES-XHN5A10-NIC jest oparty na urz\u0105dzeniu Intel\u00ae FPGA, Intel\u00ae Arria\u00ae 10 GX 1150. Oferuje kompletne i proste podej\u015bcie do aplikacji zorientowanych na komputery, a tak\u017ce wbudowan\u0105 pami\u0119\u0107 do 16 GB pami\u0119ci SDRAM DDR4<\/p>\n","protected":false},"featured_media":11274,"template":"","meta":{"_acf_changed":false,"inline_featured_image":false,"_monsterinsights_skip_tracking":false,"_monsterinsights_sitenote_active":false,"_monsterinsights_sitenote_note":"","_monsterinsights_sitenote_category":0},"product_brand":[],"product_cat":[1188,1584,1186,972],"product_tag":[],"class_list":{"0":"post-7427","1":"product","2":"type-product","3":"status-publish","4":"has-post-thumbnail","6":"product_cat-komputer-jednoplytkowy","7":"product_cat-komputery-jednoplytkowe-sbc-2","8":"product_cat-komputery-przemyslowe","9":"product_cat-portwell-pl","11":"first","12":"instock","13":"shipping-taxable","14":"product-type-simple"},"acf":[],"_links":{"self":[{"href":"https:\/\/quantum.com.pl\/pl\/wp-json\/wp\/v2\/product\/7427","targetHints":{"allow":["GET"]}}],"collection":[{"href":"https:\/\/quantum.com.pl\/pl\/wp-json\/wp\/v2\/product"}],"about":[{"href":"https:\/\/quantum.com.pl\/pl\/wp-json\/wp\/v2\/types\/product"}],"wp:featuredmedia":[{"embeddable":true,"href":"https:\/\/quantum.com.pl\/pl\/wp-json\/wp\/v2\/media\/11274"}],"wp:attachment":[{"href":"https:\/\/quantum.com.pl\/pl\/wp-json\/wp\/v2\/media?parent=7427"}],"wp:term":[{"taxonomy":"product_brand","embeddable":true,"href":"https:\/\/quantum.com.pl\/pl\/wp-json\/wp\/v2\/product_brand?post=7427"},{"taxonomy":"product_cat","embeddable":true,"href":"https:\/\/quantum.com.pl\/pl\/wp-json\/wp\/v2\/product_cat?post=7427"},{"taxonomy":"product_tag","embeddable":true,"href":"https:\/\/quantum.com.pl\/pl\/wp-json\/wp\/v2\/product_tag?post=7427"}],"curies":[{"name":"wp","href":"https:\/\/api.w.org\/{rel}","templated":true}]}}