{"id":7446,"date":"2019-12-23T13:35:02","date_gmt":"2019-12-23T12:35:02","guid":{"rendered":"https:\/\/quantum.com.pl\/?post_type=product&#038;p=7446"},"modified":"2020-08-26T23:52:07","modified_gmt":"2020-08-26T21:52:07","slug":"pbpe-14ad64","status":"publish","type":"product","link":"https:\/\/quantum.com.pl\/pl\/product\/pbpe-14ad64\/","title":{"rendered":"PBPE-14AD64"},"content":{"rendered":"<h4>Dane techniczne<\/h4>\n<ul>\n<li>Przystosowany do obudowy 4U<\/li>\n<li>Cztery magistrale PCI-X obs\u0142uguj\u0105 osiem gniazd rozszerze\u0144 PCI-X<\/li>\n<\/ul>\n<p>14-slotowy [PCI-E x8 (1), PCI-E x4 (1), PCI-X (8), PCI (3)] PICMG 1.3 Przemys\u0142owa p\u0142yta monta\u017cowa<\/p>\n","protected":false},"excerpt":{"rendered":"<div class=\"row\">\n<div class=\"col-md-12\">\n<div class=\"col-md-12 col-sm-12 div-h1h2\">\n<div class=\"row\">\n<div class=\"col-md-12 products-description\">14-slot [PCI-E x8 (1), PCI-E x4 (1), PCI-X (8), PCI (3)] PICMG 1.3 Industrial Backplane<\/div>\n<\/div>\n<h2><\/h2>\n<\/div>\n<\/div>\n<\/div>\n<div class=\"row\"><\/div>\n","protected":false},"featured_media":11340,"template":"","meta":{"_acf_changed":false,"inline_featured_image":false,"_monsterinsights_skip_tracking":false,"_monsterinsights_sitenote_active":false,"_monsterinsights_sitenote_note":"","_monsterinsights_sitenote_category":0},"product_brand":[],"product_cat":[1584,1186,972,1240,1242],"product_tag":[],"class_list":{"0":"post-7446","1":"product","2":"type-product","3":"status-publish","4":"has-post-thumbnail","6":"product_cat-komputery-jednoplytkowe-sbc-2","7":"product_cat-komputery-przemyslowe","8":"product_cat-portwell-pl","9":"product_cat-przemyslowa-plyta-montazowa","10":"product_cat-przemyslowa-plyta-montazowa-io-centric-pl","12":"first","13":"instock","14":"shipping-taxable","15":"product-type-simple"},"acf":[],"_links":{"self":[{"href":"https:\/\/quantum.com.pl\/pl\/wp-json\/wp\/v2\/product\/7446","targetHints":{"allow":["GET"]}}],"collection":[{"href":"https:\/\/quantum.com.pl\/pl\/wp-json\/wp\/v2\/product"}],"about":[{"href":"https:\/\/quantum.com.pl\/pl\/wp-json\/wp\/v2\/types\/product"}],"wp:featuredmedia":[{"embeddable":true,"href":"https:\/\/quantum.com.pl\/pl\/wp-json\/wp\/v2\/media\/11340"}],"wp:attachment":[{"href":"https:\/\/quantum.com.pl\/pl\/wp-json\/wp\/v2\/media?parent=7446"}],"wp:term":[{"taxonomy":"product_brand","embeddable":true,"href":"https:\/\/quantum.com.pl\/pl\/wp-json\/wp\/v2\/product_brand?post=7446"},{"taxonomy":"product_cat","embeddable":true,"href":"https:\/\/quantum.com.pl\/pl\/wp-json\/wp\/v2\/product_cat?post=7446"},{"taxonomy":"product_tag","embeddable":true,"href":"https:\/\/quantum.com.pl\/pl\/wp-json\/wp\/v2\/product_tag?post=7446"}],"curies":[{"name":"wp","href":"https:\/\/api.w.org\/{rel}","templated":true}]}}