{"id":7453,"date":"2019-12-23T13:45:57","date_gmt":"2019-12-23T12:45:57","guid":{"rendered":"https:\/\/quantum.com.pl\/?post_type=product&#038;p=7453"},"modified":"2020-08-26T23:52:57","modified_gmt":"2020-08-26T21:52:57","slug":"pbpe-08p41","status":"publish","type":"product","link":"https:\/\/quantum.com.pl\/pl\/product\/pbpe-08p41\/","title":{"rendered":"PBPE-08P41"},"content":{"rendered":"<h4>8 gniazd PCI-E x16 backplane<\/h4>\n<p><strong>Dane techniczne<\/strong><\/p>\n<ul>\n<li>Przystosowany do obudowy typu ,,Node&#8221;<\/li>\n<li>Dla p\u0142yty g\u0142\u00f3wnej systemu ROBO-8920VG2 PICMG 1.3<\/li>\n<li>Cztery porty USB<\/li>\n<\/ul>\n<p>8 gniazd [PCI-E x8 (sygna\u0142 1, x4), PCI-E x16 (sygna\u0142 2, x8), PCI (4)] PICMG 1.3 Przemys\u0142owa p\u0142yta monta\u017cowa<\/p>\n","protected":false},"excerpt":{"rendered":"<p>8 gniazd [PCI-E x8 (sygna\u0142 1, x4), PCI-E x16 (sygna\u0142 2, x8), PCI (4)] PICMG 1.3 Przemys\u0142owa p\u0142yta monta\u017cowa<\/p>\n","protected":false},"featured_media":11332,"template":"","meta":{"_acf_changed":false,"inline_featured_image":false,"_monsterinsights_skip_tracking":false,"_monsterinsights_sitenote_active":false,"_monsterinsights_sitenote_note":"","_monsterinsights_sitenote_category":0},"product_brand":[],"product_cat":[1584,1186,972,1240,1242],"product_tag":[],"class_list":{"0":"post-7453","1":"product","2":"type-product","3":"status-publish","4":"has-post-thumbnail","6":"product_cat-komputery-jednoplytkowe-sbc-2","7":"product_cat-komputery-przemyslowe","8":"product_cat-portwell-pl","9":"product_cat-przemyslowa-plyta-montazowa","10":"product_cat-przemyslowa-plyta-montazowa-io-centric-pl","12":"first","13":"instock","14":"shipping-taxable","15":"product-type-simple"},"acf":[],"_links":{"self":[{"href":"https:\/\/quantum.com.pl\/pl\/wp-json\/wp\/v2\/product\/7453","targetHints":{"allow":["GET"]}}],"collection":[{"href":"https:\/\/quantum.com.pl\/pl\/wp-json\/wp\/v2\/product"}],"about":[{"href":"https:\/\/quantum.com.pl\/pl\/wp-json\/wp\/v2\/types\/product"}],"wp:featuredmedia":[{"embeddable":true,"href":"https:\/\/quantum.com.pl\/pl\/wp-json\/wp\/v2\/media\/11332"}],"wp:attachment":[{"href":"https:\/\/quantum.com.pl\/pl\/wp-json\/wp\/v2\/media?parent=7453"}],"wp:term":[{"taxonomy":"product_brand","embeddable":true,"href":"https:\/\/quantum.com.pl\/pl\/wp-json\/wp\/v2\/product_brand?post=7453"},{"taxonomy":"product_cat","embeddable":true,"href":"https:\/\/quantum.com.pl\/pl\/wp-json\/wp\/v2\/product_cat?post=7453"},{"taxonomy":"product_tag","embeddable":true,"href":"https:\/\/quantum.com.pl\/pl\/wp-json\/wp\/v2\/product_tag?post=7453"}],"curies":[{"name":"wp","href":"https:\/\/api.w.org\/{rel}","templated":true}]}}