{"id":7460,"date":"2019-12-23T13:53:24","date_gmt":"2019-12-23T12:53:24","guid":{"rendered":"https:\/\/quantum.com.pl\/?post_type=product&#038;p=7460"},"modified":"2020-08-26T23:52:53","modified_gmt":"2020-08-26T21:52:53","slug":"pbpe-06v464","status":"publish","type":"product","link":"https:\/\/quantum.com.pl\/pl\/product\/pbpe-06v464\/","title":{"rendered":"PBPE-06V464"},"content":{"rendered":"<h4>6-slotowa pionowa [PCI-E x1 (4), PCI-E x16 (1)] PICMG 1.3 przemys\u0142owa p\u0142yta monta\u017cowa<\/h4>\n<p><strong>Dane techniczne<\/strong><\/p>\n<ul>\n<li>Przystosowany do obudowy 2U<\/li>\n<li>Podw\u00f3jne magistrale PCI-X obs\u0142uguj\u0105 cztery gniazda PCI-X<\/li>\n<\/ul>\n<p>6-slotowa pionowa przemys\u0142owa p\u0142yta monta\u017cowa [PCI-E x4 (1), PCI-X (4)]<\/p>\n","protected":false},"excerpt":{"rendered":"<p>6-slotowa pionowa przemys\u0142owa p\u0142yta monta\u017cowa [PCI-E x4 (1), PCI-X (4)]<\/p>\n","protected":false},"featured_media":11328,"template":"","meta":{"_acf_changed":false,"inline_featured_image":false,"_monsterinsights_skip_tracking":false,"_monsterinsights_sitenote_active":false,"_monsterinsights_sitenote_note":"","_monsterinsights_sitenote_category":0},"product_brand":[],"product_cat":[1584,1186,972,1240,1242],"product_tag":[],"class_list":{"0":"post-7460","1":"product","2":"type-product","3":"status-publish","4":"has-post-thumbnail","6":"product_cat-komputery-jednoplytkowe-sbc-2","7":"product_cat-komputery-przemyslowe","8":"product_cat-portwell-pl","9":"product_cat-przemyslowa-plyta-montazowa","10":"product_cat-przemyslowa-plyta-montazowa-io-centric-pl","12":"first","13":"instock","14":"shipping-taxable","15":"product-type-simple"},"acf":[],"_links":{"self":[{"href":"https:\/\/quantum.com.pl\/pl\/wp-json\/wp\/v2\/product\/7460","targetHints":{"allow":["GET"]}}],"collection":[{"href":"https:\/\/quantum.com.pl\/pl\/wp-json\/wp\/v2\/product"}],"about":[{"href":"https:\/\/quantum.com.pl\/pl\/wp-json\/wp\/v2\/types\/product"}],"wp:featuredmedia":[{"embeddable":true,"href":"https:\/\/quantum.com.pl\/pl\/wp-json\/wp\/v2\/media\/11328"}],"wp:attachment":[{"href":"https:\/\/quantum.com.pl\/pl\/wp-json\/wp\/v2\/media?parent=7460"}],"wp:term":[{"taxonomy":"product_brand","embeddable":true,"href":"https:\/\/quantum.com.pl\/pl\/wp-json\/wp\/v2\/product_brand?post=7460"},{"taxonomy":"product_cat","embeddable":true,"href":"https:\/\/quantum.com.pl\/pl\/wp-json\/wp\/v2\/product_cat?post=7460"},{"taxonomy":"product_tag","embeddable":true,"href":"https:\/\/quantum.com.pl\/pl\/wp-json\/wp\/v2\/product_tag?post=7460"}],"curies":[{"name":"wp","href":"https:\/\/api.w.org\/{rel}","templated":true}]}}