{"id":7494,"date":"2019-12-26T11:03:37","date_gmt":"2019-12-26T10:03:37","guid":{"rendered":"https:\/\/quantum.com.pl\/?post_type=product&#038;p=7494"},"modified":"2020-08-26T23:52:48","modified_gmt":"2020-08-26T21:52:48","slug":"pbpe-12aa64","status":"publish","type":"product","link":"https:\/\/quantum.com.pl\/pl\/product\/pbpe-12aa64\/","title":{"rendered":"PBPE-12AA64"},"content":{"rendered":"<div class=\"jhH5U r-ig8zTAvLDhgg\" data-rtid=\"ig8zTAvLDhgg\">\n<div id=\"tw-ob\" class=\"tw-src-ltr\">\n<div class=\"oSioSc\">\n<div id=\"tw-target\">\n<div id=\"kAz1tf\" class=\"g9WsWb\">\n<div id=\"tw-target-text-container\" class=\"tw-ta-container tw-nfl\">\n<h4 id=\"tw-target-text\" class=\"tw-data-text tw-text-large tw-ta\" dir=\"ltr\" data-placeholder=\"T\u0142umaczenie\"><span lang=\"pl\" tabindex=\"0\">P\u0142yta monta\u017cowa PICMG 1.3 z PCI-E x16<\/span><\/h4>\n<p><strong>Dane techniczne<\/strong><\/p>\n<ul>\n<li>Przystosowany do obudowy 4U<\/li>\n<li>Cztery porty USB<\/li>\n<li>Podw\u00f3jne porty SATA<\/li>\n<li>Dwie magistrale PCI-X obs\u0142uguj\u0105 osiem gniazd rozszerze\u0144 PCI-X<\/li>\n<li>Do komputera jednop\u0142ytkowego ROBO-8912VG2AR<\/li>\n<\/ul>\n<p>12 gniazd [PCI-X (8), PCI-E x16 (1), PCI (2)]<\/p>\n<\/div>\n<\/div>\n<\/div>\n<\/div>\n<\/div>\n<\/div>\n","protected":false},"excerpt":{"rendered":"<p>12 gniazd [PCI-X (8), PCI-E x16 (1), PCI (2)]<\/p>\n","protected":false},"featured_media":11338,"template":"","meta":{"_acf_changed":false,"inline_featured_image":false,"_monsterinsights_skip_tracking":false,"_monsterinsights_sitenote_active":false,"_monsterinsights_sitenote_note":"","_monsterinsights_sitenote_category":0},"product_brand":[],"product_cat":[1584,1186,972,1240,1255],"product_tag":[],"class_list":{"0":"post-7494","1":"product","2":"type-product","3":"status-publish","4":"has-post-thumbnail","6":"product_cat-komputery-jednoplytkowe-sbc-2","7":"product_cat-komputery-przemyslowe","8":"product_cat-portwell-pl","9":"product_cat-przemyslowa-plyta-montazowa","10":"product_cat-przemyslowa-plyta-montazowa-graphic-class-graphic-centric-pl","12":"first","13":"instock","14":"shipping-taxable","15":"product-type-simple"},"acf":[],"_links":{"self":[{"href":"https:\/\/quantum.com.pl\/pl\/wp-json\/wp\/v2\/product\/7494","targetHints":{"allow":["GET"]}}],"collection":[{"href":"https:\/\/quantum.com.pl\/pl\/wp-json\/wp\/v2\/product"}],"about":[{"href":"https:\/\/quantum.com.pl\/pl\/wp-json\/wp\/v2\/types\/product"}],"wp:featuredmedia":[{"embeddable":true,"href":"https:\/\/quantum.com.pl\/pl\/wp-json\/wp\/v2\/media\/11338"}],"wp:attachment":[{"href":"https:\/\/quantum.com.pl\/pl\/wp-json\/wp\/v2\/media?parent=7494"}],"wp:term":[{"taxonomy":"product_brand","embeddable":true,"href":"https:\/\/quantum.com.pl\/pl\/wp-json\/wp\/v2\/product_brand?post=7494"},{"taxonomy":"product_cat","embeddable":true,"href":"https:\/\/quantum.com.pl\/pl\/wp-json\/wp\/v2\/product_cat?post=7494"},{"taxonomy":"product_tag","embeddable":true,"href":"https:\/\/quantum.com.pl\/pl\/wp-json\/wp\/v2\/product_tag?post=7494"}],"curies":[{"name":"wp","href":"https:\/\/api.w.org\/{rel}","templated":true}]}}