{"id":7537,"date":"2019-12-26T12:05:13","date_gmt":"2019-12-26T11:05:13","guid":{"rendered":"https:\/\/quantum.com.pl\/?post_type=product&#038;p=7537"},"modified":"2020-08-26T23:51:15","modified_gmt":"2020-08-26T21:51:15","slug":"pbpe-06p3","status":"publish","type":"product","link":"https:\/\/quantum.com.pl\/pl\/product\/pbpe-06p3\/","title":{"rendered":"PBPE-06P3"},"content":{"rendered":"<h4>6-slotowa PICMG 1.3 P\u0142yta monta\u017cowa<\/h4>\n<p><strong>Dane techniczne<\/strong><\/p>\n<ul>\n<li>Przystosowany do obudowy typu ,,Node&#8221;<\/li>\n<li>Cztery porty USB<\/li>\n<li>Podw\u00f3jne porty SATA<\/li>\n<li>Dla p\u0142yty g\u0142\u00f3wnej systemu ROBO-8912VG2AR PICMG 1.3<\/li>\n<\/ul>\n<p>6-slotowa [PCI-E x16 (1), PCI-E x4 (1), PCI (3)] PICMG 1.3 Przemys\u0142owa p\u0142yta monta\u017cowa<\/p>\n","protected":false},"excerpt":{"rendered":"<p>6-slotowa [PCI-E x16 (1), PCI-E x4 (1), PCI (3)] PICMG 1.3 Przemys\u0142owa p\u0142yta monta\u017cowa<\/p>\n","protected":false},"featured_media":11324,"template":"","meta":{"_acf_changed":false,"inline_featured_image":false,"_monsterinsights_skip_tracking":false,"_monsterinsights_sitenote_active":false,"_monsterinsights_sitenote_note":"","_monsterinsights_sitenote_category":0},"product_brand":[],"product_cat":[1584,1186,972,1240,1255],"product_tag":[],"class_list":{"0":"post-7537","1":"product","2":"type-product","3":"status-publish","4":"has-post-thumbnail","6":"product_cat-komputery-jednoplytkowe-sbc-2","7":"product_cat-komputery-przemyslowe","8":"product_cat-portwell-pl","9":"product_cat-przemyslowa-plyta-montazowa","10":"product_cat-przemyslowa-plyta-montazowa-graphic-class-graphic-centric-pl","12":"first","13":"instock","14":"shipping-taxable","15":"product-type-simple"},"acf":[],"_links":{"self":[{"href":"https:\/\/quantum.com.pl\/pl\/wp-json\/wp\/v2\/product\/7537","targetHints":{"allow":["GET"]}}],"collection":[{"href":"https:\/\/quantum.com.pl\/pl\/wp-json\/wp\/v2\/product"}],"about":[{"href":"https:\/\/quantum.com.pl\/pl\/wp-json\/wp\/v2\/types\/product"}],"wp:featuredmedia":[{"embeddable":true,"href":"https:\/\/quantum.com.pl\/pl\/wp-json\/wp\/v2\/media\/11324"}],"wp:attachment":[{"href":"https:\/\/quantum.com.pl\/pl\/wp-json\/wp\/v2\/media?parent=7537"}],"wp:term":[{"taxonomy":"product_brand","embeddable":true,"href":"https:\/\/quantum.com.pl\/pl\/wp-json\/wp\/v2\/product_brand?post=7537"},{"taxonomy":"product_cat","embeddable":true,"href":"https:\/\/quantum.com.pl\/pl\/wp-json\/wp\/v2\/product_cat?post=7537"},{"taxonomy":"product_tag","embeddable":true,"href":"https:\/\/quantum.com.pl\/pl\/wp-json\/wp\/v2\/product_tag?post=7537"}],"curies":[{"name":"wp","href":"https:\/\/api.w.org\/{rel}","templated":true}]}}