{"id":7565,"date":"2019-12-27T11:23:03","date_gmt":"2019-12-27T10:23:03","guid":{"rendered":"https:\/\/quantum.com.pl\/?post_type=product&#038;p=7565"},"modified":"2020-08-26T23:51:10","modified_gmt":"2020-08-26T21:51:10","slug":"pbp-19ai","status":"publish","type":"product","link":"https:\/\/quantum.com.pl\/pl\/product\/pbp-19ai\/","title":{"rendered":"PBP-19AI"},"content":{"rendered":"<h4>Aktywna p\u0142yta monta\u017cowa PICMG z 19 gniazdami (18xPCI)<\/h4>\n<p><strong>Dane techniczne<\/strong><\/p>\n<ul>\n<li>4-warstwowa p\u0142ytka PCB z funkcj\u0105 ground and power<\/li>\n<li>P\u0142ytka znamionowa PCB w 94-V0<\/li>\n<li>Obs\u0142uguje typ ATX i z\u0142\u0105cze zasilania 3,3 V<\/li>\n<li>Wska\u017anik LED stanu sygna\u0142u zasilania<\/li>\n<li>Wyposa\u017cony w poz\u0142acane z\u0142\u0105cze dla lepszego kontaktu<\/li>\n<li>Brak wygi\u0119cia p\u0142ytki PCB po przytwierdzeniu<\/li>\n<\/ul>\n<p>Aktywna p\u0142yta monta\u017cowa PICMG z 19 gniazdami (18xPCI)<\/p>\n","protected":false},"excerpt":{"rendered":"<p>Aktywna p\u0142yta monta\u017cowa PICMG z 19 gniazdami (18xPCI)<\/p>\n","protected":false},"featured_media":11311,"template":"","meta":{"_acf_changed":false,"inline_featured_image":false,"_monsterinsights_skip_tracking":false,"_monsterinsights_sitenote_active":false,"_monsterinsights_sitenote_note":"","_monsterinsights_sitenote_category":0},"product_brand":[],"product_cat":[1584,1186,972,1240,1279],"product_tag":[],"class_list":{"0":"post-7565","1":"product","2":"type-product","3":"status-publish","4":"has-post-thumbnail","6":"product_cat-komputery-jednoplytkowe-sbc-2","7":"product_cat-komputery-przemyslowe","8":"product_cat-portwell-pl","9":"product_cat-przemyslowa-plyta-montazowa","10":"product_cat-przemyslowa-plyta-montazowa-picmg-10-pl","12":"first","13":"instock","14":"shipping-taxable","15":"product-type-simple"},"acf":[],"_links":{"self":[{"href":"https:\/\/quantum.com.pl\/pl\/wp-json\/wp\/v2\/product\/7565","targetHints":{"allow":["GET"]}}],"collection":[{"href":"https:\/\/quantum.com.pl\/pl\/wp-json\/wp\/v2\/product"}],"about":[{"href":"https:\/\/quantum.com.pl\/pl\/wp-json\/wp\/v2\/types\/product"}],"wp:featuredmedia":[{"embeddable":true,"href":"https:\/\/quantum.com.pl\/pl\/wp-json\/wp\/v2\/media\/11311"}],"wp:attachment":[{"href":"https:\/\/quantum.com.pl\/pl\/wp-json\/wp\/v2\/media?parent=7565"}],"wp:term":[{"taxonomy":"product_brand","embeddable":true,"href":"https:\/\/quantum.com.pl\/pl\/wp-json\/wp\/v2\/product_brand?post=7565"},{"taxonomy":"product_cat","embeddable":true,"href":"https:\/\/quantum.com.pl\/pl\/wp-json\/wp\/v2\/product_cat?post=7565"},{"taxonomy":"product_tag","embeddable":true,"href":"https:\/\/quantum.com.pl\/pl\/wp-json\/wp\/v2\/product_tag?post=7565"}],"curies":[{"name":"wp","href":"https:\/\/api.w.org\/{rel}","templated":true}]}}