{"id":7586,"date":"2019-12-27T11:44:42","date_gmt":"2019-12-27T10:44:42","guid":{"rendered":"https:\/\/quantum.com.pl\/?post_type=product&#038;p=7586"},"modified":"2020-08-26T23:51:35","modified_gmt":"2020-08-26T21:51:35","slug":"pbp-14ac-b","status":"publish","type":"product","link":"https:\/\/quantum.com.pl\/pl\/product\/pbp-14ac-b\/","title":{"rendered":"PBP-14AC-B"},"content":{"rendered":"<h4>Dane techniczne<\/h4>\n<ul>\n<li>Przystosowany do ka\u017cdej 14-slotowej obudowy<\/li>\n<li>Przystosowany do zaawansowanej aplikacji CTI<\/li>\n<li>Obs\u0142uga z\u0142\u0105cza zasilania ATX<\/li>\n<li>317(L) x 260(W) mm;12.48&#8243;(L) x 11&#8243;(W)<\/li>\n<\/ul>\n<p>14-slotowa (12xPCI) aktywna p\u0142yta monta\u017cowa PICMG<\/p>\n","protected":false},"excerpt":{"rendered":"<p>14-slotowa (12xPCI) aktywna p\u0142yta monta\u017cowa PICMG<\/p>\n","protected":false},"featured_media":11303,"template":"","meta":{"_acf_changed":false,"inline_featured_image":false,"_monsterinsights_skip_tracking":false,"_monsterinsights_sitenote_active":false,"_monsterinsights_sitenote_note":"","_monsterinsights_sitenote_category":0},"product_brand":[],"product_cat":[1584,1186,972,1240,1279],"product_tag":[],"class_list":{"0":"post-7586","1":"product","2":"type-product","3":"status-publish","4":"has-post-thumbnail","6":"product_cat-komputery-jednoplytkowe-sbc-2","7":"product_cat-komputery-przemyslowe","8":"product_cat-portwell-pl","9":"product_cat-przemyslowa-plyta-montazowa","10":"product_cat-przemyslowa-plyta-montazowa-picmg-10-pl","12":"first","13":"instock","14":"shipping-taxable","15":"product-type-simple"},"acf":[],"_links":{"self":[{"href":"https:\/\/quantum.com.pl\/pl\/wp-json\/wp\/v2\/product\/7586","targetHints":{"allow":["GET"]}}],"collection":[{"href":"https:\/\/quantum.com.pl\/pl\/wp-json\/wp\/v2\/product"}],"about":[{"href":"https:\/\/quantum.com.pl\/pl\/wp-json\/wp\/v2\/types\/product"}],"wp:featuredmedia":[{"embeddable":true,"href":"https:\/\/quantum.com.pl\/pl\/wp-json\/wp\/v2\/media\/11303"}],"wp:attachment":[{"href":"https:\/\/quantum.com.pl\/pl\/wp-json\/wp\/v2\/media?parent=7586"}],"wp:term":[{"taxonomy":"product_brand","embeddable":true,"href":"https:\/\/quantum.com.pl\/pl\/wp-json\/wp\/v2\/product_brand?post=7586"},{"taxonomy":"product_cat","embeddable":true,"href":"https:\/\/quantum.com.pl\/pl\/wp-json\/wp\/v2\/product_cat?post=7586"},{"taxonomy":"product_tag","embeddable":true,"href":"https:\/\/quantum.com.pl\/pl\/wp-json\/wp\/v2\/product_tag?post=7586"}],"curies":[{"name":"wp","href":"https:\/\/api.w.org\/{rel}","templated":true}]}}