{"id":7635,"date":"2019-12-27T16:06:39","date_gmt":"2019-12-27T15:06:39","guid":{"rendered":"https:\/\/quantum.com.pl\/?post_type=product&#038;p=7635"},"modified":"2020-05-20T20:56:50","modified_gmt":"2020-05-20T18:56:50","slug":"ruby-d716vg2ar","status":"publish","type":"product","link":"https:\/\/quantum.com.pl\/pl\/product\/ruby-d716vg2ar\/","title":{"rendered":"RUBY-D716VG2AR"},"content":{"rendered":"<h4>P\u0142yta g\u0142\u00f3wna ATX Intel Haswell i5\/i7 Q87 PCH<\/h4>\n<p>&nbsp;<\/p>\n<p>Przemys\u0142owa p\u0142yta g\u0142\u00f3wna ATX oparta na chipsecie Intel\u00ae Q87, obs\u0142uguj\u0105ca procesor Intel\u00ae Core&#x2122; i5\/i7 z wy\u015bwietlaczem HDMI\/DVI-D\/VGA, DDR3 SDRAM, Dual Gigabit Ethernet, USB 3.0, audio i SATA RAID<\/p>\n<h4>Cechy szczeg\u00f3lne:<\/h4>\n<ul>\n<li>Procesory Intel\u00ae 4. generacji i5\/i7 i Intel\u00ae Q87 PCH<\/li>\n<li>Cztery modu\u0142y DIMM obs\u0142uguj\u0105ce dwukana\u0142ow\u0105 pami\u0119\u0107 DIMM DDR3 SDRAM 1333\/1600 o pojemno\u015bci do 32 GB<\/li>\n<li>Jeden PCIe x16 (Gen. 3), Dwa PCIe x4 (Gen. 2, sygna\u0142 x1), Dwa PCIe x1 (Gen. 2) i Dwa gniazda PCI.<\/li>\n<li>Triple Display: VGA \/ DVI-D \/ HDMI<\/li>\n<li>SATA RAID 0\/1\/5\/10<\/li>\n<li>Do 10 port\u00f3w COM<\/li>\n<\/ul>\n<h4>Specyfikacja:<\/h4>\n\n<table id=\"tablepress-395\" class=\"tablepress tablepress-id-395\">\n<thead>\n<tr class=\"row-1\">\n\t<th class=\"column-1\">CPU<\/th><th class=\"column-2\">Intel\u00ae Celeron\u00ae Processor G540 (2 x 2.50 GHz, 2 MB SmartCache, 65 W)<br \/>\nIntel\u00ae Pentium\u00ae Processor G850 (2 x 2.90 GHz, 3 MB SmartCache, 65 W)<br \/>\nIntel\u00ae Core\u2122 i3-2120 Processor (2 x 3.30 GHz, 3 MB SmartCache, 65 W)<\/th>\n<\/tr>\n<\/thead>\n<tbody class=\"row-striping row-hover\">\n<tr class=\"row-2\">\n\t<td class=\"column-1\">Format<\/td><td class=\"column-2\">ATX<\/td>\n<\/tr>\n<tr class=\"row-3\">\n\t<td class=\"column-1\">Chipset<\/td><td class=\"column-2\">Intel\u00ae C206<br \/>\n<\/td>\n<\/tr>\n<tr class=\"row-4\">\n\t<td class=\"column-1\">DRAM<\/td><td class=\"column-2\">4x DDR3 ECC DIMM Up to 32GB (ECC support)<br \/>\n<\/td>\n<\/tr>\n<tr class=\"row-5\">\n\t<td class=\"column-1\">Display Interface<\/td><td class=\"column-2\">VGA\/DVI-D\/HDMI<br \/>\n<\/td>\n<\/tr>\n<tr class=\"row-6\">\n\t<td class=\"column-1\">Network<\/td><td class=\"column-2\">2x GbE<br \/>\n<\/td>\n<\/tr>\n<tr class=\"row-7\">\n\t<td class=\"column-1\">Bus Interface<\/td><td class=\"column-2\">4x PCI slots, 1x PCIe x16 slot, 1x PCIe x4 slot, 1x PCIe x1 slot<br \/>\n<\/td>\n<\/tr>\n<tr class=\"row-8\">\n\t<td class=\"column-1\">Serial Interface<\/td><td class=\"column-2\">4x RS232, 2x RS232\/422\/485<br \/>\n<\/td>\n<\/tr>\n<tr class=\"row-9\">\n\t<td class=\"column-1\">USB<\/td><td class=\"column-2\">8x USB 2.0<br \/>\n<\/td>\n<\/tr>\n<tr class=\"row-10\">\n\t<td class=\"column-1\">Audio<\/td><td class=\"column-2\">Realtek ALC662-GR HD Audio codec<br \/>\n<\/td>\n<\/tr>\n<tr class=\"row-11\">\n\t<td class=\"column-1\">Miscellaneous<\/td><td class=\"column-2\">PS\/2, GPIO 16bit,Watchdog Timer<br \/>\n<\/td>\n<\/tr>\n<tr class=\"row-12\">\n\t<td class=\"column-1\">Firmware<\/td><td class=\"column-2\">AMI UEFI BIOS<br \/>\n<\/td>\n<\/tr>\n<tr class=\"row-13\">\n\t<td class=\"column-1\">Operating Temperature<\/td><td class=\"column-2\">0\u00b0C~60\u00b0C<br \/>\n<\/td>\n<\/tr>\n<tr class=\"row-14\">\n\t<td class=\"column-1\">Storage Temperature<\/td><td class=\"column-2\">-20\u00b0C~80\u00b0C<br \/>\n<\/td>\n<\/tr>\n<tr class=\"row-15\">\n\t<td class=\"column-1\">Dimensions<\/td><td class=\"column-2\">304.8x243.8 mm<br \/>\n<\/td>\n<\/tr>\n<\/tbody>\n<\/table>\n<!-- #tablepress-395 from cache -->\n","protected":false},"excerpt":{"rendered":"<p>Przemys\u0142owa p\u0142yta g\u0142\u00f3wna ATX oparta na chipsecie Intel\u00ae Q87, obs\u0142uguj\u0105ca procesor Intel\u00ae Core&#x2122; i5\/i7 z wy\u015bwietlaczem HDMI\/DVI-D\/VGA, DDR3 SDRAM, Dual Gigabit Ethernet, USB 3.0, audio i SATA RAID<\/p>\n","protected":false},"featured_media":11438,"template":"","meta":{"_acf_changed":false,"inline_featured_image":false,"_monsterinsights_skip_tracking":false,"_monsterinsights_sitenote_active":false,"_monsterinsights_sitenote_note":"","_monsterinsights_sitenote_category":0},"product_brand":[],"product_cat":[998,972,997,981],"product_tag":[],"class_list":{"0":"post-7635","1":"product","2":"type-product","3":"status-publish","4":"has-post-thumbnail","6":"product_cat-atx-pl","7":"product_cat-portwell-pl","8":"product_cat-plyty-przemyslowe-atx-micro-atx-pl","9":"product_cat-plyty-typu-embedded-pl","11":"first","12":"instock","13":"shipping-taxable","14":"product-type-simple"},"acf":[],"_links":{"self":[{"href":"https:\/\/quantum.com.pl\/pl\/wp-json\/wp\/v2\/product\/7635","targetHints":{"allow":["GET"]}}],"collection":[{"href":"https:\/\/quantum.com.pl\/pl\/wp-json\/wp\/v2\/product"}],"about":[{"href":"https:\/\/quantum.com.pl\/pl\/wp-json\/wp\/v2\/types\/product"}],"wp:featuredmedia":[{"embeddable":true,"href":"https:\/\/quantum.com.pl\/pl\/wp-json\/wp\/v2\/media\/11438"}],"wp:attachment":[{"href":"https:\/\/quantum.com.pl\/pl\/wp-json\/wp\/v2\/media?parent=7635"}],"wp:term":[{"taxonomy":"product_brand","embeddable":true,"href":"https:\/\/quantum.com.pl\/pl\/wp-json\/wp\/v2\/product_brand?post=7635"},{"taxonomy":"product_cat","embeddable":true,"href":"https:\/\/quantum.com.pl\/pl\/wp-json\/wp\/v2\/product_cat?post=7635"},{"taxonomy":"product_tag","embeddable":true,"href":"https:\/\/quantum.com.pl\/pl\/wp-json\/wp\/v2\/product_tag?post=7635"}],"curies":[{"name":"wp","href":"https:\/\/api.w.org\/{rel}","templated":true}]}}