{"id":7647,"date":"2019-12-27T16:18:20","date_gmt":"2019-12-27T15:18:20","guid":{"rendered":"https:\/\/quantum.com.pl\/?post_type=product&#038;p=7647"},"modified":"2020-05-20T20:56:23","modified_gmt":"2020-05-20T18:56:23","slug":"ruby-d715vg2ar","status":"publish","type":"product","link":"https:\/\/quantum.com.pl\/pl\/product\/ruby-d715vg2ar\/","title":{"rendered":"RUBY-D715VG2AR"},"content":{"rendered":"<h4>Przemys\u0142owa p\u0142yta g\u0142\u00f3wna ATX, procesor Intel Core i3, Xeon, DDR3<\/h4>\n<p>&nbsp;<\/p>\n<p>Przemys\u0142owa p\u0142yta g\u0142\u00f3wna ATX oparta na procesorze Intel\u00ae Core&#x2122; i3 i Xeon\u00ae z wy\u015bwietlaczem HDMI\/DVI-D\/VGA, DDR3 SDRAM, Dual Gigabit Ethernet, USB 3.0, audio i SATA RAID<\/p>\n<h4>Cechy szczeg\u00f3lne:<\/h4>\n<ul>\n<li>Procesory z serii Intel\u00ae Core&#x2122; i3 i Xeon\u00ae E-3-1200<\/li>\n<li>Cztery modu\u0142y Long-DIMM obs\u0142uguj\u0105 dwukana\u0142ow\u0105 pami\u0119\u0107 DDR3 ECC SDRAM 1333\/1600 DIMM do 32 GB<\/li>\n<li>Dwa gniazda PCIe x16 (Gen. 3, sygna\u0142 x16 lub sygna\u0142 2 x8), jedno PCIe x4 (Gen. 2) i cztery gniazda PCI<\/li>\n<li>Dual Display: VGA \/ DVI-D \/ HDMI<\/li>\n<li>SATA RAID 0\/1\/5\/10<\/li>\n<li>Jedno gniazdo CFEX (obs\u0142uguje kart\u0119 CFEX)<\/li>\n<\/ul>\n<h4>Specyfikacja:<\/h4>\n\n<table id=\"tablepress-396\" class=\"tablepress tablepress-id-396\">\n<thead>\n<tr class=\"row-1\">\n\t<th class=\"column-1\">CPU<\/th><th class=\"column-2\">Intel\u00ae Core\u2122 i7-4770S Processor (4 x 3.10 GHz \/ 3.90 GHz, 8 MB SmartCache, 65 W)<br \/>\nIntel\u00ae Celeron\u00ae Processor G1820TE (2 x 2.20 GHz, 2 MB SmartCache, 35 W)<br \/>\nIntel\u00ae Core\u2122 i3-4360 Processor (2 x 3.70 GHz, 4 MB SmartCache, 54 W)<br \/>\nIntel\u00ae Core\u2122 i3-4350T Processor (2 x 3.10 GHz, 4 MB SmartCache, 35 W)<br \/>\nIntel\u00ae Core\u2122 i3-4340TE Processor (2 x 2.60 GHz, 4 MB SmartCache, 35 W)<br \/>\nIntel\u00ae Core\u2122 i3-4330TE Processor (2 x 2.40 GHz, 4 MB SmartCache, 35 W)<br \/>\nIntel\u00ae Core\u2122 i3-4330 Processor (2 x 3.50 GHz, 4 MB SmartCache, 54 W)<br \/>\nIntel\u00ae Core\u2122 i5-4590T Processor (4 x 2.00 GHz \/ 3.00 GHz, 6 MB SmartCache, 35 W)<br \/>\nIntel\u00ae Core\u2122 i5-4590S Processor (4 x 3.00 GHz \/ 3.70 GHz, 6 MB SmartCache, 65 W)<br \/>\nIntel\u00ae Core\u2122 i5-4570TE Processor (2 x 2.70 GHz \/ 3.30 GHz, 4 MB SmartCache, 35 W)<br \/>\nIntel\u00ae Core\u2122 i5-4570S Processor (4 x 2.90 GHz \/ 3.60 GHz, 6 MB SmartCache, 65 W)<br \/>\nIntel\u00ae Core\u2122 i7-4790S Processor (4 x 3.20 GHz \/ 4.00 GHz, 8 MB SmartCache, 65 W)<br \/>\nIntel\u00ae Core\u2122 i7-4770TE Processor (4 x 2.30 GHz \/ 3.30 GHz, 8 MB SmartCache, 45 W)<br \/>\nIntel\u00ae Celeron\u00ae Processor G1820 (2 x 2.70 GHz, 2 MB SmartCache, 53 W)<\/th>\n<\/tr>\n<\/thead>\n<tbody class=\"row-striping row-hover\">\n<tr class=\"row-2\">\n\t<td class=\"column-1\">Format<\/td><td class=\"column-2\">\u00b5ATX<br \/>\n<\/td>\n<\/tr>\n<tr class=\"row-3\">\n\t<td class=\"column-1\">Chipset<\/td><td class=\"column-2\">Intel\u00ae Q87<br \/>\n<\/td>\n<\/tr>\n<tr class=\"row-4\">\n\t<td class=\"column-1\">DRAM<\/td><td class=\"column-2\">4x DDR3 DIMM Up to 32GB<br \/>\n<\/td>\n<\/tr>\n<tr class=\"row-5\">\n\t<td class=\"column-1\">Display Interface<\/td><td class=\"column-2\">VGA\/DVI-D\/HDMI support triple displays<br \/>\n<\/td>\n<\/tr>\n<tr class=\"row-6\">\n\t<td class=\"column-1\">Network<\/td><td class=\"column-2\">2x GbE<br \/>\n<\/td>\n<\/tr>\n<tr class=\"row-7\">\n\t<td class=\"column-1\">Bus Interface<\/td><td class=\"column-2\">2x PCI slots, 1x PCIe x16 slot, 1x PCIe x8 slot, 1x PCIe x1 Gold Finger<br \/>\n<\/td>\n<\/tr>\n<tr class=\"row-8\">\n\t<td class=\"column-1\">Serial Interface<\/td><td class=\"column-2\">5x RS232, 1x RS232\/422\/485<br \/>\n<\/td>\n<\/tr>\n<tr class=\"row-9\">\n\t<td class=\"column-1\">USB<\/td><td class=\"column-2\">4x USB 3.0, 8x USB 2.0<br \/>\n<\/td>\n<\/tr>\n<tr class=\"row-10\">\n\t<td class=\"column-1\">Audio<\/td><td class=\"column-2\">Realtek 886 HD Audio codec<br \/>\n<\/td>\n<\/tr>\n<tr class=\"row-11\">\n\t<td class=\"column-1\">Miscellaneous<\/td><td class=\"column-2\">PS\/2, GPIO 8bit,Watchdog Timer<br \/>\n<\/td>\n<\/tr>\n<tr class=\"row-12\">\n\t<td class=\"column-1\">Firmware<\/td><td class=\"column-2\">AMI UEFI BIOS<br \/>\n<\/td>\n<\/tr>\n<tr class=\"row-13\">\n\t<td class=\"column-1\">Operating Temperature<\/td><td class=\"column-2\">0\u00b0C~60\u00b0C<br \/>\n<\/td>\n<\/tr>\n<tr class=\"row-14\">\n\t<td class=\"column-1\">Storage Temperature<\/td><td class=\"column-2\">-20\u00b0C~80\u00b0C<br \/>\n<\/td>\n<\/tr>\n<tr class=\"row-15\">\n\t<td class=\"column-1\">Dimensions<\/td><td class=\"column-2\">243.8x243.8 mm<br \/>\n<\/td>\n<\/tr>\n<\/tbody>\n<\/table>\n<!-- #tablepress-396 from cache -->\n","protected":false},"excerpt":{"rendered":"<p>Przemys\u0142owa p\u0142yta g\u0142\u00f3wna ATX oparta na procesorze Intel\u00ae Core&#x2122; i3 i Xeon\u00ae z wy\u015bwietlaczem HDMI\/DVI-D\/VGA, DDR3 SDRAM, Dual Gigabit Ethernet, USB 3.0, audio i SATA RAID<\/p>\n","protected":false},"featured_media":11436,"template":"","meta":{"_acf_changed":false,"inline_featured_image":false,"_monsterinsights_skip_tracking":false,"_monsterinsights_sitenote_active":false,"_monsterinsights_sitenote_note":"","_monsterinsights_sitenote_category":0},"product_brand":[],"product_cat":[998,972,997,981],"product_tag":[],"class_list":{"0":"post-7647","1":"product","2":"type-product","3":"status-publish","4":"has-post-thumbnail","6":"product_cat-atx-pl","7":"product_cat-portwell-pl","8":"product_cat-plyty-przemyslowe-atx-micro-atx-pl","9":"product_cat-plyty-typu-embedded-pl","11":"first","12":"instock","13":"shipping-taxable","14":"product-type-simple"},"acf":[],"_links":{"self":[{"href":"https:\/\/quantum.com.pl\/pl\/wp-json\/wp\/v2\/product\/7647","targetHints":{"allow":["GET"]}}],"collection":[{"href":"https:\/\/quantum.com.pl\/pl\/wp-json\/wp\/v2\/product"}],"about":[{"href":"https:\/\/quantum.com.pl\/pl\/wp-json\/wp\/v2\/types\/product"}],"wp:featuredmedia":[{"embeddable":true,"href":"https:\/\/quantum.com.pl\/pl\/wp-json\/wp\/v2\/media\/11436"}],"wp:attachment":[{"href":"https:\/\/quantum.com.pl\/pl\/wp-json\/wp\/v2\/media?parent=7647"}],"wp:term":[{"taxonomy":"product_brand","embeddable":true,"href":"https:\/\/quantum.com.pl\/pl\/wp-json\/wp\/v2\/product_brand?post=7647"},{"taxonomy":"product_cat","embeddable":true,"href":"https:\/\/quantum.com.pl\/pl\/wp-json\/wp\/v2\/product_cat?post=7647"},{"taxonomy":"product_tag","embeddable":true,"href":"https:\/\/quantum.com.pl\/pl\/wp-json\/wp\/v2\/product_tag?post=7647"}],"curies":[{"name":"wp","href":"https:\/\/api.w.org\/{rel}","templated":true}]}}