{"id":7669,"date":"2019-12-27T16:44:46","date_gmt":"2019-12-27T15:44:46","guid":{"rendered":"https:\/\/quantum.com.pl\/?post_type=product&#038;p=7669"},"modified":"2020-05-20T20:55:19","modified_gmt":"2020-05-20T18:55:19","slug":"ruby-d712vg2ar","status":"publish","type":"product","link":"https:\/\/quantum.com.pl\/pl\/product\/ruby-d712vg2ar\/","title":{"rendered":"RUBY-D712VG2AR"},"content":{"rendered":"<h4>P\u0142yta g\u0142\u00f3wna ATX, Intel Sandy Bridge Core i7, chipset Q67, DDR3, Dual Giga LAN i HDMI<\/h4>\n<p>&nbsp;<\/p>\n<p>Przemys\u0142owa p\u0142yta g\u0142\u00f3wna ATX oparta na chipsecie Intel\u00ae Q67, obs\u0142uguj\u0105ca procesor Intel\u00aeSandy Bridge i3\/i5\/i7, z wy\u015bwietlaczem HDMI\/DVI\/VGA, DDR3 SDRAM, Dual Gigabit Ethernet, audio i SATA RAID<\/p>\n<h4>Cechy szczeg\u00f3lne:<\/h4>\n<ul>\n<li>Procesory Intel\u00aeSandy Bridge i3\/i5\/i7 oraz chipset Intel\u00ae Q67<\/li>\n<li>Cztery modu\u0142y DIMM obs\u0142uguj\u0105 dwukana\u0142owy modu\u0142 DIMM DDR3 o pojemno\u015bci do 32 GB<\/li>\n<li>Dual display: VGA \/ DVI, HDMI<\/li>\n<li>SATA RAID 0\/1\/5\/10<\/li>\n<li>Sze\u015b\u0107 port\u00f3w COM<\/li>\n<li>Intel Active Management Technology (AMT) 7.0<\/li>\n<\/ul>\n<h4>Specyfikacja:<\/h4>\n\n<table id=\"tablepress-398\" class=\"tablepress tablepress-id-398\">\n<thead>\n<tr class=\"row-1\">\n\t<th class=\"column-1\">Input Voltage<\/th><th class=\"column-2\">90V~264V<br \/>\n<\/th>\n<\/tr>\n<\/thead>\n<tbody class=\"row-striping row-hover\">\n<tr class=\"row-2\">\n\t<td class=\"column-1\">Input Frequency<\/td><td class=\"column-2\">47-63Hz<br \/>\n<\/td>\n<\/tr>\n<tr class=\"row-3\">\n\t<td class=\"column-1\">Input Current<\/td><td class=\"column-2\">4.0A@90V and 264V<br \/>\n<\/td>\n<\/tr>\n<tr class=\"row-4\">\n\t<td class=\"column-1\">Output<\/td><td class=\"column-2\">250W<br \/>\n<\/td>\n<\/tr>\n<tr class=\"row-5\">\n\t<td class=\"column-1\">Efficiency<\/td><td class=\"column-2\">>=80%<br \/>\n<\/td>\n<\/tr>\n<tr class=\"row-6\">\n\t<td class=\"column-1\">Holdup Time<\/td><td class=\"column-2\">17 ms, at full load<br \/>\n<\/td>\n<\/tr>\n<tr class=\"row-7\">\n\t<td class=\"column-1\">Over Voltage Protection<\/td><td class=\"column-2\">+5V5.5V~6.8V, +12V13.2V~16.0V, +3.3V3.7V~4.6V<br \/>\n<\/td>\n<\/tr>\n<tr class=\"row-8\">\n\t<td class=\"column-1\">Over Current Protection<\/td><td class=\"column-2\">+5V20A, +12V20A, +3.3V18A<br \/>\n<\/td>\n<\/tr>\n<tr class=\"row-9\">\n\t<td class=\"column-1\">Certificates<\/td><td class=\"column-2\">CE, CB, FCC, VCCI, UL, TUV, 80PLUS<br \/>\n<\/td>\n<\/tr>\n<tr class=\"row-10\">\n\t<td class=\"column-1\">Risetime<\/td><td class=\"column-2\">0.1 ms to 20 ms.<br \/>\n<\/td>\n<\/tr>\n<tr class=\"row-11\">\n\t<td class=\"column-1\">MTBF<\/td><td class=\"column-2\">10,000 Hours at 100% loading<br \/>\n<\/td>\n<\/tr>\n<tr class=\"row-12\">\n\t<td class=\"column-1\">Storage Temperature<\/td><td class=\"column-2\">-40\u00b0C ~ 70\u00b0C, 5% ~ 25\u00b0% (non-condensing)<br \/>\n<\/td>\n<\/tr>\n<tr class=\"row-13\">\n\t<td class=\"column-1\">Operating Temperature<\/td><td class=\"column-2\">0\u00b0C ~ 50\u00b0C, 5% ~ 85\u00b0% (non-condensing)<br \/>\n<\/td>\n<\/tr>\n<tr class=\"row-14\">\n\t<td class=\"column-1\">Dimensions<\/td><td class=\"column-2\">81.5 x 150 x 40.5 mm<br \/>\n<\/td>\n<\/tr>\n<\/tbody>\n<\/table>\n<!-- #tablepress-398 from cache -->\n","protected":false},"excerpt":{"rendered":"<p>Przemys\u0142owa p\u0142yta g\u0142\u00f3wna ATX oparta na chipsecie Intel\u00ae Q67, obs\u0142uguj\u0105ca procesor Intel\u00ae Core&#x2122; i3\/i5\/i7, z wy\u015bwietlaczem HDMI\/DVI\/VGA, DDR3 SDRAM, Dual Gigabit Ethernet, audio i SATA RAID<\/p>\n","protected":false},"featured_media":11432,"template":"","meta":{"_acf_changed":false,"inline_featured_image":false,"_monsterinsights_skip_tracking":false,"_monsterinsights_sitenote_active":false,"_monsterinsights_sitenote_note":"","_monsterinsights_sitenote_category":0},"product_brand":[],"product_cat":[998,972,997,981],"product_tag":[],"class_list":{"0":"post-7669","1":"product","2":"type-product","3":"status-publish","4":"has-post-thumbnail","6":"product_cat-atx-pl","7":"product_cat-portwell-pl","8":"product_cat-plyty-przemyslowe-atx-micro-atx-pl","9":"product_cat-plyty-typu-embedded-pl","11":"first","12":"instock","13":"shipping-taxable","14":"product-type-simple"},"acf":[],"_links":{"self":[{"href":"https:\/\/quantum.com.pl\/pl\/wp-json\/wp\/v2\/product\/7669","targetHints":{"allow":["GET"]}}],"collection":[{"href":"https:\/\/quantum.com.pl\/pl\/wp-json\/wp\/v2\/product"}],"about":[{"href":"https:\/\/quantum.com.pl\/pl\/wp-json\/wp\/v2\/types\/product"}],"wp:featuredmedia":[{"embeddable":true,"href":"https:\/\/quantum.com.pl\/pl\/wp-json\/wp\/v2\/media\/11432"}],"wp:attachment":[{"href":"https:\/\/quantum.com.pl\/pl\/wp-json\/wp\/v2\/media?parent=7669"}],"wp:term":[{"taxonomy":"product_brand","embeddable":true,"href":"https:\/\/quantum.com.pl\/pl\/wp-json\/wp\/v2\/product_brand?post=7669"},{"taxonomy":"product_cat","embeddable":true,"href":"https:\/\/quantum.com.pl\/pl\/wp-json\/wp\/v2\/product_cat?post=7669"},{"taxonomy":"product_tag","embeddable":true,"href":"https:\/\/quantum.com.pl\/pl\/wp-json\/wp\/v2\/product_tag?post=7669"}],"curies":[{"name":"wp","href":"https:\/\/api.w.org\/{rel}","templated":true}]}}