{"id":7693,"date":"2019-12-27T17:04:42","date_gmt":"2019-12-27T16:04:42","guid":{"rendered":"https:\/\/quantum.com.pl\/?post_type=product&#038;p=7693"},"modified":"2020-05-20T21:00:43","modified_gmt":"2020-05-20T19:00:43","slug":"ruby-m710vg2ar","status":"publish","type":"product","link":"https:\/\/quantum.com.pl\/pl\/product\/ruby-m710vg2ar\/","title":{"rendered":"RUBY-M710VG2AR"},"content":{"rendered":"<h4>P\u0142yta g\u0142\u00f3wna ATX: Intel Core i5\/i7 lub Celeron P4500, Chipset QM57, DDR3, HDMI<\/h4>\n<p>&nbsp;<\/p>\n<p>Przemys\u0142owa p\u0142yta g\u0142\u00f3wna ATX oparta na chipsecie Mobile Intel\u00ae QM57 Express, obs\u0142uguj\u0105ca procesor Intel\u00ae Core&#x2122; i3\/i5\/i7, z wy\u015bwietlaczem HDMI\/DVI\/VGA, DDR3 SDRAM, Dual Gigabit Ethernet, audio i SATA RAID<\/p>\n<h4>Cechy szczeg\u00f3lne:<\/h4>\n<ul>\n<li>Procesor Intel\u00ae Core&#x2122; i5\/i7 lub Intel Celeron\u00ae P4500 (obs\u0142uga czterordzeniowego procesora)<\/li>\n<li>Chipset Mobile Intel\u00ae QM57 Express<\/li>\n<li>Dwa d\u0142ugie modu\u0142y DIMM obs\u0142uguj\u0105 dwukana\u0142ow\u0105 pami\u0119\u0107 DDR3 SDRAM o pojemno\u015bci do 8 GB<\/li>\n<li>Dual Display VGA\/DVI\/HDMI\/LVDS<\/li>\n<li>Technologia Intel\u00ae Active Management (Intel AMT 6.0)<\/li>\n<\/ul>\n","protected":false},"excerpt":{"rendered":"<p>Przemys\u0142owa p\u0142yta g\u0142\u00f3wna ATX oparta na chipsecie Mobile Intel\u00ae QM57 Express, obs\u0142uguj\u0105ca procesor Intel\u00ae Core&#x2122; i3\/i5\/i7, z wy\u015bwietlaczem HDMI\/DVI\/VGA, DDR3 SDRAM, Dual Gigabit Ethernet, audio i SATA RAID<\/p>\n","protected":false},"featured_media":11450,"template":"","meta":{"_acf_changed":false,"inline_featured_image":false,"_monsterinsights_skip_tracking":false,"_monsterinsights_sitenote_active":false,"_monsterinsights_sitenote_note":"","_monsterinsights_sitenote_category":0},"product_brand":[],"product_cat":[998,972,997,981],"product_tag":[],"class_list":{"0":"post-7693","1":"product","2":"type-product","3":"status-publish","4":"has-post-thumbnail","6":"product_cat-atx-pl","7":"product_cat-portwell-pl","8":"product_cat-plyty-przemyslowe-atx-micro-atx-pl","9":"product_cat-plyty-typu-embedded-pl","11":"first","12":"instock","13":"shipping-taxable","14":"product-type-simple"},"acf":[],"_links":{"self":[{"href":"https:\/\/quantum.com.pl\/pl\/wp-json\/wp\/v2\/product\/7693","targetHints":{"allow":["GET"]}}],"collection":[{"href":"https:\/\/quantum.com.pl\/pl\/wp-json\/wp\/v2\/product"}],"about":[{"href":"https:\/\/quantum.com.pl\/pl\/wp-json\/wp\/v2\/types\/product"}],"wp:featuredmedia":[{"embeddable":true,"href":"https:\/\/quantum.com.pl\/pl\/wp-json\/wp\/v2\/media\/11450"}],"wp:attachment":[{"href":"https:\/\/quantum.com.pl\/pl\/wp-json\/wp\/v2\/media?parent=7693"}],"wp:term":[{"taxonomy":"product_brand","embeddable":true,"href":"https:\/\/quantum.com.pl\/pl\/wp-json\/wp\/v2\/product_brand?post=7693"},{"taxonomy":"product_cat","embeddable":true,"href":"https:\/\/quantum.com.pl\/pl\/wp-json\/wp\/v2\/product_cat?post=7693"},{"taxonomy":"product_tag","embeddable":true,"href":"https:\/\/quantum.com.pl\/pl\/wp-json\/wp\/v2\/product_tag?post=7693"}],"curies":[{"name":"wp","href":"https:\/\/api.w.org\/{rel}","templated":true}]}}