{"id":7703,"date":"2019-12-27T17:19:47","date_gmt":"2019-12-27T16:19:47","guid":{"rendered":"https:\/\/quantum.com.pl\/?post_type=product&#038;p=7703"},"modified":"2020-05-20T20:59:21","modified_gmt":"2020-05-20T18:59:21","slug":"ruby-d720vg2ar","status":"publish","type":"product","link":"https:\/\/quantum.com.pl\/pl\/product\/ruby-d720vg2ar\/","title":{"rendered":"RUBY-D720VG2AR"},"content":{"rendered":"<h4>P\u0142yta g\u0142\u00f3wna Micro ATX: Procesor Intel Core i3\/i7 Q87 PCH uATX<\/h4>\n<p>&nbsp;<\/p>\n<p>RUBY-D720VG2AR jest oparta na chipsecie Intel\u00ae Q87 i procesorze Intel Core&#x2122; 4. generacji. Produkt ten, zbudowany z rozszerzeniami PCI i PCI Express, nadaje si\u0119 do zastosowa\u0144 medycznych, automatyki przemys\u0142owej i digital signage.<\/p>\n<h4>Cechy szczeg\u00f3lne:<\/h4>\n<ul>\n<li>Rodzina Intel\u00ae Core&#x2122; 4. generacji wed\u0142ug pakietu LGA-1150 z Q87 PCH<\/li>\n<li>Chipset Intel\u00aeQ87 PCH<\/li>\n<li>Cztery d\u0142ugie modu\u0142y DIMM obs\u0142uguj\u0105 dwukana\u0142ow\u0105 pami\u0119\u0107 DDR3 1333\/1600 SDRAM do 32 GB<\/li>\n<li>Dual Display VGA\/DVI-D\/HDMI<\/li>\n<li>Tylne I\/O, USB 2.0\/3.0, Dual Gigabit Ethernet, Port COM i porty SATA III obs\u0142uguj\u0105 Intel RAID 0, 1, 5, 10<\/li>\n<li>Jeden PCIe x16 (Gen. 3), Jeden PCIe x8 i dwa gniazda PCI<\/li>\n<li>Technologia Intel\u00ae Active Management 9.0<\/li>\n<\/ul>\n<h4>Specyfikacja:<\/h4>\n\n<table id=\"tablepress-400\" class=\"tablepress tablepress-id-400\">\n<thead>\n<tr class=\"row-1\">\n\t<th class=\"column-1\">Input Voltage<\/th><th class=\"column-2\">90V~264V AC<br \/>\n<\/th>\n<\/tr>\n<\/thead>\n<tbody class=\"row-striping row-hover\">\n<tr class=\"row-2\">\n\t<td class=\"column-1\">Input Frequency<\/td><td class=\"column-2\">50-60Hz<br \/>\n<\/td>\n<\/tr>\n<tr class=\"row-3\">\n\t<td class=\"column-1\">Input Current<\/td><td class=\"column-2\">10A@115V,8A@230V<br \/>\n<\/td>\n<\/tr>\n<tr class=\"row-4\">\n\t<td class=\"column-1\">Output<\/td><td class=\"column-2\">500W<br \/>\n<\/td>\n<\/tr>\n<tr class=\"row-5\">\n\t<td class=\"column-1\">Efficiency<\/td><td class=\"column-2\">>=80%<br \/>\n<\/td>\n<\/tr>\n<tr class=\"row-6\">\n\t<td class=\"column-1\">Holdup Time<\/td><td class=\"column-2\">16 ms, at full load<br \/>\n<\/td>\n<\/tr>\n<tr class=\"row-7\">\n\t<td class=\"column-1\">Over Voltage Protection<\/td><td class=\"column-2\">3.3V@4.8V, 5V@7.0V, 12V@15.6V<br \/>\n<\/td>\n<\/tr>\n<tr class=\"row-8\">\n\t<td class=\"column-1\">Over Current Protection<\/td><td class=\"column-2\">Outpout power over 120%~160%<br \/>\n<\/td>\n<\/tr>\n<tr class=\"row-9\">\n\t<td class=\"column-1\">Certificates<\/td><td class=\"column-2\">CE, CB, FCC, VCCI, UL, TUV, 80PLUS<br \/>\n<\/td>\n<\/tr>\n<tr class=\"row-10\">\n\t<td class=\"column-1\">Risetime<\/td><td class=\"column-2\">10 ms.<br \/>\n<\/td>\n<\/tr>\n<tr class=\"row-11\">\n\t<td class=\"column-1\">MTBF<\/td><td class=\"column-2\">100.000 Hours at 100% loading<br \/>\n<\/td>\n<\/tr>\n<tr class=\"row-12\">\n\t<td class=\"column-1\">Storage Temperature<\/td><td class=\"column-2\">-40\u00b0C ~ 70\u00b0C, 10% ~ 95% (non-condensing)<br \/>\n<\/td>\n<\/tr>\n<tr class=\"row-13\">\n\t<td class=\"column-1\">Operating Temperature<\/td><td class=\"column-2\">5\u00b0C ~ 50\u00b0C, 20% ~ 85% (non-condensing)<br \/>\n<\/td>\n<\/tr>\n<tr class=\"row-14\">\n\t<td class=\"column-1\">Dimensions<\/td><td class=\"column-2\">150 x 140 x 85mm<br \/>\n<\/td>\n<\/tr>\n<\/tbody>\n<\/table>\n<!-- #tablepress-400 from cache -->\n<p>&nbsp;<\/p>\n","protected":false},"excerpt":{"rendered":"<p>Przemys\u0142owa p\u0142yta g\u0142\u00f3wna typu &#8222;embedded&#8221; Micro ATX M\/B oparta na Intel\u00ae Q87 PCH, obs\u0142uguj\u0105ca rodzin\u0119 Intel\u00ae Core&#x2122; 4. generacji wed\u0142ug pakietu LGA1150, z wy\u015bwietlaczem DVI-D\/VGAHDMI, DDR3 SDRAM, Gigabit Ethernet, audio, USB, SATA RAID i AMT 9.0<\/p>\n","protected":false},"featured_media":11444,"template":"","meta":{"_acf_changed":false,"inline_featured_image":false,"_monsterinsights_skip_tracking":false,"_monsterinsights_sitenote_active":false,"_monsterinsights_sitenote_note":"","_monsterinsights_sitenote_category":0},"product_brand":[],"product_cat":[1001,972,997,981],"product_tag":[],"class_list":{"0":"post-7703","1":"product","2":"type-product","3":"status-publish","4":"has-post-thumbnail","6":"product_cat-micro-atx-pl","7":"product_cat-portwell-pl","8":"product_cat-plyty-przemyslowe-atx-micro-atx-pl","9":"product_cat-plyty-typu-embedded-pl","11":"first","12":"instock","13":"shipping-taxable","14":"product-type-simple"},"acf":[],"_links":{"self":[{"href":"https:\/\/quantum.com.pl\/pl\/wp-json\/wp\/v2\/product\/7703","targetHints":{"allow":["GET"]}}],"collection":[{"href":"https:\/\/quantum.com.pl\/pl\/wp-json\/wp\/v2\/product"}],"about":[{"href":"https:\/\/quantum.com.pl\/pl\/wp-json\/wp\/v2\/types\/product"}],"wp:featuredmedia":[{"embeddable":true,"href":"https:\/\/quantum.com.pl\/pl\/wp-json\/wp\/v2\/media\/11444"}],"wp:attachment":[{"href":"https:\/\/quantum.com.pl\/pl\/wp-json\/wp\/v2\/media?parent=7703"}],"wp:term":[{"taxonomy":"product_brand","embeddable":true,"href":"https:\/\/quantum.com.pl\/pl\/wp-json\/wp\/v2\/product_brand?post=7703"},{"taxonomy":"product_cat","embeddable":true,"href":"https:\/\/quantum.com.pl\/pl\/wp-json\/wp\/v2\/product_cat?post=7703"},{"taxonomy":"product_tag","embeddable":true,"href":"https:\/\/quantum.com.pl\/pl\/wp-json\/wp\/v2\/product_tag?post=7703"}],"curies":[{"name":"wp","href":"https:\/\/api.w.org\/{rel}","templated":true}]}}