{"id":7725,"date":"2019-12-27T18:27:33","date_gmt":"2019-12-27T17:27:33","guid":{"rendered":"https:\/\/quantum.com.pl\/?post_type=product&#038;p=7725"},"modified":"2020-05-20T21:40:51","modified_gmt":"2020-05-20T19:40:51","slug":"pluto-a1801pj","status":"publish","type":"product","link":"https:\/\/quantum.com.pl\/pl\/product\/pluto-a1801pj\/","title":{"rendered":"PLUTO-A1801PJ"},"content":{"rendered":"<h4>Zasilacz przemys\u0142owy Flex 1U o mocy 180W<\/h4>\n<p>&nbsp;<\/p>\n<p>Zasilacz PLUTO-A1801PJ 180W Flex 1U zapewnia nie tylko wysok\u0105 wydajno\u015b\u0107, ale r\u00f3wnie\u017c wysok\u0105 niezawodno\u015b\u0107 w r\u00f3\u017cnych zastosowaniach, na przyk\u0142ad w ma\u0142ych serwerowniach czy ma\u0142ych systemach Mini-ITX.<\/p>\n<p>PLUTO-A1801PJ jest zbudowany z kondensator\u00f3w Nippon ChemiCon Japan, kt\u00f3re charakteryzuj\u0105 si\u0119 lepszymi cechami elektrycznymi ni\u017c inne kondensatory i utrzymuj\u0105 temperatur\u0119 do 105\u00b0C oraz niski up\u0142yw pr\u0105du. Wa\u017cn\u0105 cech\u0105 tego produktu jest r\u00f3wnie\u017c wysoka niezawodno\u015b\u0107. Testy wypalania przeprowadzono w 0\u00b0C i 50\u00b0C przez 12 godzin przy 100% obci\u0105\u017ceniu, spe\u0142niaj\u0105c r\u00f3\u017cne standardy \u015brodowiskowe i pozostaj\u0105c jednocze\u015bnie stabilnym i wydajnym.<\/p>\n<p>Aby jeszcze bardziej chroni\u0107 cenne dane i maszyny klient\u00f3w, PLUTO-A1801PJ zosta\u0142 r\u00f3wnie\u017c wyposa\u017cony w funkcje ochronne, takie jak 100% test hipot dla bezpiecze\u0144stwa elektrycznego, ochrona przeciwzwarciowa, ochrona przeciwprzepi\u0119ciowa i ochrona nadpr\u0105dowa.<\/p>\n<h4>Cechy szczeg\u00f3lne:<\/h4>\n<ul>\n<li>Wydajno\u015b\u0107 energetyczna: 25\u00b0C mo\u017ce osi\u0105gn\u0105\u0107 minimaln\u0105 wydajno\u015b\u0107 80% dla wszystkich warunk\u00f3w obci\u0105\u017cenia przy 20%, 50% i 100%<\/li>\n<li>Kondensator wyprodukowany w Japonii (Nippon ChemiCon NCC)<\/li>\n<li>Wewn\u0119trzny wentylator o podw\u00f3jnym \u0142o\u017cysku 4 cm<\/li>\n<li>Up\u0142yw pr\u0105du: mniej ni\u017c 3.5 mA-rms przy 264V pr\u0105du przemiennego, 50 Hz<\/li>\n<li>Niskie t\u0119tnienia i ha\u0142as<\/li>\n<li>Testy Hipot na 100%<\/li>\n<li>Czas podtrzymania 16 ms<\/li>\n<li>Power Good Signal: Kompatybilny z TTL przy op\u00f3\u017anieniu 100ms do 500ms, op\u00f3\u017anienie wy\u0142\u0105czenia 1ms<\/li>\n<li>Zabezpieczenie przed zwarciem<\/li>\n<li>Ochrona przed wysokim napi\u0119ciem<\/li>\n<li>Ponadpr\u0105dowa ochrona<\/li>\n<\/ul>\n<h4>Specyfikacja:<\/h4>\n\n<table id=\"tablepress-401\" class=\"tablepress tablepress-id-401\">\n<thead>\n<tr class=\"row-1\">\n\t<th class=\"column-1\">Input Voltage<\/th><th class=\"column-2\">19V~32V DC<br \/>\n<\/th>\n<\/tr>\n<\/thead>\n<tbody class=\"row-striping row-hover\">\n<tr class=\"row-2\">\n\t<td class=\"column-1\">Input Current<\/td><td class=\"column-2\">20A@24V DC input\/10A@48V DC input<br \/>\n<\/td>\n<\/tr>\n<tr class=\"row-3\">\n\t<td class=\"column-1\">Output<\/td><td class=\"column-2\">see datasheet<br \/>\n<\/td>\n<\/tr>\n<tr class=\"row-4\">\n\t<td class=\"column-1\">Efficiency<\/td><td class=\"column-2\">> 65%<br \/>\n<\/td>\n<\/tr>\n<tr class=\"row-5\">\n\t<td class=\"column-1\">Holdup Time<\/td><td class=\"column-2\">16 ms<br \/>\n<\/td>\n<\/tr>\n<tr class=\"row-6\">\n\t<td class=\"column-1\">Over Voltage Protection<\/td><td class=\"column-2\">+5V 5.7 ~ 7.0V<br \/>\n<\/td>\n<\/tr>\n<tr class=\"row-7\">\n\t<td class=\"column-1\">Certificates<\/td><td class=\"column-2\">UL, TUV, CSA<br \/>\n<\/td>\n<\/tr>\n<tr class=\"row-8\">\n\t<td class=\"column-1\">MTBF<\/td><td class=\"column-2\">100.000 Hours<br \/>\n<\/td>\n<\/tr>\n<tr class=\"row-9\">\n\t<td class=\"column-1\">Storage Temperature<\/td><td class=\"column-2\">-60oC ~ 70oC, 5% ~ 95%RH<br \/>\n<\/td>\n<\/tr>\n<tr class=\"row-10\">\n\t<td class=\"column-1\">Operating Temperature<\/td><td class=\"column-2\">0oC ~ 40oC, 10% ~ 90%RH<br \/>\n<\/td>\n<\/tr>\n<tr class=\"row-11\">\n\t<td class=\"column-1\">Dimensions<\/td><td class=\"column-2\">150 x 140 x 86mm<br \/>\n<\/td>\n<\/tr>\n<\/tbody>\n<\/table>\n<!-- #tablepress-401 from cache -->\n<p>&nbsp;<\/p>\n<p>&nbsp;<\/p>\n","protected":false},"excerpt":{"rendered":"<p>Zasilacz 180W Flex 1U z kondensatorem Active PFC Japan PFC 80PLUS, zabezpieczeniem nadnapi\u0119ciowym (OVP), zabezpieczeniem nadpr\u0105dowym (OCP) i zabezpieczeniem zwarciowym (SCP).<\/p>\n","protected":false},"featured_media":11514,"template":"","meta":{"_acf_changed":false,"inline_featured_image":false,"_monsterinsights_skip_tracking":false,"_monsterinsights_sitenote_active":false,"_monsterinsights_sitenote_note":"","_monsterinsights_sitenote_category":0},"product_brand":[],"product_cat":[972,1316,1319],"product_tag":[],"class_list":{"0":"post-7725","1":"product","2":"type-product","3":"status-publish","4":"has-post-thumbnail","6":"product_cat-portwell-pl","7":"product_cat-zasilacze-przemyslowe-pl","8":"product_cat-zasilacze-przemyslowe-1u-pl","10":"first","11":"instock","12":"shipping-taxable","13":"product-type-simple"},"acf":[],"_links":{"self":[{"href":"https:\/\/quantum.com.pl\/pl\/wp-json\/wp\/v2\/product\/7725","targetHints":{"allow":["GET"]}}],"collection":[{"href":"https:\/\/quantum.com.pl\/pl\/wp-json\/wp\/v2\/product"}],"about":[{"href":"https:\/\/quantum.com.pl\/pl\/wp-json\/wp\/v2\/types\/product"}],"wp:featuredmedia":[{"embeddable":true,"href":"https:\/\/quantum.com.pl\/pl\/wp-json\/wp\/v2\/media\/11514"}],"wp:attachment":[{"href":"https:\/\/quantum.com.pl\/pl\/wp-json\/wp\/v2\/media?parent=7725"}],"wp:term":[{"taxonomy":"product_brand","embeddable":true,"href":"https:\/\/quantum.com.pl\/pl\/wp-json\/wp\/v2\/product_brand?post=7725"},{"taxonomy":"product_cat","embeddable":true,"href":"https:\/\/quantum.com.pl\/pl\/wp-json\/wp\/v2\/product_cat?post=7725"},{"taxonomy":"product_tag","embeddable":true,"href":"https:\/\/quantum.com.pl\/pl\/wp-json\/wp\/v2\/product_tag?post=7725"}],"curies":[{"name":"wp","href":"https:\/\/api.w.org\/{rel}","templated":true}]}}