{"id":7753,"date":"2019-12-28T14:59:03","date_gmt":"2019-12-28T13:59:03","guid":{"rendered":"https:\/\/quantum.com.pl\/?post_type=product&#038;p=7753"},"modified":"2020-05-20T21:40:32","modified_gmt":"2020-05-20T19:40:32","slug":"pluto-a2501pj","status":"publish","type":"product","link":"https:\/\/quantum.com.pl\/pl\/product\/pluto-a2501pj\/","title":{"rendered":"PLUTO-A2501PJ"},"content":{"rendered":"<h4>Zasilacz przemys\u0142owy Flex 1U o mocy 250W<\/h4>\n<p>&nbsp;<\/p>\n<p>Zasilacz PLUTO-A2501PJ 250W Flex 1U zapewnia moc wyj\u015bciow\u0105 o du\u017cej stabilno\u015bci i niezawodno\u015bci w r\u00f3\u017cnych zastosowaniach, na przyk\u0142ad w komunikacji, sieciach, serwerach czy stacjach roboczych. PLUTO-A2501PJ jest zbudowany z kondensator\u00f3w Nippon ChemiCon Japan i RUBYCON, natomiast obudowa zapewnia wysok\u0105 przewodno\u015b\u0107 ciepln\u0105 i, tym samym, wysok\u0105 zdolno\u015b\u0107 rozpraszania ciep\u0142a.<\/p>\n<p>Wa\u017cn\u0105 cech\u0105 produktu PLUTO-A2501PJ jest r\u00f3wnie\u017c niezawodno\u015b\u0107. Testy wypalania przeprowadzono w 0\u00b0C i 50\u00b0C przez 12 godzin przy 100% obci\u0105\u017ceniu, spe\u0142niaj\u0105c r\u00f3\u017cne standardy \u015brodowiskowe &#8211; zasilacz pozostawa\u0142 stabilny i wydajny.<\/p>\n<p>Aby jeszcze bardziej chroni\u0107 cenne dane i maszyny klient\u00f3w, PLUTO-A2501PJ zosta\u0142 tak\u017ce wyposa\u017cony w funkcje ochronne, takie jak ochrona przed przegrzaniem, zwarciem, przepi\u0119ciem czy ochrona nadpr\u0105dowa.<\/p>\n<h4>Cechy szczeg\u00f3lne:<\/h4>\n<ul>\n<li>Wydajno\u015b\u0107 energetyczna: 25\u00b0C i 50\u00b0C mo\u017ce osi\u0105gn\u0105\u0107 minimaln\u0105 wydajno\u015b\u0107 80% dla wszystkich warunk\u00f3w obci\u0105\u017cenia przy 20%, 50% i 100%<\/li>\n<li>Japo\u0144ski kondensator (Nippon ChemiCon NCC i RUBYCON)<\/li>\n<li>Sterowanie wentylatorem: wewn\u0119trzny wentylator 4cm<\/li>\n<li>Ha\u0142as s\u0142yszalny: 40 dB \u00b1 4dB<\/li>\n<li>Zdalne sterowanie on\/off<\/li>\n<li>Czas podtrzymania 17 ms<\/li>\n<li>Power Good Signal: Kompatybilny z TTL przy op\u00f3\u017anieniu 100ms do 500ms, op\u00f3\u017anienie wy\u0142\u0105czenia 1ms<\/li>\n<li>Zabezpieczenie przed przegrzaniem<\/li>\n<li>Zabezpieczenie przed zwarciem<\/li>\n<li>Ochrona przed wysokim napi\u0119ciem<\/li>\n<li>Ochrona nadpr\u0105dowa<\/li>\n<\/ul>\n<h4>Specyfikacja:<\/h4>\n\n<table id=\"tablepress-402\" class=\"tablepress tablepress-id-402\">\n<thead>\n<tr class=\"row-1\">\n\t<th class=\"column-1\">Input Voltage<\/th><th class=\"column-2\">100V~240V AC<br \/>\n<\/th>\n<\/tr>\n<\/thead>\n<tbody class=\"row-striping row-hover\">\n<tr class=\"row-2\">\n\t<td class=\"column-1\">Input Current<\/td><td class=\"column-2\">6A@115V, 3A@230V<br \/>\n<\/td>\n<\/tr>\n<tr class=\"row-3\">\n\t<td class=\"column-1\">Input Frequency<\/td><td class=\"column-2\">47 ~ 63 Hz<br \/>\n<\/td>\n<\/tr>\n<tr class=\"row-4\">\n\t<td class=\"column-1\">Efficiency<\/td><td class=\"column-2\">> 80%<br \/>\n<\/td>\n<\/tr>\n<tr class=\"row-5\">\n\t<td class=\"column-1\">Holdup Time<\/td><td class=\"column-2\">16 ms. at full load<br \/>\n<\/td>\n<\/tr>\n<tr class=\"row-6\">\n\t<td class=\"column-1\">Over Voltage Protection<\/td><td class=\"column-2\">3.3@4.5V; 5V@6.5V; 12V@14.5V<br \/>\n<\/td>\n<\/tr>\n<tr class=\"row-7\">\n\t<td class=\"column-1\">Certificates<\/td><td class=\"column-2\">UL, cUL, TUV, CE, FCC<br \/>\n<\/td>\n<\/tr>\n<tr class=\"row-8\">\n\t<td class=\"column-1\">MTBF<\/td><td class=\"column-2\">> 100,000 hrs<br \/>\n<\/td>\n<\/tr>\n<tr class=\"row-9\">\n\t<td class=\"column-1\">Operating Temperature<\/td><td class=\"column-2\">0oC ~ 40oC, 20% ~ 90%RH<br \/>\n<\/td>\n<\/tr>\n<tr class=\"row-10\">\n\t<td class=\"column-1\">Storage Temperature<\/td><td class=\"column-2\">-20oC ~ 60oC, 5% ~ 95%RH<br \/>\n<\/td>\n<\/tr>\n<tr class=\"row-11\">\n\t<td class=\"column-1\">Dimensions<\/td><td class=\"column-2\">150 x 190 x 84 mm<br \/>\n<\/td>\n<\/tr>\n<\/tbody>\n<\/table>\n<!-- #tablepress-402 from cache -->\n","protected":false},"excerpt":{"rendered":"<p>Zasilacz 250W Flex 1U z kondensatorem Active PFC Japan PFC 80PLUS, zabezpieczeniem nadnapi\u0119ciowym (OVP), zabezpieczeniem nadpr\u0105dowym (OCP), zabezpieczeniem zwarciowym (SCP) i zabezpieczeniem przed przegrzaniem (OTP).<\/p>\n<p>&nbsp;<\/p>\n","protected":false},"featured_media":11512,"template":"","meta":{"_acf_changed":false,"inline_featured_image":false,"_monsterinsights_skip_tracking":false,"_monsterinsights_sitenote_active":false,"_monsterinsights_sitenote_note":"","_monsterinsights_sitenote_category":0},"product_brand":[],"product_cat":[972,1316,1319],"product_tag":[],"class_list":{"0":"post-7753","1":"product","2":"type-product","3":"status-publish","4":"has-post-thumbnail","6":"product_cat-portwell-pl","7":"product_cat-zasilacze-przemyslowe-pl","8":"product_cat-zasilacze-przemyslowe-1u-pl","10":"first","11":"instock","12":"shipping-taxable","13":"product-type-simple"},"acf":[],"_links":{"self":[{"href":"https:\/\/quantum.com.pl\/pl\/wp-json\/wp\/v2\/product\/7753","targetHints":{"allow":["GET"]}}],"collection":[{"href":"https:\/\/quantum.com.pl\/pl\/wp-json\/wp\/v2\/product"}],"about":[{"href":"https:\/\/quantum.com.pl\/pl\/wp-json\/wp\/v2\/types\/product"}],"wp:featuredmedia":[{"embeddable":true,"href":"https:\/\/quantum.com.pl\/pl\/wp-json\/wp\/v2\/media\/11512"}],"wp:attachment":[{"href":"https:\/\/quantum.com.pl\/pl\/wp-json\/wp\/v2\/media?parent=7753"}],"wp:term":[{"taxonomy":"product_brand","embeddable":true,"href":"https:\/\/quantum.com.pl\/pl\/wp-json\/wp\/v2\/product_brand?post=7753"},{"taxonomy":"product_cat","embeddable":true,"href":"https:\/\/quantum.com.pl\/pl\/wp-json\/wp\/v2\/product_cat?post=7753"},{"taxonomy":"product_tag","embeddable":true,"href":"https:\/\/quantum.com.pl\/pl\/wp-json\/wp\/v2\/product_tag?post=7753"}],"curies":[{"name":"wp","href":"https:\/\/api.w.org\/{rel}","templated":true}]}}