{"id":7760,"date":"2019-12-28T14:55:25","date_gmt":"2019-12-28T13:55:25","guid":{"rendered":"https:\/\/quantum.com.pl\/?post_type=product&#038;p=7760"},"modified":"2020-08-26T23:49:42","modified_gmt":"2020-08-26T21:49:42","slug":"pbp-06p3","status":"publish","type":"product","link":"https:\/\/quantum.com.pl\/pl\/product\/pbp-06p3\/","title":{"rendered":"PBP-06P3"},"content":{"rendered":"<h4>6-slotowa (3xPCI) p\u0142yta monta\u017cowa PICMG<\/h4>\n<p><strong>Dane techniczne<\/strong><\/p>\n<ul>\n<li>Przystosowany do dowolnej obudowy typu ,,Node&#8221;<\/li>\n<li>Obs\u0142uga z\u0142\u0105cza zasilania ATX<\/li>\n<li>263.1(L) x 140.2(W) mm;10.36&#8243;(L) x 5.52&#8243;(W)<\/li>\n<\/ul>\n<p>6-slotowa (3xPCI) p\u0142yta monta\u017cowa PICMG<\/p>\n","protected":false},"excerpt":{"rendered":"<p>6-slotowa (3xPCI) p\u0142yta monta\u017cowa PICMG<\/p>\n","protected":false},"featured_media":11286,"template":"","meta":{"_acf_changed":false,"inline_featured_image":false,"_monsterinsights_skip_tracking":false,"_monsterinsights_sitenote_active":false,"_monsterinsights_sitenote_note":"","_monsterinsights_sitenote_category":0},"product_brand":[],"product_cat":[1584,1186,972,1240,1279],"product_tag":[],"class_list":{"0":"post-7760","1":"product","2":"type-product","3":"status-publish","4":"has-post-thumbnail","6":"product_cat-komputery-jednoplytkowe-sbc-2","7":"product_cat-komputery-przemyslowe","8":"product_cat-portwell-pl","9":"product_cat-przemyslowa-plyta-montazowa","10":"product_cat-przemyslowa-plyta-montazowa-picmg-10-pl","12":"first","13":"instock","14":"shipping-taxable","15":"product-type-simple"},"acf":[],"_links":{"self":[{"href":"https:\/\/quantum.com.pl\/pl\/wp-json\/wp\/v2\/product\/7760","targetHints":{"allow":["GET"]}}],"collection":[{"href":"https:\/\/quantum.com.pl\/pl\/wp-json\/wp\/v2\/product"}],"about":[{"href":"https:\/\/quantum.com.pl\/pl\/wp-json\/wp\/v2\/types\/product"}],"wp:featuredmedia":[{"embeddable":true,"href":"https:\/\/quantum.com.pl\/pl\/wp-json\/wp\/v2\/media\/11286"}],"wp:attachment":[{"href":"https:\/\/quantum.com.pl\/pl\/wp-json\/wp\/v2\/media?parent=7760"}],"wp:term":[{"taxonomy":"product_brand","embeddable":true,"href":"https:\/\/quantum.com.pl\/pl\/wp-json\/wp\/v2\/product_brand?post=7760"},{"taxonomy":"product_cat","embeddable":true,"href":"https:\/\/quantum.com.pl\/pl\/wp-json\/wp\/v2\/product_cat?post=7760"},{"taxonomy":"product_tag","embeddable":true,"href":"https:\/\/quantum.com.pl\/pl\/wp-json\/wp\/v2\/product_tag?post=7760"}],"curies":[{"name":"wp","href":"https:\/\/api.w.org\/{rel}","templated":true}]}}