{"id":7777,"date":"2019-12-28T15:10:49","date_gmt":"2019-12-28T14:10:49","guid":{"rendered":"https:\/\/quantum.com.pl\/?post_type=product&#038;p=7777"},"modified":"2020-11-20T10:22:06","modified_gmt":"2020-11-20T09:22:06","slug":"gadiwa-3161","status":"publish","type":"product","link":"https:\/\/quantum.com.pl\/pl\/product\/gadiwa-3161\/","title":{"rendered":"GADIWA-3161"},"content":{"rendered":"<h4>Zasilacz przemys\u0142owy 160W DC\/DC<\/h4>\n<p>&nbsp;<\/p>\n<p>160W DC\/DC 9V~29V\/ szerokie wej\u015bcie, 6V~9V sprawne z obni\u017caniem warto\u015bci 160W ATX\/ wyj\u015bcie, konwerter &#8222;Board Type&#8221;<\/p>\n<h4>Cechy szczeg\u00f3lne:<\/h4>\n<ul>\n<li>9~29V \/ szerokie wej\u015bcie (po\u0142\u0105czenie z\u0142\u0105cza ATX z wyj\u015bciem p\u0142ytki)<\/li>\n<li>Kompaktowa i przyjazna dla u\u017cytkownika konstrukcja do instalacji i konserwacji<\/li>\n<li>Konstrukcja typu &#8222;fanless&#8221; do zastosowa\u0144 wymagaj\u0105cych zastosowa\u0144<\/li>\n<li>Ma\u0142y rozmiar dla systemu 1U lub wy\u017cszego, aby zaoszcz\u0119dzi\u0107 miejsce<\/li>\n<\/ul>\n","protected":false},"excerpt":{"rendered":"<p>160W DC\/DC 9V~29V\/ szerokie wej\u015bcie, 6V~9V sprawne z obni\u017caniem warto\u015bci 160W ATX\/ wyj\u015bcie, konwerter &#8222;Board Type&#8221;<\/p>\n","protected":false},"featured_media":11496,"template":"","meta":{"_acf_changed":false,"inline_featured_image":false,"_monsterinsights_skip_tracking":false,"_monsterinsights_sitenote_active":false,"_monsterinsights_sitenote_note":"","_monsterinsights_sitenote_category":0},"product_brand":[],"product_cat":[972,1316,1320],"product_tag":[],"class_list":{"0":"post-7777","1":"product","2":"type-product","3":"status-publish","4":"has-post-thumbnail","6":"product_cat-portwell-pl","7":"product_cat-zasilacze-przemyslowe-pl","8":"product_cat-plyty-serii-gadiwa-pl","10":"first","11":"instock","12":"shipping-taxable","13":"product-type-simple"},"acf":[],"_links":{"self":[{"href":"https:\/\/quantum.com.pl\/pl\/wp-json\/wp\/v2\/product\/7777","targetHints":{"allow":["GET"]}}],"collection":[{"href":"https:\/\/quantum.com.pl\/pl\/wp-json\/wp\/v2\/product"}],"about":[{"href":"https:\/\/quantum.com.pl\/pl\/wp-json\/wp\/v2\/types\/product"}],"wp:featuredmedia":[{"embeddable":true,"href":"https:\/\/quantum.com.pl\/pl\/wp-json\/wp\/v2\/media\/11496"}],"wp:attachment":[{"href":"https:\/\/quantum.com.pl\/pl\/wp-json\/wp\/v2\/media?parent=7777"}],"wp:term":[{"taxonomy":"product_brand","embeddable":true,"href":"https:\/\/quantum.com.pl\/pl\/wp-json\/wp\/v2\/product_brand?post=7777"},{"taxonomy":"product_cat","embeddable":true,"href":"https:\/\/quantum.com.pl\/pl\/wp-json\/wp\/v2\/product_cat?post=7777"},{"taxonomy":"product_tag","embeddable":true,"href":"https:\/\/quantum.com.pl\/pl\/wp-json\/wp\/v2\/product_tag?post=7777"}],"curies":[{"name":"wp","href":"https:\/\/api.w.org\/{rel}","templated":true}]}}