{"id":7793,"date":"2019-12-28T15:28:34","date_gmt":"2019-12-28T14:28:34","guid":{"rendered":"https:\/\/quantum.com.pl\/?post_type=product&#038;p=7793"},"modified":"2020-05-20T21:38:51","modified_gmt":"2020-05-20T19:38:51","slug":"gadiwa-r9271","status":"publish","type":"product","link":"https:\/\/quantum.com.pl\/pl\/product\/gadiwa-r9271\/","title":{"rendered":"GADIWA-R9271"},"content":{"rendered":"<p>DC\/DC 9V do 27V\/ szeroki zakres wej\u015bciowy, 12V\/ wyj\u015bciowy regulator<\/p>\n<h4>Cechy szczeg\u00f3lne:<\/h4>\n<ul>\n<li>Niskie ciep\u0142o<\/li>\n<li>Ma\u0142y rozmiar, aby zaoszcz\u0119dzi\u0107 miejsce<\/li>\n<li>Pod\u0142\u0105czenie bezpo\u015brednio do z\u0142\u0105cza ATX<\/li>\n<li>Nadaje si\u0119 do parostatku, samochodu, ci\u0119\u017car\u00f3wki czy \u0142odzi<\/li>\n<li>Specjalna konstrukcja dla Car PC<\/li>\n<li>Konstrukcja Delay-time<\/li>\n<\/ul>\n","protected":false},"excerpt":{"rendered":"<p>DC\/DC 9V do 27V\/ szeroki zakres wej\u015bciowy, 12V\/ wyj\u015bciowy regulator<\/p>\n","protected":false},"featured_media":11504,"template":"","meta":{"_acf_changed":false,"inline_featured_image":false,"_monsterinsights_skip_tracking":false,"_monsterinsights_sitenote_active":false,"_monsterinsights_sitenote_note":"","_monsterinsights_sitenote_category":0},"product_brand":[],"product_cat":[972,1316,1320],"product_tag":[],"class_list":{"0":"post-7793","1":"product","2":"type-product","3":"status-publish","4":"has-post-thumbnail","6":"product_cat-portwell-pl","7":"product_cat-zasilacze-przemyslowe-pl","8":"product_cat-plyty-serii-gadiwa-pl","10":"first","11":"instock","12":"shipping-taxable","13":"product-type-simple"},"acf":[],"_links":{"self":[{"href":"https:\/\/quantum.com.pl\/pl\/wp-json\/wp\/v2\/product\/7793","targetHints":{"allow":["GET"]}}],"collection":[{"href":"https:\/\/quantum.com.pl\/pl\/wp-json\/wp\/v2\/product"}],"about":[{"href":"https:\/\/quantum.com.pl\/pl\/wp-json\/wp\/v2\/types\/product"}],"wp:featuredmedia":[{"embeddable":true,"href":"https:\/\/quantum.com.pl\/pl\/wp-json\/wp\/v2\/media\/11504"}],"wp:attachment":[{"href":"https:\/\/quantum.com.pl\/pl\/wp-json\/wp\/v2\/media?parent=7793"}],"wp:term":[{"taxonomy":"product_brand","embeddable":true,"href":"https:\/\/quantum.com.pl\/pl\/wp-json\/wp\/v2\/product_brand?post=7793"},{"taxonomy":"product_cat","embeddable":true,"href":"https:\/\/quantum.com.pl\/pl\/wp-json\/wp\/v2\/product_cat?post=7793"},{"taxonomy":"product_tag","embeddable":true,"href":"https:\/\/quantum.com.pl\/pl\/wp-json\/wp\/v2\/product_tag?post=7793"}],"curies":[{"name":"wp","href":"https:\/\/api.w.org\/{rel}","templated":true}]}}