{"id":7804,"date":"2019-12-28T15:34:48","date_gmt":"2019-12-28T14:34:48","guid":{"rendered":"https:\/\/quantum.com.pl\/?post_type=product&#038;p=7804"},"modified":"2020-05-20T21:37:48","modified_gmt":"2020-05-20T19:37:48","slug":"gadiwa-p0901","status":"publish","type":"product","link":"https:\/\/quantum.com.pl\/pl\/product\/gadiwa-p0901\/","title":{"rendered":"GADIWA-P0901"},"content":{"rendered":"<h4>Zasilacz 90W DC\/DC, ATX<\/h4>\n<p>&nbsp;<\/p>\n<p>Zasilacz 90W DC\/DC (12V\/wej\u015bcie, ATX\/wyj\u015bcie), typ kabla<\/p>\n<h4>Cechy szczeg\u00f3lne:<\/h4>\n<ul>\n<li>Praca 12V<\/li>\n<li>Dla systemu 1U lub wy\u017cszego<\/li>\n<li>Konstrukcja typu &#8222;fanless&#8221;<\/li>\n<li>Pod\u0142\u0105czenie do z\u0142\u0105cza ATX za pomoc\u0105 kabla<\/li>\n<\/ul>\n","protected":false},"excerpt":{"rendered":"<p>Zasilacz 90W DC\/DC (12V\/wej\u015bcie, ATX\/wyj\u015bcie), typ kabla<\/p>\n","protected":false},"featured_media":11498,"template":"","meta":{"_acf_changed":false,"inline_featured_image":false,"_monsterinsights_skip_tracking":false,"_monsterinsights_sitenote_active":false,"_monsterinsights_sitenote_note":"","_monsterinsights_sitenote_category":0},"product_brand":[],"product_cat":[972,1316,1320],"product_tag":[],"class_list":{"0":"post-7804","1":"product","2":"type-product","3":"status-publish","4":"has-post-thumbnail","6":"product_cat-portwell-pl","7":"product_cat-zasilacze-przemyslowe-pl","8":"product_cat-plyty-serii-gadiwa-pl","10":"first","11":"instock","12":"shipping-taxable","13":"product-type-simple"},"acf":[],"_links":{"self":[{"href":"https:\/\/quantum.com.pl\/pl\/wp-json\/wp\/v2\/product\/7804","targetHints":{"allow":["GET"]}}],"collection":[{"href":"https:\/\/quantum.com.pl\/pl\/wp-json\/wp\/v2\/product"}],"about":[{"href":"https:\/\/quantum.com.pl\/pl\/wp-json\/wp\/v2\/types\/product"}],"wp:featuredmedia":[{"embeddable":true,"href":"https:\/\/quantum.com.pl\/pl\/wp-json\/wp\/v2\/media\/11498"}],"wp:attachment":[{"href":"https:\/\/quantum.com.pl\/pl\/wp-json\/wp\/v2\/media?parent=7804"}],"wp:term":[{"taxonomy":"product_brand","embeddable":true,"href":"https:\/\/quantum.com.pl\/pl\/wp-json\/wp\/v2\/product_brand?post=7804"},{"taxonomy":"product_cat","embeddable":true,"href":"https:\/\/quantum.com.pl\/pl\/wp-json\/wp\/v2\/product_cat?post=7804"},{"taxonomy":"product_tag","embeddable":true,"href":"https:\/\/quantum.com.pl\/pl\/wp-json\/wp\/v2\/product_tag?post=7804"}],"curies":[{"name":"wp","href":"https:\/\/api.w.org\/{rel}","templated":true}]}}