{"id":7816,"date":"2019-12-28T16:01:50","date_gmt":"2019-12-28T15:01:50","guid":{"rendered":"https:\/\/quantum.com.pl\/?post_type=product&#038;p=7816"},"modified":"2020-05-20T21:42:14","modified_gmt":"2020-05-20T19:42:14","slug":"pluto-d3501pj","status":"publish","type":"product","link":"https:\/\/quantum.com.pl\/pl\/product\/pluto-d3501pj\/","title":{"rendered":"PLUTO-D3501PJ"},"content":{"rendered":"<h4>Zasilacz przemys\u0142owy 350W PS\/2 ATX<\/h4>\n<p>&nbsp;<\/p>\n<p>Wi\u0119kszo\u015b\u0107 PS\/2 ATX w aplikacjach IPC jest przeznaczona dla stacji serwerowej lub systemu komunikacji; W tych \u015brodowiskach ciep\u0142o jest g\u0142\u00f3wn\u0105 przyczyn\u0105 obni\u017cenia mocy wyj\u015bciowej. PLUTO-D3501PJ pozostaje przy 80% obni\u017cenia mocy wyj\u015bciowej przy 50\u00b0C, co pozwala ca\u0142emu systemowi pracowa\u0107 w \u015brodowisku o wysokiej temperaturze.<\/p>\n<p>Ponadto, dla r\u00f3\u017cnych wymaga\u0144, PLUTO-D3501PJ zapewnia podw\u00f3jne wyj\u015bcie + 12V dla r\u00f3\u017cnych urz\u0105dze\u0144. Produkt ten ma konstrukcj\u0119 podw\u00f3jnego konwertera oraz wysokiej jako\u015bci japo\u0144ski kondensator RUBYCON, dzi\u0119ki czemu wykazuje wysok\u0105 wydajno\u015b\u0107, co potwierdza test wypalania w 50\u00b0C, 12 godzin przy 100% obci\u0105\u017ceniu.<\/p>\n<p>PLUTO-D3501PJ posiada certyfikat 80PLUS, kt\u00f3ry pomaga zmniejszy\u0107 zu\u017cycie energii, a tym samym obni\u017cy\u0107 koszty energii elektrycznej.<\/p>\n<h4>Cechy szczeg\u00f3lne:<\/h4>\n<ul>\n<li>Zgodny ze standardem ATX 12V V2.3<\/li>\n<li>Konstrukcja podw\u00f3jnego konwertera<\/li>\n<li>Active PFC (korekcja wsp\u00f3\u0142czynnika mocy)&gt; 0,99<\/li>\n<li>Podw\u00f3jnie niezale\u017cne wyj\u015bcie +12V<\/li>\n<li>Wydajno\u015b\u0107 energetyczna: 25\u00b0C i 50\u00b0C mog\u0105 osi\u0105gn\u0105\u0107 minimaln\u0105 wydajno\u015b\u0107 80% dla wszystkich warunk\u00f3w obci\u0105\u017cenia przy 20%, 50% i 100%<\/li>\n<li>Up\u0142yw pr\u0105du: mniej ni\u017c 3.5 mA-rms przy 264Vac, 60 Hz<\/li>\n<li>Kondensator wyprodukowany w Japonii (RUBYCON)<\/li>\n<li>Sterowanie wentylatorem (wewn\u0119trzny wentylator 80 mm)<\/li>\n<li>Zdalne sterowanie on\/off<\/li>\n<li>Czas podtrzymania w 16ms<\/li>\n<li>Power Good Signal: Kompatybilny z TTL przy op\u00f3\u017anieniu 100ms do 500ms<\/li>\n<\/ul>\n<h4>Specyfikacja:<\/h4>\n\n<table id=\"tablepress-403\" class=\"tablepress tablepress-id-403\">\n<thead>\n<tr class=\"row-1\">\n\t<th class=\"column-1\">Input Voltage<\/th><th class=\"column-2\">90V ~ 264V AC, full range\t<\/th>\n<\/tr>\n<\/thead>\n<tbody class=\"row-striping row-hover\">\n<tr class=\"row-2\">\n\t<td class=\"column-1\">Input Current<\/td><td class=\"column-2\">9A@115V, 5A@230V<br \/>\n<\/td>\n<\/tr>\n<tr class=\"row-3\">\n\t<td class=\"column-1\">Input Frequency<\/td><td class=\"column-2\">47 ~ 63 Hz<br \/>\n<\/td>\n<\/tr>\n<tr class=\"row-4\">\n\t<td class=\"column-1\">Efficiency<\/td><td class=\"column-2\">> 65%<br \/>\n<\/td>\n<\/tr>\n<tr class=\"row-5\">\n\t<td class=\"column-1\">Holdup Time<\/td><td class=\"column-2\">20 ms. at full load<br \/>\n<\/td>\n<\/tr>\n<tr class=\"row-6\">\n\t<td class=\"column-1\">Over Voltage Protection<\/td><td class=\"column-2\">+5V 5.6 ~ 6.5V; +3.3V 3.8 ~ 4.3V; +12V 13.6 ~ 15.6V<br \/>\n<\/td>\n<\/tr>\n<tr class=\"row-7\">\n\t<td class=\"column-1\">Certificates<\/td><td class=\"column-2\">UL, TUV<br \/>\n<\/td>\n<\/tr>\n<tr class=\"row-8\">\n\t<td class=\"column-1\">MTBF<\/td><td class=\"column-2\">100,000 hrs<br \/>\n<\/td>\n<\/tr>\n<tr class=\"row-9\">\n\t<td class=\"column-1\">Operating Temperature<\/td><td class=\"column-2\">0oC ~ 40oC, 20% ~ 90%RH<br \/>\n<\/td>\n<\/tr>\n<tr class=\"row-10\">\n\t<td class=\"column-1\">Storage Temperature<\/td><td class=\"column-2\">-20oC ~ 60oC, 5% ~ 95%RH<br \/>\n<\/td>\n<\/tr>\n<tr class=\"row-11\">\n\t<td class=\"column-1\">Dimensions<\/td><td class=\"column-2\">150 x 190 x 85 mm<br \/>\n<\/td>\n<\/tr>\n<\/tbody>\n<\/table>\n<!-- #tablepress-403 from cache -->\n","protected":false},"excerpt":{"rendered":"<p>Zasilacz 350W PS\/2 ATX z kondensatorem Active PFC Japan 80 PLUS oraz SCP, OCP, OPP<\/p>\n","protected":false},"featured_media":11520,"template":"","meta":{"_acf_changed":false,"inline_featured_image":false,"_monsterinsights_skip_tracking":false,"_monsterinsights_sitenote_active":false,"_monsterinsights_sitenote_note":"","_monsterinsights_sitenote_category":0},"product_brand":[],"product_cat":[972,1316,1323],"product_tag":[],"class_list":{"0":"post-7816","1":"product","2":"type-product","3":"status-publish","4":"has-post-thumbnail","6":"product_cat-portwell-pl","7":"product_cat-zasilacze-przemyslowe-pl","8":"product_cat-zasilacze-przemyslowe-ps2-pl","10":"first","11":"instock","12":"shipping-taxable","13":"product-type-simple"},"acf":[],"_links":{"self":[{"href":"https:\/\/quantum.com.pl\/pl\/wp-json\/wp\/v2\/product\/7816","targetHints":{"allow":["GET"]}}],"collection":[{"href":"https:\/\/quantum.com.pl\/pl\/wp-json\/wp\/v2\/product"}],"about":[{"href":"https:\/\/quantum.com.pl\/pl\/wp-json\/wp\/v2\/types\/product"}],"wp:featuredmedia":[{"embeddable":true,"href":"https:\/\/quantum.com.pl\/pl\/wp-json\/wp\/v2\/media\/11520"}],"wp:attachment":[{"href":"https:\/\/quantum.com.pl\/pl\/wp-json\/wp\/v2\/media?parent=7816"}],"wp:term":[{"taxonomy":"product_brand","embeddable":true,"href":"https:\/\/quantum.com.pl\/pl\/wp-json\/wp\/v2\/product_brand?post=7816"},{"taxonomy":"product_cat","embeddable":true,"href":"https:\/\/quantum.com.pl\/pl\/wp-json\/wp\/v2\/product_cat?post=7816"},{"taxonomy":"product_tag","embeddable":true,"href":"https:\/\/quantum.com.pl\/pl\/wp-json\/wp\/v2\/product_tag?post=7816"}],"curies":[{"name":"wp","href":"https:\/\/api.w.org\/{rel}","templated":true}]}}